{"id":2067,"date":"2016-04-07T07:42:39","date_gmt":"2016-04-07T07:42:39","guid":{"rendered":"http:\/\/motors-demo.loc\/dealer_two\/?page_id=2067"},"modified":"2025-10-19T12:54:02","modified_gmt":"2025-10-19T12:54:02","slug":"\u0645\u0646-\u0646\u062d\u0646","status":"publish","type":"page","link":"https:\/\/carmax.ma\/ar\/\u0645\u0646-\u0646\u062d\u0646\/","title":{"rendered":"\u0645\u0646 \u0646\u062d\u0646"},"content":{"rendered":"<div data-elementor-type=\"wp-page\" data-elementor-id=\"2067\" class=\"elementor elementor-2067\" data-elementor-settings=\"{&quot;element_pack_global_tooltip_width&quot;:{&quot;unit&quot;:&quot;px&quot;,&quot;size&quot;:&quot;&quot;,&quot;sizes&quot;:[]},&quot;element_pack_global_tooltip_width_tablet&quot;:{&quot;unit&quot;:&quot;px&quot;,&quot;size&quot;:&quot;&quot;,&quot;sizes&quot;:[]},&quot;element_pack_global_tooltip_width_mobile&quot;:{&quot;unit&quot;:&quot;px&quot;,&quot;size&quot;:&quot;&quot;,&quot;sizes&quot;:[]},&quot;element_pack_global_tooltip_padding&quot;:{&quot;unit&quot;:&quot;px&quot;,&quot;top&quot;:&quot;&quot;,&quot;right&quot;:&quot;&quot;,&quot;bottom&quot;:&quot;&quot;,&quot;left&quot;:&quot;&quot;,&quot;isLinked&quot;:true},&quot;element_pack_global_tooltip_padding_tablet&quot;:{&quot;unit&quot;:&quot;px&quot;,&quot;top&quot;:&quot;&quot;,&quot;right&quot;:&quot;&quot;,&quot;bottom&quot;:&quot;&quot;,&quot;left&quot;:&quot;&quot;,&quot;isLinked&quot;:true},&quot;element_pack_global_tooltip_padding_mobile&quot;:{&quot;unit&quot;:&quot;px&quot;,&quot;top&quot;:&quot;&quot;,&quot;right&quot;:&quot;&quot;,&quot;bottom&quot;:&quot;&quot;,&quot;left&quot;:&quot;&quot;,&quot;isLinked&quot;:true},&quot;element_pack_global_tooltip_border_radius&quot;:{&quot;unit&quot;:&quot;px&quot;,&quot;top&quot;:&quot;&quot;,&quot;right&quot;:&quot;&quot;,&quot;bottom&quot;:&quot;&quot;,&quot;left&quot;:&quot;&quot;,&quot;isLinked&quot;:true},&quot;element_pack_global_tooltip_border_radius_tablet&quot;:{&quot;unit&quot;:&quot;px&quot;,&quot;top&quot;:&quot;&quot;,&quot;right&quot;:&quot;&quot;,&quot;bottom&quot;:&quot;&quot;,&quot;left&quot;:&quot;&quot;,&quot;isLinked&quot;:true},&quot;element_pack_global_tooltip_border_radius_mobile&quot;:{&quot;unit&quot;:&quot;px&quot;,&quot;top&quot;:&quot;&quot;,&quot;right&quot;:&quot;&quot;,&quot;bottom&quot;:&quot;&quot;,&quot;left&quot;:&quot;&quot;,&quot;isLinked&quot;:true}}\">\n\t\t\t\t\t\t<section class=\"elementor-section elementor-top-section elementor-element elementor-element-4fd4f1d elementor-section-boxed elementor-section-height-default elementor-section-height-default\" data-id=\"4fd4f1d\" data-element_type=\"section\">\n\t\t\t\t\t\t<div class=\"elementor-container elementor-column-gap-default\">\n\t\t\t\t\t<div class=\"elementor-column elementor-col-50 elementor-top-column elementor-element elementor-element-4fc0b1f\" data-id=\"4fc0b1f\" data-element_type=\"column\">\n\t\t\t<div class=\"elementor-widget-wrap elementor-element-populated\">\n\t\t\t\t\t\t<div class=\"elementor-element elementor-element-2ad78c5 elementor-widget elementor-widget-image\" data-id=\"2ad78c5\" data-element_type=\"widget\" data-widget_type=\"image.default\">\n\t\t\t\t\t\t\t\t\t\t\t\t\t\t\t<img decoding=\"async\" src=\"https:\/\/motors.stylemixstage.com\/elementor-dealer-one\/wp-content\/uploads\/sites\/27\/2015\/10\/about-us-1.jpg\" title=\"\" alt=\"\" loading=\"lazy\" \/>\t\t\t\t\t\t\t\t\t\t\t\t\t\t\t<\/div>\n\t\t\t\t\t<\/div>\n\t\t<\/div>\n\t\t\t\t<div class=\"elementor-column elementor-col-50 elementor-top-column elementor-element elementor-element-14f77ae\" data-id=\"14f77ae\" data-element_type=\"column\">\n\t\t\t<div class=\"elementor-widget-wrap elementor-element-populated\">\n\t\t\t\t\t\t<div class=\"elementor-element elementor-element-f5f5579 elementor-widget elementor-widget-text-editor\" data-id=\"f5f5579\" data-element_type=\"widget\" data-widget_type=\"text-editor.default\">\n\t\t\t\t\t\t\t\t\t<h3>\u0644\u0645\u0627\u0630\u0627 \u062a\u062e\u062a\u0627\u0631 <span style=\"color: #ffb129;\">\u0643\u0627\u0631\u0645\u0627\u0643\u0633<\/span> ?<\/h3><h5 style=\"margin-bottom: 22px;\">\u0643\u062a\u0627\u0644\u0648\u062c \u0636\u062e\u0645: \u0633\u0648\u0627\u0621 \u0643\u0646\u062a \u062a\u0628\u062d\u062b \u0639\u0646 \u0633\u064a\u0627\u0631\u0629 \u0627\u0642\u062a\u0635\u0627\u062f\u064a\u0629 \u0641\u064a \u0627\u0644\u0645\u062f\u064a\u0646\u0629 \u0623\u0648 \u0633\u064a\u0627\u0631\u0629 \u0635\u0627\u0644\u0648\u0646 \u0641\u0627\u062e\u0631\u0629 \u0623\u0648 \u0633\u064a\u0627\u0631\u0629 \u062f\u0641\u0639 \u0631\u0628\u0627\u0639\u064a \u0639\u0627\u0626\u0644\u064a\u0629\u060c \u0627\u0633\u062a\u0643\u0634\u0641 \u0622\u0644\u0627\u0641 \u0627\u0644\u0625\u0639\u0644\u0627\u0646\u0627\u062a \u0644\u0623\u0646\u0648\u0627\u0639 \u0645\u062e\u062a\u0644\u0641\u0629 \u0645\u0646 \u0627\u0644\u0633\u064a\u0627\u0631\u0627\u062a \u0641\u064a \u0645\u0643\u0627\u0646 \u0648\u0627\u062d\u062f.<\/h5><p style=\"margin-bottom: 26px;\">\u0623\u0641\u0636\u0644 \u0627\u0644\u0639\u0631\u0648\u0636 \u0639\u0628\u0631 \u0627\u0644\u0625\u0646\u062a\u0631\u0646\u062a: \u062a\u0635\u0641\u062d \u0648\u0642\u0627\u0631\u0646 \u0628\u064a\u0646 \u0627\u0644\u0639\u0631\u0648\u0636 \u0627\u0644\u0645\u0642\u062f\u0645\u0629 \u0645\u0646 \u0628\u0627\u0626\u0639\u064a\u0646 \u0645\u0639\u062a\u0645\u062f\u064a\u0646 \u0648\u062a\u062c\u0627\u0631 \u0645\u0648\u062b\u0648\u0642\u064a\u0646\u060c \u0645\u0645\u0627 \u064a\u0636\u0645\u0646 \u0644\u0643 \u0623\u0633\u0639\u0627\u0631\u0627\u064b \u062a\u0646\u0627\u0641\u0633\u064a\u0629 \u0648\u0634\u0641\u0627\u0641\u064a\u0629 \u062a\u0627\u0645\u0629.<\/p><p>\u0627\u0644\u062a\u063a\u0637\u064a\u0629 \u0627\u0644\u0648\u0637\u0646\u064a\u0629: \u0623\u064a\u0646\u0645\u0627 \u0643\u0646\u062a\u060c \u0627\u0639\u062b\u0631 \u0639\u0644\u0649 \u0633\u064a\u0627\u0631\u0629 \u0623\u062d\u0644\u0627\u0645\u0643 \u0623\u064a\u0646\u0645\u0627 \u0643\u0646\u062a. \u062a\u063a\u0637\u064a \u0634\u0628\u0643\u062a\u0646\u0627 \u062c\u0645\u064a\u0639 \u0627\u0644\u0645\u062f\u0646 \u0627\u0644\u0631\u0626\u064a\u0633\u064a\u0629 \u0641\u064a \u0627\u0644\u0645\u0645\u0644\u0643\u0629:<br \/>\u0633\u0648\u0627\u0621\u064b \u0643\u0646\u062a \u0641\u064a \u0627\u0644\u0631\u0628\u0627\u0637\u060c \u0623\u0648 \u0627\u0644\u062f\u0627\u0631 \u0627\u0644\u0628\u064a\u0636\u0627\u0621\u060c \u0623\u0648 \u0637\u0646\u062c\u0629\u060c \u0623\u0648 \u0645\u0631\u0627\u0643\u0634\u060c \u0641\u0625\u0646 \u0623\u0641\u0636\u0644 \u0627\u0644\u0639\u0631\u0648\u0636 \u0639\u0644\u0649 \u0628\u064f\u0639\u062f \u0646\u0642\u0631\u0629 \u0648\u0627\u062d\u062f\u0629.<\/p>\t\t\t\t\t\t\t\t<\/div>\n\t\t\t\t\t<\/div>\n\t\t<\/div>\n\t\t\t\t\t<\/div>\n\t\t<\/section>\n\t\t\t\t<section class=\"elementor-section elementor-top-section elementor-element elementor-element-7ddb0c1 elementor-section-boxed elementor-section-height-default elementor-section-height-default\" data-id=\"7ddb0c1\" data-element_type=\"section\">\n\t\t\t\t\t\t<div class=\"elementor-container elementor-column-gap-default\">\n\t\t\t\t\t<div class=\"elementor-column elementor-col-50 elementor-top-column elementor-element elementor-element-140449d\" data-id=\"140449d\" data-element_type=\"column\">\n\t\t\t<div class=\"elementor-widget-wrap elementor-element-populated\">\n\t\t\t\t\t\t<div class=\"elementor-element elementor-element-7a1f682 elementor-widget elementor-widget-text-editor\" data-id=\"7a1f682\" data-element_type=\"widget\" data-widget_type=\"text-editor.default\">\n\t\t\t\t\t\t\t\t\t<h3>\u0631\u0624\u064a\u062a\u0646\u0627: \u0627\u0644\u062a\u0645\u064a\u0651\u0632 \u0641\u064a \u0645\u062c\u0627\u0644 \u0627\u0644\u0633\u064a\u0627\u0631\u0627\u062a\u060c \u0628\u0634\u0643\u0644 \u0645\u0628\u0633\u0651\u0637.<\/h3><hr \/><p>\u0646\u062d\u0646 \u0646\u0624\u0645\u0646 \u0628\u0623\u0646 \u0634\u0631\u0627\u0621 \u0633\u064a\u0627\u0631\u0629\u060c \u0633\u0648\u0627\u0621 \u0643\u0627\u0646\u062a \u062c\u062f\u064a\u062f\u0629 \u0623\u0648 \u0645\u0633\u062a\u0639\u0645\u0644\u0629 \u0645\u0639\u062a\u0645\u062f\u0629\u060c \u064a\u062c\u0628 \u0623\u0646 \u064a\u0643\u0648\u0646 \u0644\u062d\u0638\u0629 \u0645\u0646 \u0627\u0644\u0645\u062a\u0639\u0629 \u0648\u0644\u064a\u0633 \u0627\u0644\u062a\u0648\u062a\u0631.<br \/>\u0648\u0644\u0647\u0630\u0627 \u0627\u0644\u0633\u0628\u0628 \u0627\u0639\u062a\u0645\u062f\u0646\u0627 \u0646\u0647\u062c\u0627\u064b \u0630\u0627 \u0634\u0642\u064a\u0646: \u0627\u0644\u0627\u062e\u062a\u064a\u0627\u0631 \u0648\u0627\u0644\u062b\u0642\u0629.<\/p><ul><li><p><b>\u0627\u0644\u062e\u064a\u0627\u0631 \u0627\u0644\u0630\u064a \u0644\u0627 \u064a\u064f\u0636\u0627\u0647\u0649 :<\/b> CarMax.ma \u0647\u0648 \u0623\u0643\u062b\u0631 \u0645\u0646 \u0645\u062c\u0631\u062f \u0645\u0648\u0642\u0639 \u0625\u0639\u0644\u0627\u0646\u064a. \u0646\u062d\u0646 \u0639\u0628\u0627\u0631\u0629 \u0639\u0646 \u0645\u0639\u0631\u0636 \u0631\u0642\u0645\u064a \u064a\u062c\u0645\u0639 \u0628\u064a\u0646 <b>\u0634\u0628\u0643\u0629 \u0648\u0627\u0633\u0639\u0629 \u0645\u0646 \u0627\u0644\u0648\u0643\u0644\u0627\u0621 \u0627\u0644\u0634\u0631\u0643\u0627\u0621<\/b> \u0627\u0644\u0634\u0647\u0631\u0629 <br \/>\u062a\u062a\u064a\u062d \u0644\u0646\u0627 \u0647\u0630\u0647 \u0627\u0644\u0634\u0631\u0627\u0643\u0629 \u0623\u0646 \u0646\u0642\u062f\u0645 \u0644\u0643 \u0623\u0648\u0633\u0639 \u0643\u062a\u0627\u0644\u0648\u062c\u060c \u064a\u063a\u0637\u064a \u062c\u0645\u064a\u0639 \u0645\u0648\u062f\u064a\u0644\u0627\u062a \u0627\u0644\u0633\u064a\u0627\u0631\u0627\u062a \u0648\u0623\u0646\u0648\u0627\u0639\u0647\u0627 - \u0645\u0646 \u0633\u064a\u0627\u0631\u0627\u062a \u0627\u0644\u0645\u062f\u064a\u0646\u0629 \u0625\u0644\u0649 \u0633\u064a\u0627\u0631\u0627\u062a \u0627\u0644\u062f\u0641\u0639 \u0627\u0644\u0631\u0628\u0627\u0639\u064a\u060c \u0648\u0633\u064a\u0627\u0631\u0627\u062a \u0627\u0644\u0635\u0627\u0644\u0648\u0646 \u0627\u0644\u0641\u0627\u062e\u0631\u0629 \u0625\u0644\u0649 \u0627\u0644\u0633\u064a\u0627\u0631\u0627\u062a \u0627\u0644\u062a\u062c\u0627\u0631\u064a\u0629.<\/p><\/li><li><p><b>\u0627\u0644\u062b\u0642\u0629 \u0648\u0627\u0644\u0642\u0631\u0628:<\/b> \u064a\u062a\u0645 \u0627\u062e\u062a\u064a\u0627\u0631 \u0643\u0644 \u0648\u0643\u064a\u0644 \u0639\u0644\u0649 \u0645\u0646\u0635\u062a\u0646\u0627 \u0628\u0639\u0646\u0627\u064a\u0629 \u0641\u0627\u0626\u0642\u0629 \u0644\u0627\u0644\u062a\u0632\u0627\u0645\u0647 \u0628\u0627\u0644\u062c\u0648\u062f\u0629 \u0648\u062e\u062f\u0645\u0629 \u0627\u0644\u0639\u0645\u0644\u0627\u0621. <br \/>\u0645\u0646 <b>\u0627\u0644\u0631\u0628\u0627\u0637<\/b> \u00e0 <b>\u0645\u0631\u0627\u0643\u0634<\/b>\u0639\u0646 \u0637\u0631\u064a\u0642 <b>\u0643\u0627\u0632\u0627\u0628\u0644\u0627\u0646\u0643\u0627<\/b> \u0648 <b>\u0637\u0646\u062c\u0629<\/b>\u0646\u062d\u0646 \u0646\u0646\u0633\u062c \u0634\u0628\u0643\u0629 \u0645\u0646 \u0627\u0644\u0634\u0631\u0643\u0627\u0621 \u0627\u0644\u0645\u0648\u062b\u0648\u0642\u064a\u0646 \u0644\u0646\u0636\u0645\u0646 \u0644\u0643 \u0639\u0631\u0648\u0636\u0627\u064b \u0645\u062d\u0644\u064a\u0629 \u0648\u0634\u0641\u0627\u0641\u0629 \u0648\u0645\u0639\u062a\u0645\u062f\u0629.<\/p><\/li><\/ul><h4>\u0627\u0644\u062a\u0632\u0627\u0645\u0646\u0627 \u062a\u062c\u0627\u0647\u0643<\/h4><p>\u0628\u0627\u062e\u062a\u064a\u0627\u0631\u0643 \u0645\u0648\u0642\u0639 CarMax.ma\u060c \u0641\u0623\u0646\u062a \u062a\u062e\u062a\u0627\u0631 \u0623\u0643\u062b\u0631 \u0645\u0646 \u0645\u062c\u0631\u062f \u0635\u0641\u0642\u0629. <br \/>\u0623\u0646\u062a \u062a\u062e\u062a\u0627\u0631 \u0627\u0644\u062f\u0639\u0645 \u0627\u0644\u0634\u0627\u0645\u0644 \u0648\u0627\u0644\u062e\u0628\u0631\u0629 \u0627\u0644\u0645\u062d\u0644\u064a\u0629. <br \/>\u0646\u062d\u0646 \u0641\u062e\u0648\u0631\u0648\u0646 \u0628\u0645\u0633\u0627\u0647\u0645\u062a\u0646\u0627 \u0641\u064a \u0646\u0645\u0648 \u0642\u0637\u0627\u0639 \u0627\u0644\u0633\u064a\u0627\u0631\u0627\u062a \u0627\u0644\u0645\u063a\u0631\u0628\u064a \u0645\u0646 \u062e\u0644\u0627\u0644 \u062a\u0648\u0641\u064a\u0631 \u0645\u0646\u0635\u0629 \u062a\u0643\u0648\u0646 \u0641\u064a\u0647\u0627 \u062c\u0648\u062f\u0629 \u0627\u0644\u0633\u064a\u0627\u0631\u0629 \u0648\u0631\u0636\u0627 \u0627\u0644\u0639\u0645\u0644\u0627\u0621 \u0639\u0644\u0649 \u0631\u0623\u0633 \u0623\u0648\u0644\u0648\u064a\u0627\u062a\u0646\u0627.<\/p><p><b>\u0645\u0639 \u0645\u0648\u0642\u0639 CarMax.ma\u060c \u064a\u0645\u0643\u0646\u0643 \u0627\u0644\u062a\u0623\u0643\u062f \u0645\u0646 \u0627\u0644\u0639\u062b\u0648\u0631 \u0639\u0644\u0649 \u0633\u064a\u0627\u0631\u062a\u0643 \u0627\u0644\u062a\u0627\u0644\u064a\u0629 \u0623\u064a\u0646\u0645\u0627 \u0643\u0646\u062a \u0641\u064a \u0627\u0644\u0645\u063a\u0631\u0628.<\/b><\/p>\t\t\t\t\t\t\t\t<\/div>\n\t\t\t\t\t<\/div>\n\t\t<\/div>\n\t\t\t\t<div class=\"elementor-column elementor-col-50 elementor-top-column elementor-element elementor-element-075e6ed\" data-id=\"075e6ed\" data-element_type=\"column\">\n\t\t\t<div class=\"elementor-widget-wrap elementor-element-populated\">\n\t\t\t\t\t\t<div class=\"elementor-element elementor-element-a8d0c1a elementor-widget elementor-widget-image\" data-id=\"a8d0c1a\" data-element_type=\"widget\" data-widget_type=\"image.default\">\n\t\t\t\t\t\t\t\t\t\t\t\t\t\t\t<img decoding=\"async\" src=\"https:\/\/motors.stylemixstage.com\/elementor-dealer-one\/wp-content\/uploads\/sites\/27\/2015\/10\/about-us-2.jpg\" title=\"\" alt=\"\" loading=\"lazy\" \/>\t\t\t\t\t\t\t\t\t\t\t\t\t\t\t<\/div>\n\t\t\t\t\t<\/div>\n\t\t<\/div>\n\t\t\t\t\t<\/div>\n\t\t<\/section>\n\t\t\t\t<section class=\"elementor-section elementor-top-section elementor-element elementor-element-2adf9a0 elementor-section-full_width elementor-section-stretched elementor-section-height-default elementor-section-height-default\" data-id=\"2adf9a0\" data-element_type=\"section\" data-settings=\"{&quot;stretch_section&quot;:&quot;section-stretched&quot;,&quot;background_background&quot;:&quot;classic&quot;}\">\n\t\t\t\t\t\t<div class=\"elementor-container elementor-column-gap-default\">\n\t\t\t\t\t<div class=\"elementor-column elementor-col-100 elementor-top-column elementor-element elementor-element-6646619\" data-id=\"6646619\" data-element_type=\"column\">\n\t\t\t<div class=\"elementor-widget-wrap elementor-element-populated\">\n\t\t\t\t\t\t<section class=\"elementor-section elementor-inner-section elementor-element elementor-element-35e942f elementor-section-boxed elementor-section-height-default elementor-section-height-default\" data-id=\"35e942f\" data-element_type=\"section\">\n\t\t\t\t\t\t<div class=\"elementor-container elementor-column-gap-default\">\n\t\t\t\t\t<div class=\"elementor-column elementor-col-100 elementor-inner-column elementor-element elementor-element-cf533b3\" data-id=\"cf533b3\" data-element_type=\"column\">\n\t\t\t<div class=\"elementor-widget-wrap elementor-element-populated\">\n\t\t\t\t\t\t<div class=\"elementor-element elementor-element-fa01240 elementor-widget elementor-widget-heading\" data-id=\"fa01240\" data-element_type=\"widget\" data-widget_type=\"heading.default\">\n\t\t\t\t\t<h2 class=\"elementor-heading-title elementor-size-default\">\u0645\u0639\u0631\u0636 \u0627\u0644\u0648\u0633\u0627\u0626\u0637 \u0644\u062f\u064a\u0646\u0627<\/h2>\t\t\t\t<\/div>\n\t\t\t\t<div class=\"elementor-element elementor-element-ea7f7d8 elementor-widget elementor-widget-motors-image-carousel\" data-id=\"ea7f7d8\" data-element_type=\"widget\" data-widget_type=\"motors-image-carousel.default\">\n\t\t\t\t<div class=\"elementor-widget-container\">\n\t\t\t\t\t\t<div class=\"motors-elementor-widget stm_image_carousel swiper-container\" id=\"stm_image_carousel-34242\">\n\t\t<div class=\"swiper-wrapper\">\n\t\t\t\t\t\t\t\t<div class=\"swiper-slide\">\n\t\t\t\t\t\t\t\t\t\t\t\t\t<img decoding=\"async\" src=\"https:\/\/carmax.ma\/wp-content\/uploads\/2022\/09\/01-10-1-1-270x180.jpg\" alt=\"Gallery image\">\n\t\t\t\t\t\t\t\t\t\t\t<\/div>\n\t\t\t\t\t\t\t\t\t\t<div class=\"swiper-slide\">\n\t\t\t\t\t\t\t\t\t\t\t\t\t<img decoding=\"async\" src=\"https:\/\/carmax.ma\/wp-content\/uploads\/2022\/09\/01-7-1-1-1-270x180.jpg\" alt=\"Gallery image\">\n\t\t\t\t\t\t\t\t\t\t\t<\/div>\n\t\t\t\t\t\t\t\t\t\t<div class=\"swiper-slide\">\n\t\t\t\t\t\t\t\t\t\t\t\t\t<img decoding=\"async\" src=\"https:\/\/carmax.ma\/wp-content\/uploads\/2022\/09\/01-6-1-1-1-270x180.jpg\" alt=\"Gallery image\">\n\t\t\t\t\t\t\t\t\t\t\t<\/div>\n\t\t\t\t\t\t\t\t\t\t<div class=\"swiper-slide\">\n\t\t\t\t\t\t\t\t\t\t\t\t\t<img decoding=\"async\" src=\"https:\/\/carmax.ma\/wp-content\/uploads\/2022\/09\/01-5-1-1-270x180.jpg\" alt=\"Gallery image\">\n\t\t\t\t\t\t\t\t\t\t\t<\/div>\n\t\t\t\t\t\t\t\t\t\t<div class=\"swiper-slide\">\n\t\t\t\t\t\t\t\t\t\t\t\t\t<img decoding=\"async\" src=\"https:\/\/carmax.ma\/wp-content\/uploads\/2022\/09\/06-1-1-270x180.jpg\" alt=\"Gallery image\">\n\t\t\t\t\t\t\t\t\t\t\t<\/div>\n\t\t\t\t\t\t\t\t\t\t<div class=\"swiper-slide\">\n\t\t\t\t\t\t\t\t\t\t\t\t\t<img decoding=\"async\" src=\"https:\/\/carmax.ma\/wp-content\/uploads\/2022\/09\/04-12-1-1-270x180.jpg\" alt=\"Gallery image\">\n\t\t\t\t\t\t\t\t\t\t\t<\/div>\n\t\t\t\t\t\t\t\t\t\t<div class=\"swiper-slide\">\n\t\t\t\t\t\t\t\t\t\t\t\t\t<img decoding=\"async\" src=\"https:\/\/carmax.ma\/wp-content\/uploads\/2021\/03\/01-18-1-1-270x180.jpg\" alt=\"Gallery image\">\n\t\t\t\t\t\t\t\t\t\t\t<\/div>\n\t\t\t\t\t\t\t\t\t\t<div class=\"swiper-slide\">\n\t\t\t\t\t\t\t\t\t\t\t\t\t<img decoding=\"async\" src=\"https:\/\/carmax.ma\/wp-content\/uploads\/2021\/03\/01-24-1-1-270x180.jpg\" alt=\"Gallery image\">\n\t\t\t\t\t\t\t\t\t\t\t<\/div>\n\t\t\t\t\t\t\t<\/div>\n\n\t\t\t\t\t<div class=\"stm-swiper-controls\">\n\t\t\t\t\t\t\t\t\t<div class=\"stm-swiper-prev\"><i class=\"fas fa-angle-left\"><\/i><\/div>\n\t\t\t\t\t\t\t\t\t\t\t\t\t<div class=\"swiper-pagination\"><\/div>\n\t\t\t\t\t\t\t\t\t\t\t\t\t<div class=\"stm-swiper-next\"><i class=\"fas fa-angle-right\"><\/i><\/div>\n\t\t\t\t\t\t\t<\/div>\n\t\t\t<\/div>\n\t<script>\n\t( function( $ ) {\n\t\t\"use strict\";\n\t\t\t\t$(window).on('elementor\/frontend\/init', function() {\n\t\t\t\t\tlet swiper = new Swiper('#stm_image_carousel-34242', {\n\t\t\t\t\t\t\t\tloop: true,\n\t\t\t\t\n\t\t\t\t\t\t\t\t\tsimulateTouch: false,\n\t\t\t\t\n\t\t\t\t\n\t\t\t\t\n\t\t\t\t\t\t\t\t\tslidesPerGroup: 1,\n\t\t\t\t\n\t\t\t\tslidesPerView: 1,\n\n\t\t\t\tspaceBetween: 12,\n\n\t\t\t\tcenterInsufficientSlides: true,\n\n\t\t\t\tbreakpoints: {\n\t\t\t\t\t640: {\n\t\t\t\t\t\tslidesPerView: 3,\n\t\t\t\t\t},\n\t\t\t\t\t992: {\n\t\t\t\t\t\tslidesPerView: 4,\n\t\t\t\t\t}\n\t\t\t\t},\n\t\t\t\t\t\t\t\t\tnavigation: {\n\t\t\t\t\t\tnextEl: '.stm-swiper-next',\n\t\t\t\t\t\tprevEl: '.stm-swiper-prev',\n\t\t\t\t\t},\n\t\t\t\t\n\t\t\t\t\t\t\t\t\tpagination: {\n\t\t\t\t\t\tel: '.swiper-pagination',\n\t\t\t\t\t\tclickable: true,\n\t\t\t\t\t},\n\t\t\t\t\t\t\t});\n\n\t\t\t\t\t});\n\t\t\t} ( jQuery ) );\n\t<\/script>\n\t\t\t\t\t<\/div>\n\t\t\t\t<\/div>\n\t\t\t\t\t<\/div>\n\t\t<\/div>\n\t\t\t\t\t<\/div>\n\t\t<\/section>\n\t\t\t\t\t<\/div>\n\t\t<\/div>\n\t\t\t\t\t<\/div>\n\t\t<\/section>\n\t\t\t\t<\/div>","protected":false},"excerpt":{"rendered":"<p>Pourquoi choisir CarMax.ma ? Un Catalogue Immense : Que vous recherchiez une citadine \u00e9conomique, une berline de luxe ou un SUV familial, explorez des milliers d&#8217;annonces de diff\u00e9rents types de v\u00e9hicules en un seul endroit. Les Meilleures Offres en Ligne : Parcourez et comparez les propositions de vendeurs certifi\u00e9s et de concessionnaires fiables, garantissant des&#8230;<\/p>","protected":false},"author":1,"featured_media":0,"parent":0,"menu_order":0,"comment_status":"closed","ping_status":"closed","template":"","meta":{"_bbp_topic_count":0,"_bbp_reply_count":0,"_bbp_total_topic_count":0,"_bbp_total_reply_count":0,"_bbp_voice_count":0,"_bbp_anonymous_reply_count":0,"_bbp_topic_count_hidden":0,"_bbp_reply_count_hidden":0,"_bbp_forum_subforum_count":0,"footnotes":""},"class_list":["post-2067","page","type-page","status-publish","hentry"],"jetpack_sharing_enabled":true,"_links":{"self":[{"href":"https:\/\/carmax.ma\/ar\/wp-json\/wp\/v2\/pages\/2067","targetHints":{"allow":["GET"]}}],"collection":[{"href":"https:\/\/carmax.ma\/ar\/wp-json\/wp\/v2\/pages"}],"about":[{"href":"https:\/\/carmax.ma\/ar\/wp-json\/wp\/v2\/types\/page"}],"author":[{"embeddable":true,"href":"https:\/\/carmax.ma\/ar\/wp-json\/wp\/v2\/users\/1"}],"replies":[{"embeddable":true,"href":"https:\/\/carmax.ma\/ar\/wp-json\/wp\/v2\/comments?post=2067"}],"version-history":[{"count":16,"href":"https:\/\/carmax.ma\/ar\/wp-json\/wp\/v2\/pages\/2067\/revisions"}],"predecessor-version":[{"id":6349,"href":"https:\/\/carmax.ma\/ar\/wp-json\/wp\/v2\/pages\/2067\/revisions\/6349"}],"wp:attachment":[{"href":"https:\/\/carmax.ma\/ar\/wp-json\/wp\/v2\/media?parent=2067"}],"curies":[{"name":"wp","href":"https:\/\/api.w.org\/{rel}","templated":true}]}}