{"id":2067,"date":"2016-04-07T07:42:39","date_gmt":"2016-04-07T07:42:39","guid":{"rendered":"http:\/\/motors-demo.loc\/dealer_two\/?page_id=2067"},"modified":"2025-10-19T12:54:02","modified_gmt":"2025-10-19T12:54:02","slug":"quienes-somos","status":"publish","type":"page","link":"https:\/\/carmax.ma\/es\/quienes-somos\/","title":{"rendered":"Qui\u00e9nes somos"},"content":{"rendered":"<div data-elementor-type=\"wp-page\" data-elementor-id=\"2067\" class=\"elementor elementor-2067\" data-elementor-settings=\"{&quot;element_pack_global_tooltip_width&quot;:{&quot;unit&quot;:&quot;px&quot;,&quot;size&quot;:&quot;&quot;,&quot;sizes&quot;:[]},&quot;element_pack_global_tooltip_width_tablet&quot;:{&quot;unit&quot;:&quot;px&quot;,&quot;size&quot;:&quot;&quot;,&quot;sizes&quot;:[]},&quot;element_pack_global_tooltip_width_mobile&quot;:{&quot;unit&quot;:&quot;px&quot;,&quot;size&quot;:&quot;&quot;,&quot;sizes&quot;:[]},&quot;element_pack_global_tooltip_padding&quot;:{&quot;unit&quot;:&quot;px&quot;,&quot;top&quot;:&quot;&quot;,&quot;right&quot;:&quot;&quot;,&quot;bottom&quot;:&quot;&quot;,&quot;left&quot;:&quot;&quot;,&quot;isLinked&quot;:true},&quot;element_pack_global_tooltip_padding_tablet&quot;:{&quot;unit&quot;:&quot;px&quot;,&quot;top&quot;:&quot;&quot;,&quot;right&quot;:&quot;&quot;,&quot;bottom&quot;:&quot;&quot;,&quot;left&quot;:&quot;&quot;,&quot;isLinked&quot;:true},&quot;element_pack_global_tooltip_padding_mobile&quot;:{&quot;unit&quot;:&quot;px&quot;,&quot;top&quot;:&quot;&quot;,&quot;right&quot;:&quot;&quot;,&quot;bottom&quot;:&quot;&quot;,&quot;left&quot;:&quot;&quot;,&quot;isLinked&quot;:true},&quot;element_pack_global_tooltip_border_radius&quot;:{&quot;unit&quot;:&quot;px&quot;,&quot;top&quot;:&quot;&quot;,&quot;right&quot;:&quot;&quot;,&quot;bottom&quot;:&quot;&quot;,&quot;left&quot;:&quot;&quot;,&quot;isLinked&quot;:true},&quot;element_pack_global_tooltip_border_radius_tablet&quot;:{&quot;unit&quot;:&quot;px&quot;,&quot;top&quot;:&quot;&quot;,&quot;right&quot;:&quot;&quot;,&quot;bottom&quot;:&quot;&quot;,&quot;left&quot;:&quot;&quot;,&quot;isLinked&quot;:true},&quot;element_pack_global_tooltip_border_radius_mobile&quot;:{&quot;unit&quot;:&quot;px&quot;,&quot;top&quot;:&quot;&quot;,&quot;right&quot;:&quot;&quot;,&quot;bottom&quot;:&quot;&quot;,&quot;left&quot;:&quot;&quot;,&quot;isLinked&quot;:true}}\">\n\t\t\t\t\t\t<section class=\"elementor-section elementor-top-section elementor-element elementor-element-4fd4f1d elementor-section-boxed elementor-section-height-default elementor-section-height-default\" data-id=\"4fd4f1d\" data-element_type=\"section\">\n\t\t\t\t\t\t<div class=\"elementor-container elementor-column-gap-default\">\n\t\t\t\t\t<div class=\"elementor-column elementor-col-50 elementor-top-column elementor-element elementor-element-4fc0b1f\" data-id=\"4fc0b1f\" data-element_type=\"column\">\n\t\t\t<div class=\"elementor-widget-wrap elementor-element-populated\">\n\t\t\t\t\t\t<div class=\"elementor-element elementor-element-2ad78c5 elementor-widget elementor-widget-image\" data-id=\"2ad78c5\" data-element_type=\"widget\" data-widget_type=\"image.default\">\n\t\t\t\t\t\t\t\t\t\t\t\t\t\t\t<img decoding=\"async\" src=\"https:\/\/motors.stylemixstage.com\/elementor-dealer-one\/wp-content\/uploads\/sites\/27\/2015\/10\/about-us-1.jpg\" title=\"\" alt=\"\" loading=\"lazy\" \/>\t\t\t\t\t\t\t\t\t\t\t\t\t\t\t<\/div>\n\t\t\t\t\t<\/div>\n\t\t<\/div>\n\t\t\t\t<div class=\"elementor-column elementor-col-50 elementor-top-column elementor-element elementor-element-14f77ae\" data-id=\"14f77ae\" data-element_type=\"column\">\n\t\t\t<div class=\"elementor-widget-wrap elementor-element-populated\">\n\t\t\t\t\t\t<div class=\"elementor-element elementor-element-f5f5579 elementor-widget elementor-widget-text-editor\" data-id=\"f5f5579\" data-element_type=\"widget\" data-widget_type=\"text-editor.default\">\n\t\t\t\t\t\t\t\t\t<h3>\u00bfPor qu\u00e9 elegir <span style=\"color: #ffb129;\">CarMax.ma<\/span> ?<\/h3><h5 style=\"margin-bottom: 22px;\">Un cat\u00e1logo enorme: tanto si buscas un coche urbano econ\u00f3mico como una berlina de lujo o un todoterreno familiar, explora miles de anuncios de distintos tipos de veh\u00edculos en un solo lugar.<\/h5><p style=\"margin-bottom: 26px;\">Las mejores ofertas en l\u00ednea: Busque y compare ofertas de vendedores certificados y distribuidores fiables, garantizando precios competitivos y total transparencia.<\/p><p>Cobertura nacional: Est\u00e9 donde est\u00e9, encuentre el coche de sus sue\u00f1os. Nuestra red cubre las principales ciudades del Reino:<br \/>Ya est\u00e9 en Rabat, Casablanca, T\u00e1nger o Marrakech, las mejores ofertas est\u00e1n a un solo clic.<\/p>\t\t\t\t\t\t\t\t<\/div>\n\t\t\t\t\t<\/div>\n\t\t<\/div>\n\t\t\t\t\t<\/div>\n\t\t<\/section>\n\t\t\t\t<section class=\"elementor-section elementor-top-section elementor-element elementor-element-7ddb0c1 elementor-section-boxed elementor-section-height-default elementor-section-height-default\" data-id=\"7ddb0c1\" data-element_type=\"section\">\n\t\t\t\t\t\t<div class=\"elementor-container elementor-column-gap-default\">\n\t\t\t\t\t<div class=\"elementor-column elementor-col-50 elementor-top-column elementor-element elementor-element-140449d\" data-id=\"140449d\" data-element_type=\"column\">\n\t\t\t<div class=\"elementor-widget-wrap elementor-element-populated\">\n\t\t\t\t\t\t<div class=\"elementor-element elementor-element-7a1f682 elementor-widget elementor-widget-text-editor\" data-id=\"7a1f682\" data-element_type=\"widget\" data-widget_type=\"text-editor.default\">\n\t\t\t\t\t\t\t\t\t<h3>Nuestra visi\u00f3n: Excelencia en automoci\u00f3n, simplificada.<\/h3><hr \/><p>Creemos que la compra de un coche, ya sea nuevo o de segunda mano certificado, debe ser un momento de placer, no de estr\u00e9s.<br \/>Por eso hemos adoptado un doble enfoque: elecci\u00f3n y confianza.<\/p><ul><li><p><b>La elecci\u00f3n inmejorable :<\/b> CarMax.ma es m\u00e1s que un sitio de anuncios. Somos un escaparate digital que re\u00fane a un <b>amplia red de distribuidores asociados<\/b> de renombre. <br \/>Esta asociaci\u00f3n nos permite ofrecerle el cat\u00e1logo m\u00e1s amplio, que abarca todas las marcas y tipos de veh\u00edculos: desde coches urbanos a todoterrenos, desde berlinas de lujo a veh\u00edculos comerciales.<\/p><\/li><li><p><b>Confianza y proximidad:<\/b> Todos los distribuidores de nuestra plataforma han sido cuidadosamente seleccionados por su compromiso con la calidad y el servicio al cliente. <br \/>En <b>Rabat<\/b> \u00e0 <b>Marrakech<\/b>a trav\u00e9s de <b>Casablanca<\/b> y <b>T\u00e1nger<\/b>Estamos tejiendo una red de socios fiables para garantizarle ofertas locales, transparentes y certificadas.<\/p><\/li><\/ul><h4>Nuestro compromiso<\/h4><p>Al elegir CarMax.ma, est\u00e1 eligiendo algo m\u00e1s que una transacci\u00f3n. <br \/>Usted opta por una asistencia completa y experiencia local. <br \/>Estamos orgullosos de contribuir al crecimiento del sector automovil\u00edstico marroqu\u00ed proporcionando una plataforma en la que la calidad de los veh\u00edculos y la satisfacci\u00f3n del cliente son las m\u00e1ximas prioridades.<\/p><p><b>Con CarMax.ma, puede estar seguro de encontrar su pr\u00f3ximo coche, est\u00e9 donde est\u00e9 en Marruecos.<\/b><\/p>\t\t\t\t\t\t\t\t<\/div>\n\t\t\t\t\t<\/div>\n\t\t<\/div>\n\t\t\t\t<div class=\"elementor-column elementor-col-50 elementor-top-column elementor-element elementor-element-075e6ed\" data-id=\"075e6ed\" data-element_type=\"column\">\n\t\t\t<div class=\"elementor-widget-wrap elementor-element-populated\">\n\t\t\t\t\t\t<div class=\"elementor-element elementor-element-a8d0c1a elementor-widget elementor-widget-image\" data-id=\"a8d0c1a\" data-element_type=\"widget\" data-widget_type=\"image.default\">\n\t\t\t\t\t\t\t\t\t\t\t\t\t\t\t<img decoding=\"async\" src=\"https:\/\/motors.stylemixstage.com\/elementor-dealer-one\/wp-content\/uploads\/sites\/27\/2015\/10\/about-us-2.jpg\" title=\"\" alt=\"\" loading=\"lazy\" \/>\t\t\t\t\t\t\t\t\t\t\t\t\t\t\t<\/div>\n\t\t\t\t\t<\/div>\n\t\t<\/div>\n\t\t\t\t\t<\/div>\n\t\t<\/section>\n\t\t\t\t<section class=\"elementor-section elementor-top-section elementor-element elementor-element-2adf9a0 elementor-section-full_width elementor-section-stretched elementor-section-height-default elementor-section-height-default\" data-id=\"2adf9a0\" data-element_type=\"section\" data-settings=\"{&quot;stretch_section&quot;:&quot;section-stretched&quot;,&quot;background_background&quot;:&quot;classic&quot;}\">\n\t\t\t\t\t\t<div class=\"elementor-container elementor-column-gap-default\">\n\t\t\t\t\t<div class=\"elementor-column elementor-col-100 elementor-top-column elementor-element elementor-element-6646619\" data-id=\"6646619\" data-element_type=\"column\">\n\t\t\t<div class=\"elementor-widget-wrap elementor-element-populated\">\n\t\t\t\t\t\t<section class=\"elementor-section elementor-inner-section elementor-element elementor-element-35e942f elementor-section-boxed elementor-section-height-default elementor-section-height-default\" data-id=\"35e942f\" data-element_type=\"section\">\n\t\t\t\t\t\t<div class=\"elementor-container elementor-column-gap-default\">\n\t\t\t\t\t<div class=\"elementor-column elementor-col-100 elementor-inner-column elementor-element elementor-element-cf533b3\" data-id=\"cf533b3\" data-element_type=\"column\">\n\t\t\t<div class=\"elementor-widget-wrap elementor-element-populated\">\n\t\t\t\t\t\t<div class=\"elementor-element elementor-element-fa01240 elementor-widget elementor-widget-heading\" data-id=\"fa01240\" data-element_type=\"widget\" data-widget_type=\"heading.default\">\n\t\t\t\t\t<h2 class=\"elementor-heading-title elementor-size-default\">NUESTRA GALER\u00cdA MULTIMEDIA<\/h2>\t\t\t\t<\/div>\n\t\t\t\t<div class=\"elementor-element elementor-element-ea7f7d8 elementor-widget elementor-widget-motors-image-carousel\" data-id=\"ea7f7d8\" data-element_type=\"widget\" data-widget_type=\"motors-image-carousel.default\">\n\t\t\t\t<div class=\"elementor-widget-container\">\n\t\t\t\t\t\t<div class=\"motors-elementor-widget stm_image_carousel swiper-container\" id=\"stm_image_carousel-75283\">\n\t\t<div class=\"swiper-wrapper\">\n\t\t\t\t\t\t\t\t<div class=\"swiper-slide\">\n\t\t\t\t\t\t\t\t\t\t\t\t\t<img decoding=\"async\" src=\"https:\/\/carmax.ma\/wp-content\/uploads\/2022\/09\/01-10-1-1-270x180.jpg\" alt=\"Gallery image\">\n\t\t\t\t\t\t\t\t\t\t\t<\/div>\n\t\t\t\t\t\t\t\t\t\t<div class=\"swiper-slide\">\n\t\t\t\t\t\t\t\t\t\t\t\t\t<img decoding=\"async\" src=\"https:\/\/carmax.ma\/wp-content\/uploads\/2022\/09\/01-7-1-1-1-270x180.jpg\" alt=\"Gallery image\">\n\t\t\t\t\t\t\t\t\t\t\t<\/div>\n\t\t\t\t\t\t\t\t\t\t<div class=\"swiper-slide\">\n\t\t\t\t\t\t\t\t\t\t\t\t\t<img decoding=\"async\" src=\"https:\/\/carmax.ma\/wp-content\/uploads\/2022\/09\/01-6-1-1-1-270x180.jpg\" alt=\"Gallery image\">\n\t\t\t\t\t\t\t\t\t\t\t<\/div>\n\t\t\t\t\t\t\t\t\t\t<div class=\"swiper-slide\">\n\t\t\t\t\t\t\t\t\t\t\t\t\t<img decoding=\"async\" src=\"https:\/\/carmax.ma\/wp-content\/uploads\/2022\/09\/01-5-1-1-270x180.jpg\" alt=\"Gallery image\">\n\t\t\t\t\t\t\t\t\t\t\t<\/div>\n\t\t\t\t\t\t\t\t\t\t<div class=\"swiper-slide\">\n\t\t\t\t\t\t\t\t\t\t\t\t\t<img decoding=\"async\" src=\"https:\/\/carmax.ma\/wp-content\/uploads\/2022\/09\/06-1-1-270x180.jpg\" alt=\"Gallery image\">\n\t\t\t\t\t\t\t\t\t\t\t<\/div>\n\t\t\t\t\t\t\t\t\t\t<div class=\"swiper-slide\">\n\t\t\t\t\t\t\t\t\t\t\t\t\t<img decoding=\"async\" src=\"https:\/\/carmax.ma\/wp-content\/uploads\/2022\/09\/04-12-1-1-270x180.jpg\" alt=\"Gallery image\">\n\t\t\t\t\t\t\t\t\t\t\t<\/div>\n\t\t\t\t\t\t\t\t\t\t<div class=\"swiper-slide\">\n\t\t\t\t\t\t\t\t\t\t\t\t\t<img decoding=\"async\" src=\"https:\/\/carmax.ma\/wp-content\/uploads\/2021\/03\/01-18-1-1-270x180.jpg\" alt=\"Gallery image\">\n\t\t\t\t\t\t\t\t\t\t\t<\/div>\n\t\t\t\t\t\t\t\t\t\t<div class=\"swiper-slide\">\n\t\t\t\t\t\t\t\t\t\t\t\t\t<img decoding=\"async\" src=\"https:\/\/carmax.ma\/wp-content\/uploads\/2021\/03\/01-24-1-1-270x180.jpg\" alt=\"Gallery image\">\n\t\t\t\t\t\t\t\t\t\t\t<\/div>\n\t\t\t\t\t\t\t<\/div>\n\n\t\t\t\t\t<div class=\"stm-swiper-controls\">\n\t\t\t\t\t\t\t\t\t<div class=\"stm-swiper-prev\"><i class=\"fas fa-angle-left\"><\/i><\/div>\n\t\t\t\t\t\t\t\t\t\t\t\t\t<div class=\"swiper-pagination\"><\/div>\n\t\t\t\t\t\t\t\t\t\t\t\t\t<div class=\"stm-swiper-next\"><i class=\"fas fa-angle-right\"><\/i><\/div>\n\t\t\t\t\t\t\t<\/div>\n\t\t\t<\/div>\n\t<script>\n\t( function( $ ) {\n\t\t\"use strict\";\n\t\t\t\t$(window).on('elementor\/frontend\/init', function() {\n\t\t\t\t\tlet swiper = new Swiper('#stm_image_carousel-75283', {\n\t\t\t\t\t\t\t\tloop: true,\n\t\t\t\t\n\t\t\t\t\t\t\t\t\tsimulateTouch: false,\n\t\t\t\t\n\t\t\t\t\n\t\t\t\t\n\t\t\t\t\t\t\t\t\tslidesPerGroup: 1,\n\t\t\t\t\n\t\t\t\tslidesPerView: 1,\n\n\t\t\t\tspaceBetween: 12,\n\n\t\t\t\tcenterInsufficientSlides: true,\n\n\t\t\t\tbreakpoints: {\n\t\t\t\t\t640: {\n\t\t\t\t\t\tslidesPerView: 3,\n\t\t\t\t\t},\n\t\t\t\t\t992: {\n\t\t\t\t\t\tslidesPerView: 4,\n\t\t\t\t\t}\n\t\t\t\t},\n\t\t\t\t\t\t\t\t\tnavigation: {\n\t\t\t\t\t\tnextEl: '.stm-swiper-next',\n\t\t\t\t\t\tprevEl: '.stm-swiper-prev',\n\t\t\t\t\t},\n\t\t\t\t\n\t\t\t\t\t\t\t\t\tpagination: {\n\t\t\t\t\t\tel: '.swiper-pagination',\n\t\t\t\t\t\tclickable: true,\n\t\t\t\t\t},\n\t\t\t\t\t\t\t});\n\n\t\t\t\t\t});\n\t\t\t} ( jQuery ) );\n\t<\/script>\n\t\t\t\t\t<\/div>\n\t\t\t\t<\/div>\n\t\t\t\t\t<\/div>\n\t\t<\/div>\n\t\t\t\t\t<\/div>\n\t\t<\/section>\n\t\t\t\t\t<\/div>\n\t\t<\/div>\n\t\t\t\t\t<\/div>\n\t\t<\/section>\n\t\t\t\t<\/div>","protected":false},"excerpt":{"rendered":"<p>Pourquoi choisir CarMax.ma ? Un Catalogue Immense : Que vous recherchiez une citadine \u00e9conomique, une berline de luxe ou un SUV familial, explorez des milliers d&#8217;annonces de diff\u00e9rents types de v\u00e9hicules en un seul endroit. Les Meilleures Offres en Ligne : Parcourez et comparez les propositions de vendeurs certifi\u00e9s et de concessionnaires fiables, garantissant des&#8230;<\/p>","protected":false},"author":1,"featured_media":0,"parent":0,"menu_order":0,"comment_status":"closed","ping_status":"closed","template":"","meta":{"_bbp_topic_count":0,"_bbp_reply_count":0,"_bbp_total_topic_count":0,"_bbp_total_reply_count":0,"_bbp_voice_count":0,"_bbp_anonymous_reply_count":0,"_bbp_topic_count_hidden":0,"_bbp_reply_count_hidden":0,"_bbp_forum_subforum_count":0,"footnotes":""},"class_list":["post-2067","page","type-page","status-publish","hentry"],"jetpack_sharing_enabled":true,"_links":{"self":[{"href":"https:\/\/carmax.ma\/es\/wp-json\/wp\/v2\/pages\/2067","targetHints":{"allow":["GET"]}}],"collection":[{"href":"https:\/\/carmax.ma\/es\/wp-json\/wp\/v2\/pages"}],"about":[{"href":"https:\/\/carmax.ma\/es\/wp-json\/wp\/v2\/types\/page"}],"author":[{"embeddable":true,"href":"https:\/\/carmax.ma\/es\/wp-json\/wp\/v2\/users\/1"}],"replies":[{"embeddable":true,"href":"https:\/\/carmax.ma\/es\/wp-json\/wp\/v2\/comments?post=2067"}],"version-history":[{"count":16,"href":"https:\/\/carmax.ma\/es\/wp-json\/wp\/v2\/pages\/2067\/revisions"}],"predecessor-version":[{"id":6349,"href":"https:\/\/carmax.ma\/es\/wp-json\/wp\/v2\/pages\/2067\/revisions\/6349"}],"wp:attachment":[{"href":"https:\/\/carmax.ma\/es\/wp-json\/wp\/v2\/media?parent=2067"}],"curies":[{"name":"wp","href":"https:\/\/api.w.org\/{rel}","templated":true}]}}