{"id":2144,"date":"2016-04-09T06:54:30","date_gmt":"2016-04-09T06:54:30","guid":{"rendered":"http:\/\/motors-demo.loc\/dealer_two\/?page_id=2144"},"modified":"2025-11-26T22:23:06","modified_gmt":"2025-11-26T22:23:06","slug":"compare","status":"publish","type":"page","link":"https:\/\/carmax.ma\/es\/compare\/","title":{"rendered":"Compara"},"content":{"rendered":"<div data-elementor-type=\"wp-page\" data-elementor-id=\"2144\" class=\"elementor elementor-2144\" data-elementor-settings=\"{&quot;element_pack_global_tooltip_width&quot;:{&quot;unit&quot;:&quot;px&quot;,&quot;size&quot;:&quot;&quot;,&quot;sizes&quot;:[]},&quot;element_pack_global_tooltip_width_tablet&quot;:{&quot;unit&quot;:&quot;px&quot;,&quot;size&quot;:&quot;&quot;,&quot;sizes&quot;:[]},&quot;element_pack_global_tooltip_width_mobile&quot;:{&quot;unit&quot;:&quot;px&quot;,&quot;size&quot;:&quot;&quot;,&quot;sizes&quot;:[]},&quot;element_pack_global_tooltip_padding&quot;:{&quot;unit&quot;:&quot;px&quot;,&quot;top&quot;:&quot;&quot;,&quot;right&quot;:&quot;&quot;,&quot;bottom&quot;:&quot;&quot;,&quot;left&quot;:&quot;&quot;,&quot;isLinked&quot;:true},&quot;element_pack_global_tooltip_padding_tablet&quot;:{&quot;unit&quot;:&quot;px&quot;,&quot;top&quot;:&quot;&quot;,&quot;right&quot;:&quot;&quot;,&quot;bottom&quot;:&quot;&quot;,&quot;left&quot;:&quot;&quot;,&quot;isLinked&quot;:true},&quot;element_pack_global_tooltip_padding_mobile&quot;:{&quot;unit&quot;:&quot;px&quot;,&quot;top&quot;:&quot;&quot;,&quot;right&quot;:&quot;&quot;,&quot;bottom&quot;:&quot;&quot;,&quot;left&quot;:&quot;&quot;,&quot;isLinked&quot;:true},&quot;element_pack_global_tooltip_border_radius&quot;:{&quot;unit&quot;:&quot;px&quot;,&quot;top&quot;:&quot;&quot;,&quot;right&quot;:&quot;&quot;,&quot;bottom&quot;:&quot;&quot;,&quot;left&quot;:&quot;&quot;,&quot;isLinked&quot;:true},&quot;element_pack_global_tooltip_border_radius_tablet&quot;:{&quot;unit&quot;:&quot;px&quot;,&quot;top&quot;:&quot;&quot;,&quot;right&quot;:&quot;&quot;,&quot;bottom&quot;:&quot;&quot;,&quot;left&quot;:&quot;&quot;,&quot;isLinked&quot;:true},&quot;element_pack_global_tooltip_border_radius_mobile&quot;:{&quot;unit&quot;:&quot;px&quot;,&quot;top&quot;:&quot;&quot;,&quot;right&quot;:&quot;&quot;,&quot;bottom&quot;:&quot;&quot;,&quot;left&quot;:&quot;&quot;,&quot;isLinked&quot;:true}}\">\n\t\t\t\t<div class=\"elementor-element elementor-element-2a43aea e-flex e-con-boxed e-con e-parent\" data-id=\"2a43aea\" data-element_type=\"container\" data-e-type=\"container\">\n\t\t\t\t\t<div class=\"e-con-inner\">\n\t\t\t\t<div class=\"elementor-element elementor-element-b306f10 elementor-widget elementor-widget-motors-listings-compare\" data-id=\"b306f10\" data-element_type=\"widget\" data-e-type=\"widget\" data-widget_type=\"motors-listings-compare.default\">\n\t\t\t\t<div class=\"elementor-widget-container\">\n\t\t\t\t\t<div class=\"stm-compare-cars-module\">\n\t<div class=\"container\">\n\n\t\t\n\t\t<div class=\"multilisting_compare_type_buttons\">\n\n\t\t\t\t\t\t\t\t\t\t\t<a class=\"btn btn-lg heading-font btn-primary\" href=\"?compare_type=listings\">\n\t\t\t\t\tListados <span class=\"badge\">0<\/span>\n\t\t\t\t<\/a>\n\t\t\t\t\t\t\t\t\t\t\t<a class=\"btn btn-lg heading-font btn-default\" href=\"?compare_type=voitures\">\n\t\t\t\t\tVoitures <span class=\"badge\">0<\/span>\n\t\t\t\t<\/a>\n\t\t\t\n\t\t<\/div>\n\n\t\t\n\t\t\t\t\t<div class=\"row row-4 car-listing-row stm-car-compare-row stm-no-cars\">\n\t\t\t\t<div class=\"col-3 mvl-compare-title\">\n\t\t\t\t\t<h2 class=\"compare-title\">\n\t\t\t\t\t\tComparador Carmax\t\t\t\t\t<\/h2>\n\t\t\t\t\t<div class=\"colored-separator text-left\">\n\t\t\t\t\t\t\t\t\t\t\t\t\t<div class=\"first-long\"><\/div>\n\t\t\t\t\t\t\t<div class=\"last-short\"><\/div>\n\t\t\t\t\t\t\t\t\t\t\t<\/div>\n\t\t\t\t<\/div>\n\t\t\t\t\t\t\t\t\t<div class=\"col-3 compare-col-stm-empty\">\n\t\t\t\t\t\t<a href=\"https:\/\/carmax.ma\/es\/vehiculo-nuevo\/\">\n\t\t\t\t\t\t\t<div class=\"image\">\n\t\t\t\t\t\t\t\t<span class=\"stm-icon-add-car-wrapper\">\n\t\t\t\t\t\t\t\t\t<i class=\"motors-icons-add_car\"><\/i>\t\t\t\t\t\t\t\t<\/span>\n\t\t\t\t\t\t\t\t<img class=\"stm-compare-empty\"\n\t\t\t\t\t\t\t\t\t\tsrc=\"https:\/\/carmax.ma\/wp-content\/plugins\/motors-car-dealership-classified-listings\/assets\/elementor\/img\/compare-empty.jpg\"\n\t\t\t\t\t\t\t\t\t\talt=\"Empty\"\/>\n\t\t\t\t\t\t\t<\/div>\n\t\t\t\t\t\t\t<div class=\"h5\">A\u00f1adir un veh\u00edculo <\/div>\n\t\t\t\t\t\t<\/a>\n\t\t\t\t\t<\/div>\n\t\t\t\t\t\t\t\t\t<div class=\"col-3 compare-col-stm-empty\">\n\t\t\t\t\t\t<a href=\"https:\/\/carmax.ma\/es\/vehiculo-nuevo\/\">\n\t\t\t\t\t\t\t<div class=\"image\">\n\t\t\t\t\t\t\t\t<span class=\"stm-icon-add-car-wrapper\">\n\t\t\t\t\t\t\t\t\t<i class=\"motors-icons-add_car\"><\/i>\t\t\t\t\t\t\t\t<\/span>\n\t\t\t\t\t\t\t\t<img class=\"stm-compare-empty\"\n\t\t\t\t\t\t\t\t\t\tsrc=\"https:\/\/carmax.ma\/wp-content\/plugins\/motors-car-dealership-classified-listings\/assets\/elementor\/img\/compare-empty.jpg\"\n\t\t\t\t\t\t\t\t\t\talt=\"Empty\"\/>\n\t\t\t\t\t\t\t<\/div>\n\t\t\t\t\t\t\t<div class=\"h5\">A\u00f1adir un veh\u00edculo <\/div>\n\t\t\t\t\t\t<\/a>\n\t\t\t\t\t<\/div>\n\t\t\t\t\t\t\t\t\t<div class=\"col-3 compare-col-stm-empty\">\n\t\t\t\t\t\t<a href=\"https:\/\/carmax.ma\/es\/vehiculo-nuevo\/\">\n\t\t\t\t\t\t\t<div class=\"image\">\n\t\t\t\t\t\t\t\t<span class=\"stm-icon-add-car-wrapper\">\n\t\t\t\t\t\t\t\t\t<i class=\"motors-icons-add_car\"><\/i>\t\t\t\t\t\t\t\t<\/span>\n\t\t\t\t\t\t\t\t<img class=\"stm-compare-empty\"\n\t\t\t\t\t\t\t\t\t\tsrc=\"https:\/\/carmax.ma\/wp-content\/plugins\/motors-car-dealership-classified-listings\/assets\/elementor\/img\/compare-empty.jpg\"\n\t\t\t\t\t\t\t\t\t\talt=\"Empty\"\/>\n\t\t\t\t\t\t\t<\/div>\n\t\t\t\t\t\t\t<div class=\"h5\">A\u00f1adir un veh\u00edculo <\/div>\n\t\t\t\t\t\t<\/a>\n\t\t\t\t\t<\/div>\n\t\t\t\t\t\t\t<\/div> <!--row-->\n\t\t\t<div class=\"row row-4 stm-compare-row hidden-xs compare-desctop-table\">\n\t\t\t\t<div class=\"col-3 hidden-xs\">\n\t\t\t\t\t\t\t\t\t\t\t<div class=\"compare-options\">\n\t\t\t\t\t\t\t<table>\n\t\t\t\t\t\t\t\t\t\t\t\t\t\t\t\t\t\t\t\t\t\t\t\t\t\t\t<tr>\n\t\t\t\t\t\t\t\t\t\t\t\t\t\t\t\t\t\t\t\t\t\t<td class=\"compare-value-hover compare-value-make\"\n\t\t\t\t\t\t\t\t\t\t\t\tdata-value=\"compare-value-make\">\n\t\t\t\t\t\t\t\t\t\t\t\tMarca\t\t\t\t\t\t\t\t\t\t\t<\/td>\n\t\t\t\t\t\t\t\t\t\t<\/tr>\n\t\t\t\t\t\t\t\t\t\t\t\t\t\t\t\t\t\t\t\t\t\t\t\t\t\t\t\t\t\t\t\t\t\t\t\t<tr>\n\t\t\t\t\t\t\t\t\t\t\t\t\t\t\t\t\t\t\t\t\t\t<td class=\"compare-value-hover compare-value-body\"\n\t\t\t\t\t\t\t\t\t\t\t\tdata-value=\"compare-value-body\">\n\t\t\t\t\t\t\t\t\t\t\t\tCategor\u00eda de veh\u00edculo\t\t\t\t\t\t\t\t\t\t\t<\/td>\n\t\t\t\t\t\t\t\t\t\t<\/tr>\n\t\t\t\t\t\t\t\t\t\t\t\t\t\t\t\t\t\t\t\t\t\t\t\t\t\t\t\t\t\t\t\t\t\t\t\t<tr>\n\t\t\t\t\t\t\t\t\t\t\t\t\t\t\t\t\t\t\t\t\t\t<td class=\"compare-value-hover compare-value-motorisation\"\n\t\t\t\t\t\t\t\t\t\t\t\tdata-value=\"compare-value-motorisation\">\n\t\t\t\t\t\t\t\t\t\t\t\tCombustible\t\t\t\t\t\t\t\t\t\t\t<\/td>\n\t\t\t\t\t\t\t\t\t\t<\/tr>\n\t\t\t\t\t\t\t\t\t\t\t\t\t\t\t\t\t\t\t\t\t\t\t\t\t\t\t\t\t\t\t\t\t\t\t\t<tr>\n\t\t\t\t\t\t\t\t\t\t\t\t\t\t\t\t\t\t\t\t\t\t<td class=\"compare-value-hover compare-value-cylindree\"\n\t\t\t\t\t\t\t\t\t\t\t\tdata-value=\"compare-value-cylindree\">\n\t\t\t\t\t\t\t\t\t\t\t\tDesplazamiento\t\t\t\t\t\t\t\t\t\t\t<\/td>\n\t\t\t\t\t\t\t\t\t\t<\/tr>\n\t\t\t\t\t\t\t\t\t\t\t\t\t\t\t\t\t\t\t\t\t\t\t\t\t\t\t\t\t\t\t\t\t\t\t\t<tr>\n\t\t\t\t\t\t\t\t\t\t\t\t\t\t\t\t\t\t\t\t\t\t<td class=\"compare-value-hover compare-value-vignette\"\n\t\t\t\t\t\t\t\t\t\t\t\tdata-value=\"compare-value-vignette\">\n\t\t\t\t\t\t\t\t\t\t\t\tVi\u00f1eta\t\t\t\t\t\t\t\t\t\t\t<\/td>\n\t\t\t\t\t\t\t\t\t\t<\/tr>\n\t\t\t\t\t\t\t\t\t\t\t\t\t\t\t\t\t\t\t\t\t\t\t\t\t\t\t\t\t\t\t\t\t\t\t\t<tr>\n\t\t\t\t\t\t\t\t\t\t\t\t\t\t\t\t\t\t\t\t\t\t<td class=\"compare-value-hover compare-value-consommation\"\n\t\t\t\t\t\t\t\t\t\t\t\tdata-value=\"compare-value-consommation\">\n\t\t\t\t\t\t\t\t\t\t\t\tConsumo\t\t\t\t\t\t\t\t\t\t\t<\/td>\n\t\t\t\t\t\t\t\t\t\t<\/tr>\n\t\t\t\t\t\t\t\t\t\t\t\t\t\t\t\t\t\t\t\t\t\t\t\t\t\t\t\t\t\t\t\t\t\t\t\t<tr>\n\t\t\t\t\t\t\t\t\t\t\t\t\t\t\t\t\t\t\t\t\t\t<td class=\"compare-value-hover compare-value-puissance\"\n\t\t\t\t\t\t\t\t\t\t\t\tdata-value=\"compare-value-puissance\">\n\t\t\t\t\t\t\t\t\t\t\t\tPotencia\t\t\t\t\t\t\t\t\t\t\t<\/td>\n\t\t\t\t\t\t\t\t\t\t<\/tr>\n\t\t\t\t\t\t\t\t\t\t\t\t\t\t\t\t\t\t\t\t\t\t\t\t<\/table>\n\t\t\t\t\t\t<\/div>\n\t\t\t\t\t\t\t\t\t<\/div>\n\t\t\t\t\t\t\t\t\t\t\t\t\t\t\t<div class=\"col-3\">\n\t\t\t\t\t\t\t<div class=\"compare-options\">\n\t\t\t\t\t\t\t\t<table>\n\t\t\t\t\t\t\t\t\t\t\t\t\t\t\t\t\t\t\t\t\t\t\t\t\t\t\t\t\t\t<tr>\n\t\t\t\t\t\t\t\t\t\t\t\t<td>&nbsp;<\/td>\n\t\t\t\t\t\t\t\t\t\t\t<\/tr>\n\t\t\t\t\t\t\t\t\t\t\t\t\t\t\t\t\t\t\t\t\t\t\t\t\t\t\t\t\t\t\t\t\t\t\t\t\t\t\t\t<tr>\n\t\t\t\t\t\t\t\t\t\t\t\t<td>&nbsp;<\/td>\n\t\t\t\t\t\t\t\t\t\t\t<\/tr>\n\t\t\t\t\t\t\t\t\t\t\t\t\t\t\t\t\t\t\t\t\t\t\t\t\t\t\t\t\t\t\t\t\t\t\t\t\t\t\t\t<tr>\n\t\t\t\t\t\t\t\t\t\t\t\t<td>&nbsp;<\/td>\n\t\t\t\t\t\t\t\t\t\t\t<\/tr>\n\t\t\t\t\t\t\t\t\t\t\t\t\t\t\t\t\t\t\t\t\t\t\t\t\t\t\t\t\t\t\t\t\t\t\t\t\t\t\t\t<tr>\n\t\t\t\t\t\t\t\t\t\t\t\t<td>&nbsp;<\/td>\n\t\t\t\t\t\t\t\t\t\t\t<\/tr>\n\t\t\t\t\t\t\t\t\t\t\t\t\t\t\t\t\t\t\t\t\t\t\t\t\t\t\t\t\t\t\t\t\t\t\t\t\t\t\t\t<tr>\n\t\t\t\t\t\t\t\t\t\t\t\t<td>&nbsp;<\/td>\n\t\t\t\t\t\t\t\t\t\t\t<\/tr>\n\t\t\t\t\t\t\t\t\t\t\t\t\t\t\t\t\t\t\t\t\t\t\t\t\t\t\t\t\t\t\t\t\t\t\t\t\t\t\t\t<tr>\n\t\t\t\t\t\t\t\t\t\t\t\t<td>&nbsp;<\/td>\n\t\t\t\t\t\t\t\t\t\t\t<\/tr>\n\t\t\t\t\t\t\t\t\t\t\t\t\t\t\t\t\t\t\t\t\t\t\t\t\t\t\t\t\t\t\t\t\t\t\t\t\t\t\t\t<tr>\n\t\t\t\t\t\t\t\t\t\t\t\t<td>&nbsp;<\/td>\n\t\t\t\t\t\t\t\t\t\t\t<\/tr>\n\t\t\t\t\t\t\t\t\t\t\t\t\t\t\t\t\t\t\t\t\t\t\t\t\t\t\t<\/table>\n\t\t\t\t\t\t\t<\/div>\n\t\t\t\t\t\t<\/div>\n\t\t\t\t\t\t\t\t\t\t\t\t\t\t\t\t\t\t\t\t<div class=\"col-3\">\n\t\t\t\t\t\t\t<div class=\"compare-options\">\n\t\t\t\t\t\t\t\t<table>\n\t\t\t\t\t\t\t\t\t\t\t\t\t\t\t\t\t\t\t\t\t\t\t\t\t\t\t\t\t\t<tr>\n\t\t\t\t\t\t\t\t\t\t\t\t<td>&nbsp;<\/td>\n\t\t\t\t\t\t\t\t\t\t\t<\/tr>\n\t\t\t\t\t\t\t\t\t\t\t\t\t\t\t\t\t\t\t\t\t\t\t\t\t\t\t\t\t\t\t\t\t\t\t\t\t\t\t\t<tr>\n\t\t\t\t\t\t\t\t\t\t\t\t<td>&nbsp;<\/td>\n\t\t\t\t\t\t\t\t\t\t\t<\/tr>\n\t\t\t\t\t\t\t\t\t\t\t\t\t\t\t\t\t\t\t\t\t\t\t\t\t\t\t\t\t\t\t\t\t\t\t\t\t\t\t\t<tr>\n\t\t\t\t\t\t\t\t\t\t\t\t<td>&nbsp;<\/td>\n\t\t\t\t\t\t\t\t\t\t\t<\/tr>\n\t\t\t\t\t\t\t\t\t\t\t\t\t\t\t\t\t\t\t\t\t\t\t\t\t\t\t\t\t\t\t\t\t\t\t\t\t\t\t\t<tr>\n\t\t\t\t\t\t\t\t\t\t\t\t<td>&nbsp;<\/td>\n\t\t\t\t\t\t\t\t\t\t\t<\/tr>\n\t\t\t\t\t\t\t\t\t\t\t\t\t\t\t\t\t\t\t\t\t\t\t\t\t\t\t\t\t\t\t\t\t\t\t\t\t\t\t\t<tr>\n\t\t\t\t\t\t\t\t\t\t\t\t<td>&nbsp;<\/td>\n\t\t\t\t\t\t\t\t\t\t\t<\/tr>\n\t\t\t\t\t\t\t\t\t\t\t\t\t\t\t\t\t\t\t\t\t\t\t\t\t\t\t\t\t\t\t\t\t\t\t\t\t\t\t\t<tr>\n\t\t\t\t\t\t\t\t\t\t\t\t<td>&nbsp;<\/td>\n\t\t\t\t\t\t\t\t\t\t\t<\/tr>\n\t\t\t\t\t\t\t\t\t\t\t\t\t\t\t\t\t\t\t\t\t\t\t\t\t\t\t\t\t\t\t\t\t\t\t\t\t\t\t\t<tr>\n\t\t\t\t\t\t\t\t\t\t\t\t<td>&nbsp;<\/td>\n\t\t\t\t\t\t\t\t\t\t\t<\/tr>\n\t\t\t\t\t\t\t\t\t\t\t\t\t\t\t\t\t\t\t\t\t\t\t\t\t\t\t<\/table>\n\t\t\t\t\t\t\t<\/div>\n\t\t\t\t\t\t<\/div>\n\t\t\t\t\t\t\t\t\t\t\t\t\t\t\t\t\t\t\t\t<div class=\"col-3\">\n\t\t\t\t\t\t\t<div class=\"compare-options\">\n\t\t\t\t\t\t\t\t<table>\n\t\t\t\t\t\t\t\t\t\t\t\t\t\t\t\t\t\t\t\t\t\t\t\t\t\t\t\t\t\t<tr>\n\t\t\t\t\t\t\t\t\t\t\t\t<td>&nbsp;<\/td>\n\t\t\t\t\t\t\t\t\t\t\t<\/tr>\n\t\t\t\t\t\t\t\t\t\t\t\t\t\t\t\t\t\t\t\t\t\t\t\t\t\t\t\t\t\t\t\t\t\t\t\t\t\t\t\t<tr>\n\t\t\t\t\t\t\t\t\t\t\t\t<td>&nbsp;<\/td>\n\t\t\t\t\t\t\t\t\t\t\t<\/tr>\n\t\t\t\t\t\t\t\t\t\t\t\t\t\t\t\t\t\t\t\t\t\t\t\t\t\t\t\t\t\t\t\t\t\t\t\t\t\t\t\t<tr>\n\t\t\t\t\t\t\t\t\t\t\t\t<td>&nbsp;<\/td>\n\t\t\t\t\t\t\t\t\t\t\t<\/tr>\n\t\t\t\t\t\t\t\t\t\t\t\t\t\t\t\t\t\t\t\t\t\t\t\t\t\t\t\t\t\t\t\t\t\t\t\t\t\t\t\t<tr>\n\t\t\t\t\t\t\t\t\t\t\t\t<td>&nbsp;<\/td>\n\t\t\t\t\t\t\t\t\t\t\t<\/tr>\n\t\t\t\t\t\t\t\t\t\t\t\t\t\t\t\t\t\t\t\t\t\t\t\t\t\t\t\t\t\t\t\t\t\t\t\t\t\t\t\t<tr>\n\t\t\t\t\t\t\t\t\t\t\t\t<td>&nbsp;<\/td>\n\t\t\t\t\t\t\t\t\t\t\t<\/tr>\n\t\t\t\t\t\t\t\t\t\t\t\t\t\t\t\t\t\t\t\t\t\t\t\t\t\t\t\t\t\t\t\t\t\t\t\t\t\t\t\t<tr>\n\t\t\t\t\t\t\t\t\t\t\t\t<td>&nbsp;<\/td>\n\t\t\t\t\t\t\t\t\t\t\t<\/tr>\n\t\t\t\t\t\t\t\t\t\t\t\t\t\t\t\t\t\t\t\t\t\t\t\t\t\t\t\t\t\t\t\t\t\t\t\t\t\t\t\t<tr>\n\t\t\t\t\t\t\t\t\t\t\t\t<td>&nbsp;<\/td>\n\t\t\t\t\t\t\t\t\t\t\t<\/tr>\n\t\t\t\t\t\t\t\t\t\t\t\t\t\t\t\t\t\t\t\t\t\t\t\t\t\t\t<\/table>\n\t\t\t\t\t\t\t<\/div>\n\t\t\t\t\t\t<\/div>\n\t\t\t\t\t\t\t\t\t\t\t\t<\/div> <!--row-->\n\t\t\n\t\t<!--Additional features-->\n\t\t\t<\/div>\n\n\t<div class=\"compare-empty-car-top\">\n\t\t<div class=\"col-3 compare-col-stm-empty\">\n\t\t\t<a href=\"https:\/\/carmax.ma\/es\/vehiculo-nuevo\/\">\n\t\t\t\t<div class=\"image\">\n\t\t\t\t\t<span class=\"stm-icon-add-car-wrapper\">\n\t\t\t\t\t\t<i class=\"motors-icons-add_car\"><\/i>\t\t\t\t\t<\/span>\n\t\t\t\t\t<img class=\"stm-compare-empty\"\n\t\t\t\t\t\t\tsrc=\"https:\/\/carmax.ma\/wp-content\/plugins\/motors-car-dealership-classified-listings\/assets\/elementor\/img\/compare-empty.jpg\"\n\t\t\t\t\t\t\talt=\"Empty\"\/>\n\t\t\t\t<\/div>\n\t\t\t\t<div class=\"h5\">A\u00f1adir un veh\u00edculo <\/div>\n\t\t\t<\/a>\n\t\t<\/div>\n\t<\/div>\n\n\t<div class=\"compare-empty-car-bottom\">\n\t\t\t\t\t<div class=\"col-3\">\n\t\t\t\t<div class=\"compare-options\">\n\t\t\t\t\t<table>\n\t\t\t\t\t\t\t\t\t\t\t\t\t\t\t\t\t\t\t\t\t<tr>\n\t\t\t\t\t\t\t\t\t<td class=\"compare-value-hover\">&nbsp;<\/td>\n\t\t\t\t\t\t\t\t<\/tr>\n\t\t\t\t\t\t\t\t\t\t\t\t\t\t\t\t\t\t\t\t\t\t\t\t\t\t\t\t<tr>\n\t\t\t\t\t\t\t\t\t<td class=\"compare-value-hover\">&nbsp;<\/td>\n\t\t\t\t\t\t\t\t<\/tr>\n\t\t\t\t\t\t\t\t\t\t\t\t\t\t\t\t\t\t\t\t\t\t\t\t\t\t\t\t<tr>\n\t\t\t\t\t\t\t\t\t<td class=\"compare-value-hover\">&nbsp;<\/td>\n\t\t\t\t\t\t\t\t<\/tr>\n\t\t\t\t\t\t\t\t\t\t\t\t\t\t\t\t\t\t\t\t\t\t\t\t\t\t\t\t<tr>\n\t\t\t\t\t\t\t\t\t<td class=\"compare-value-hover\">&nbsp;<\/td>\n\t\t\t\t\t\t\t\t<\/tr>\n\t\t\t\t\t\t\t\t\t\t\t\t\t\t\t\t\t\t\t\t\t\t\t\t\t\t\t\t<tr>\n\t\t\t\t\t\t\t\t\t<td class=\"compare-value-hover\">&nbsp;<\/td>\n\t\t\t\t\t\t\t\t<\/tr>\n\t\t\t\t\t\t\t\t\t\t\t\t\t\t\t\t\t\t\t\t\t\t\t\t\t\t\t\t<tr>\n\t\t\t\t\t\t\t\t\t<td class=\"compare-value-hover\">&nbsp;<\/td>\n\t\t\t\t\t\t\t\t<\/tr>\n\t\t\t\t\t\t\t\t\t\t\t\t\t\t\t\t\t\t\t\t\t\t\t\t\t\t\t\t<tr>\n\t\t\t\t\t\t\t\t\t<td class=\"compare-value-hover\">&nbsp;<\/td>\n\t\t\t\t\t\t\t\t<\/tr>\n\t\t\t\t\t\t\t\t\t\t\t\t\t\t\t\t\t\t<\/table>\n\t\t\t\t<\/div>\n\t\t\t<\/div>\n\t\t\t<\/div>\n\n\t<script>\n\t\tjQuery(document).ready(function ($) {\n\n\t\t\tvar heigth = 0;\n\t\t\t$('.compare-values table tbody tr td').each(function(){\n\t\t\t\theigth = $(this).height();\n\n\t\t\t\t$('.' + $(this).attr('data-value')).each(function () {\n\t\t\t\t\tif($(this).height() > heigth || heigth > 0) {\n\t\t\t\t\t\theigth = $(this).height() + 18;\n\t\t\t\t\t\t$('.' + $(this).attr('data-value')).css('height', heigth + 'px');\n\t\t\t\t\t}\n\t\t\t\t});\n\t\t\t});\n\n\t\t\t$('.compare-value-hover').on({\n\t\t\t\tmouseenter: function () {\n\t\t\t\t\tvar dataValue = $(this).data('value');\n\t\t\t\t\t$('.compare-value-hover[data-value = ' + dataValue + ']').addClass('hovered');\n\t\t\t\t},\n\t\t\t\tmouseleave: function () {\n\t\t\t\t\t$('.compare-value-hover').removeClass('hovered');\n\t\t\t\t}\n\t\t\t});\n\t\t})\n\t<\/script>\n<\/div>\n\t\t\t\t<\/div>\n\t\t\t\t<\/div>\n\t\t\t\t\t<\/div>\n\t\t\t\t<\/div>\n\t\t\t\t<\/div>","protected":false},"excerpt":{"rendered":"<p>Comparateur Carmax Ajoutez un v\u00e9hicule Ajoutez un v\u00e9hicule Ajoutez un v\u00e9hicule Marque Cat\u00e9gorie v\u00e9hicule Mod\u00e8le Carburant Cylindr\u00e9e Vignette Consommation Puissance &nbsp; &nbsp; &nbsp; &nbsp; &nbsp; &nbsp; &nbsp; &nbsp; &nbsp; &nbsp; &nbsp; &nbsp; &nbsp; &nbsp; &nbsp; &nbsp; &nbsp; &nbsp; &nbsp; &nbsp; &nbsp; &nbsp; &nbsp; &nbsp; Ajoutez un v\u00e9hicule &nbsp; &nbsp; &nbsp; &nbsp; &nbsp; &nbsp; &nbsp; &nbsp;<\/p>","protected":false},"author":1,"featured_media":0,"parent":0,"menu_order":0,"comment_status":"closed","ping_status":"closed","template":"","meta":{"_bbp_topic_count":0,"_bbp_reply_count":0,"_bbp_total_topic_count":0,"_bbp_total_reply_count":0,"_bbp_voice_count":0,"_bbp_anonymous_reply_count":0,"_bbp_topic_count_hidden":0,"_bbp_reply_count_hidden":0,"_bbp_forum_subforum_count":0,"footnotes":""},"class_list":["post-2144","page","type-page","status-publish","hentry"],"jetpack_sharing_enabled":true,"_links":{"self":[{"href":"https:\/\/carmax.ma\/es\/wp-json\/wp\/v2\/pages\/2144","targetHints":{"allow":["GET"]}}],"collection":[{"href":"https:\/\/carmax.ma\/es\/wp-json\/wp\/v2\/pages"}],"about":[{"href":"https:\/\/carmax.ma\/es\/wp-json\/wp\/v2\/types\/page"}],"author":[{"embeddable":true,"href":"https:\/\/carmax.ma\/es\/wp-json\/wp\/v2\/users\/1"}],"replies":[{"embeddable":true,"href":"https:\/\/carmax.ma\/es\/wp-json\/wp\/v2\/comments?post=2144"}],"version-history":[{"count":3,"href":"https:\/\/carmax.ma\/es\/wp-json\/wp\/v2\/pages\/2144\/revisions"}],"predecessor-version":[{"id":8065,"href":"https:\/\/carmax.ma\/es\/wp-json\/wp\/v2\/pages\/2144\/revisions\/8065"}],"wp:attachment":[{"href":"https:\/\/carmax.ma\/es\/wp-json\/wp\/v2\/media?parent=2144"}],"curies":[{"name":"wp","href":"https:\/\/api.w.org\/{rel}","templated":true}]}}