{"id":3516,"date":"2018-04-16T07:11:24","date_gmt":"2018-04-16T07:11:24","guid":{"rendered":"http:\/\/motors-demo.loc\/?page_id=3516"},"modified":"2025-11-26T03:49:31","modified_gmt":"2025-11-26T03:49:31","slug":"guia","status":"publish","type":"page","link":"https:\/\/carmax.ma\/es\/guia\/","title":{"rendered":"Informaci\u00f3n jur\u00eddica y gu\u00edas"},"content":{"rendered":"<div data-elementor-type=\"wp-page\" data-elementor-id=\"3516\" class=\"elementor elementor-3516\" data-elementor-settings=\"{&quot;element_pack_global_tooltip_width&quot;:{&quot;unit&quot;:&quot;px&quot;,&quot;size&quot;:&quot;&quot;,&quot;sizes&quot;:[]},&quot;element_pack_global_tooltip_width_tablet&quot;:{&quot;unit&quot;:&quot;px&quot;,&quot;size&quot;:&quot;&quot;,&quot;sizes&quot;:[]},&quot;element_pack_global_tooltip_width_mobile&quot;:{&quot;unit&quot;:&quot;px&quot;,&quot;size&quot;:&quot;&quot;,&quot;sizes&quot;:[]},&quot;element_pack_global_tooltip_padding&quot;:{&quot;unit&quot;:&quot;px&quot;,&quot;top&quot;:&quot;&quot;,&quot;right&quot;:&quot;&quot;,&quot;bottom&quot;:&quot;&quot;,&quot;left&quot;:&quot;&quot;,&quot;isLinked&quot;:true},&quot;element_pack_global_tooltip_padding_tablet&quot;:{&quot;unit&quot;:&quot;px&quot;,&quot;top&quot;:&quot;&quot;,&quot;right&quot;:&quot;&quot;,&quot;bottom&quot;:&quot;&quot;,&quot;left&quot;:&quot;&quot;,&quot;isLinked&quot;:true},&quot;element_pack_global_tooltip_padding_mobile&quot;:{&quot;unit&quot;:&quot;px&quot;,&quot;top&quot;:&quot;&quot;,&quot;right&quot;:&quot;&quot;,&quot;bottom&quot;:&quot;&quot;,&quot;left&quot;:&quot;&quot;,&quot;isLinked&quot;:true},&quot;element_pack_global_tooltip_border_radius&quot;:{&quot;unit&quot;:&quot;px&quot;,&quot;top&quot;:&quot;&quot;,&quot;right&quot;:&quot;&quot;,&quot;bottom&quot;:&quot;&quot;,&quot;left&quot;:&quot;&quot;,&quot;isLinked&quot;:true},&quot;element_pack_global_tooltip_border_radius_tablet&quot;:{&quot;unit&quot;:&quot;px&quot;,&quot;top&quot;:&quot;&quot;,&quot;right&quot;:&quot;&quot;,&quot;bottom&quot;:&quot;&quot;,&quot;left&quot;:&quot;&quot;,&quot;isLinked&quot;:true},&quot;element_pack_global_tooltip_border_radius_mobile&quot;:{&quot;unit&quot;:&quot;px&quot;,&quot;top&quot;:&quot;&quot;,&quot;right&quot;:&quot;&quot;,&quot;bottom&quot;:&quot;&quot;,&quot;left&quot;:&quot;&quot;,&quot;isLinked&quot;:true}}\">\n\t\t\t\t<div class=\"elementor-element elementor-element-e329517 e-grid e-con-boxed e-con e-parent\" data-id=\"e329517\" data-element_type=\"container\" data-e-type=\"container\">\n\t\t\t\t\t<div class=\"e-con-inner\">\n\t\t\t\t\t<\/div>\n\t\t\t\t<\/div>\n\t\t<div class=\"elementor-element elementor-element-9f5dd34 e-grid e-con-boxed e-con e-parent\" data-id=\"9f5dd34\" data-element_type=\"container\" data-e-type=\"container\">\n\t\t\t\t\t<div class=\"e-con-inner\">\n\t\t\t\t<div class=\"elementor-element elementor-element-31768fd elementor-widget elementor-widget-image\" data-id=\"31768fd\" data-element_type=\"widget\" data-e-type=\"widget\" data-widget_type=\"image.default\">\n\t\t\t\t\t\t\t\t\t\t\t\t<figure class=\"wp-caption\">\n\t\t\t\t\t\t\t\t\t\t\t<a href=\"https:\/\/khadamatnarsa.ma\/fr\/services\/permis-de-conduire\" target=\"_blank\">\n\t\t\t\t\t\t\t<img fetchpriority=\"high\" decoding=\"async\" width=\"300\" height=\"300\" src=\"https:\/\/carmax.ma\/wp-content\/uploads\/2025\/11\/Permis-de-conduire.png\" class=\"attachment-medium size-medium wp-image-7865\" alt=\"\" srcset=\"https:\/\/carmax.ma\/wp-content\/uploads\/2025\/11\/Permis-de-conduire.png 300w, https:\/\/carmax.ma\/wp-content\/uploads\/2025\/11\/Permis-de-conduire-150x150.png 150w, https:\/\/carmax.ma\/wp-content\/uploads\/2025\/11\/Permis-de-conduire-12x12.png 12w, https:\/\/carmax.ma\/wp-content\/uploads\/2025\/11\/Permis-de-conduire-120x120.png 120w, https:\/\/carmax.ma\/wp-content\/uploads\/2025\/11\/Permis-de-conduire-255x255.png 255w, https:\/\/carmax.ma\/wp-content\/uploads\/2025\/11\/Permis-de-conduire-280x280.png 280w, https:\/\/carmax.ma\/wp-content\/uploads\/2025\/11\/Permis-de-conduire-275x275.png 275w, https:\/\/carmax.ma\/wp-content\/uploads\/2025\/11\/Permis-de-conduire-100x100.png 100w\" sizes=\"(max-width: 300px) 100vw, 300px\" \/>\t\t\t\t\t\t\t\t<\/a>\n\t\t\t\t\t\t\t\t\t\t\t<figcaption class=\"widget-image-caption wp-caption-text\">Permiso de conducir<\/figcaption>\n\t\t\t\t\t\t\t\t\t\t<\/figure>\n\t\t\t\t\t\t\t\t\t<\/div>\n\t\t\t\t<div class=\"elementor-element elementor-element-3a7f930 elementor-widget elementor-widget-image\" data-id=\"3a7f930\" data-element_type=\"widget\" data-e-type=\"widget\" data-widget_type=\"image.default\">\n\t\t\t\t\t\t\t\t\t\t\t\t<figure class=\"wp-caption\">\n\t\t\t\t\t\t\t\t\t\t\t<a href=\"https:\/\/khadamatnarsa.ma\/fr\/services\/carte-grise\" target=\"_blank\">\n\t\t\t\t\t\t\t<img decoding=\"async\" width=\"300\" height=\"300\" src=\"https:\/\/carmax.ma\/wp-content\/uploads\/2025\/11\/Carte-grise.png\" class=\"attachment-medium size-medium wp-image-7864\" alt=\"\" srcset=\"https:\/\/carmax.ma\/wp-content\/uploads\/2025\/11\/Carte-grise.png 300w, https:\/\/carmax.ma\/wp-content\/uploads\/2025\/11\/Carte-grise-150x150.png 150w, https:\/\/carmax.ma\/wp-content\/uploads\/2025\/11\/Carte-grise-12x12.png 12w, https:\/\/carmax.ma\/wp-content\/uploads\/2025\/11\/Carte-grise-120x120.png 120w, https:\/\/carmax.ma\/wp-content\/uploads\/2025\/11\/Carte-grise-255x255.png 255w, https:\/\/carmax.ma\/wp-content\/uploads\/2025\/11\/Carte-grise-280x280.png 280w, https:\/\/carmax.ma\/wp-content\/uploads\/2025\/11\/Carte-grise-275x275.png 275w, https:\/\/carmax.ma\/wp-content\/uploads\/2025\/11\/Carte-grise-100x100.png 100w\" sizes=\"(max-width: 300px) 100vw, 300px\" \/>\t\t\t\t\t\t\t\t<\/a>\n\t\t\t\t\t\t\t\t\t\t\t<figcaption class=\"widget-image-caption wp-caption-text\">Carte Grise<\/figcaption>\n\t\t\t\t\t\t\t\t\t\t<\/figure>\n\t\t\t\t\t\t\t\t\t<\/div>\n\t\t\t\t<div class=\"elementor-element elementor-element-f84775f elementor-widget elementor-widget-image\" data-id=\"f84775f\" data-element_type=\"widget\" data-e-type=\"widget\" data-widget_type=\"image.default\">\n\t\t\t\t\t\t\t\t\t\t\t\t<figure class=\"wp-caption\">\n\t\t\t\t\t\t\t\t\t\t\t<a href=\"https:\/\/khadamatnarsa.ma\/fr\/services\/infractions-routieres\" target=\"_blank\">\n\t\t\t\t\t\t\t<img decoding=\"async\" width=\"300\" height=\"300\" src=\"https:\/\/carmax.ma\/wp-content\/uploads\/2025\/11\/Infractions.png\" class=\"attachment-medium size-medium wp-image-7867\" alt=\"\" srcset=\"https:\/\/carmax.ma\/wp-content\/uploads\/2025\/11\/Infractions.png 300w, https:\/\/carmax.ma\/wp-content\/uploads\/2025\/11\/Infractions-150x150.png 150w, https:\/\/carmax.ma\/wp-content\/uploads\/2025\/11\/Infractions-12x12.png 12w, https:\/\/carmax.ma\/wp-content\/uploads\/2025\/11\/Infractions-120x120.png 120w, https:\/\/carmax.ma\/wp-content\/uploads\/2025\/11\/Infractions-255x255.png 255w, https:\/\/carmax.ma\/wp-content\/uploads\/2025\/11\/Infractions-280x280.png 280w, https:\/\/carmax.ma\/wp-content\/uploads\/2025\/11\/Infractions-275x275.png 275w, https:\/\/carmax.ma\/wp-content\/uploads\/2025\/11\/Infractions-100x100.png 100w\" sizes=\"(max-width: 300px) 100vw, 300px\" \/>\t\t\t\t\t\t\t\t<\/a>\n\t\t\t\t\t\t\t\t\t\t\t<figcaption class=\"widget-image-caption wp-caption-text\">Infracciones de tr\u00e1fico<\/figcaption>\n\t\t\t\t\t\t\t\t\t\t<\/figure>\n\t\t\t\t\t\t\t\t\t<\/div>\n\t\t\t\t<div class=\"elementor-element elementor-element-16977ed elementor-widget elementor-widget-image\" data-id=\"16977ed\" data-element_type=\"widget\" data-e-type=\"widget\" data-widget_type=\"image.default\">\n\t\t\t\t\t\t\t\t\t\t\t\t<figure class=\"wp-caption\">\n\t\t\t\t\t\t\t\t\t\t\t<a href=\"https:\/\/www.mutationvehicule.ma\/\" target=\"_blank\">\n\t\t\t\t\t\t\t<img loading=\"lazy\" decoding=\"async\" width=\"300\" height=\"300\" src=\"https:\/\/carmax.ma\/wp-content\/uploads\/2025\/11\/Mutation.png\" class=\"attachment-medium size-medium wp-image-7868\" alt=\"\" srcset=\"https:\/\/carmax.ma\/wp-content\/uploads\/2025\/11\/Mutation.png 300w, https:\/\/carmax.ma\/wp-content\/uploads\/2025\/11\/Mutation-150x150.png 150w, https:\/\/carmax.ma\/wp-content\/uploads\/2025\/11\/Mutation-12x12.png 12w, https:\/\/carmax.ma\/wp-content\/uploads\/2025\/11\/Mutation-120x120.png 120w, https:\/\/carmax.ma\/wp-content\/uploads\/2025\/11\/Mutation-255x255.png 255w, https:\/\/carmax.ma\/wp-content\/uploads\/2025\/11\/Mutation-280x280.png 280w, https:\/\/carmax.ma\/wp-content\/uploads\/2025\/11\/Mutation-275x275.png 275w, https:\/\/carmax.ma\/wp-content\/uploads\/2025\/11\/Mutation-100x100.png 100w\" sizes=\"(max-width: 300px) 100vw, 300px\" \/>\t\t\t\t\t\t\t\t<\/a>\n\t\t\t\t\t\t\t\t\t\t\t<figcaption class=\"widget-image-caption wp-caption-text\">Transferencias de veh\u00edculos<\/figcaption>\n\t\t\t\t\t\t\t\t\t\t<\/figure>\n\t\t\t\t\t\t\t\t\t<\/div>\n\t\t\t\t<div class=\"elementor-element elementor-element-fa405fd elementor-widget elementor-widget-image\" data-id=\"fa405fd\" data-element_type=\"widget\" data-e-type=\"widget\" data-widget_type=\"image.default\">\n\t\t\t\t\t\t\t\t\t\t\t\t<figure class=\"wp-caption\">\n\t\t\t\t\t\t\t\t\t\t\t<a href=\"https:\/\/khadamatnarsa.ma\/fr\/consultation-de-letat-des-oppositions\" target=\"_blank\">\n\t\t\t\t\t\t\t<img loading=\"lazy\" decoding=\"async\" width=\"300\" height=\"300\" src=\"https:\/\/carmax.ma\/wp-content\/uploads\/2025\/11\/Opposition.png\" class=\"attachment-medium size-medium wp-image-7869\" alt=\"\" srcset=\"https:\/\/carmax.ma\/wp-content\/uploads\/2025\/11\/Opposition.png 300w, https:\/\/carmax.ma\/wp-content\/uploads\/2025\/11\/Opposition-150x150.png 150w, https:\/\/carmax.ma\/wp-content\/uploads\/2025\/11\/Opposition-12x12.png 12w, https:\/\/carmax.ma\/wp-content\/uploads\/2025\/11\/Opposition-120x120.png 120w, https:\/\/carmax.ma\/wp-content\/uploads\/2025\/11\/Opposition-255x255.png 255w, https:\/\/carmax.ma\/wp-content\/uploads\/2025\/11\/Opposition-280x280.png 280w, https:\/\/carmax.ma\/wp-content\/uploads\/2025\/11\/Opposition-275x275.png 275w, https:\/\/carmax.ma\/wp-content\/uploads\/2025\/11\/Opposition-100x100.png 100w\" sizes=\"(max-width: 300px) 100vw, 300px\" \/>\t\t\t\t\t\t\t\t<\/a>\n\t\t\t\t\t\t\t\t\t\t\t<figcaption class=\"widget-image-caption wp-caption-text\">Ver el estado de las objeciones<\/figcaption>\n\t\t\t\t\t\t\t\t\t\t<\/figure>\n\t\t\t\t\t\t\t\t\t<\/div>\n\t\t\t\t<div class=\"elementor-element elementor-element-2bd0553 elementor-widget elementor-widget-image\" data-id=\"2bd0553\" data-element_type=\"widget\" data-e-type=\"widget\" data-widget_type=\"image.default\">\n\t\t\t\t\t\t\t\t\t\t\t\t<figure class=\"wp-caption\">\n\t\t\t\t\t\t\t\t\t\t\t<a href=\"https:\/\/khadamatnarsa.ma\/fr\/services\/controle-technique-et-lhomologation\" target=\"_blank\">\n\t\t\t\t\t\t\t<img loading=\"lazy\" decoding=\"async\" width=\"300\" height=\"300\" src=\"https:\/\/carmax.ma\/wp-content\/uploads\/2025\/11\/Controle-technique.png\" class=\"attachment-medium size-medium wp-image-7866\" alt=\"\" srcset=\"https:\/\/carmax.ma\/wp-content\/uploads\/2025\/11\/Controle-technique.png 300w, https:\/\/carmax.ma\/wp-content\/uploads\/2025\/11\/Controle-technique-150x150.png 150w, https:\/\/carmax.ma\/wp-content\/uploads\/2025\/11\/Controle-technique-12x12.png 12w, https:\/\/carmax.ma\/wp-content\/uploads\/2025\/11\/Controle-technique-120x120.png 120w, https:\/\/carmax.ma\/wp-content\/uploads\/2025\/11\/Controle-technique-255x255.png 255w, https:\/\/carmax.ma\/wp-content\/uploads\/2025\/11\/Controle-technique-280x280.png 280w, https:\/\/carmax.ma\/wp-content\/uploads\/2025\/11\/Controle-technique-275x275.png 275w, https:\/\/carmax.ma\/wp-content\/uploads\/2025\/11\/Controle-technique-100x100.png 100w\" sizes=\"(max-width: 300px) 100vw, 300px\" \/>\t\t\t\t\t\t\t\t<\/a>\n\t\t\t\t\t\t\t\t\t\t\t<figcaption class=\"widget-image-caption wp-caption-text\">Inspecci\u00f3n t\u00e9cnica y homologaci\u00f3n<\/figcaption>\n\t\t\t\t\t\t\t\t\t\t<\/figure>\n\t\t\t\t\t\t\t\t\t<\/div>\n\t\t\t\t\t<\/div>\n\t\t\t\t<\/div>\n\t\t<div class=\"elementor-element elementor-element-d4db003 e-grid e-con-boxed e-con e-parent\" data-id=\"d4db003\" data-element_type=\"container\" data-e-type=\"container\">\n\t\t\t\t\t<div class=\"e-con-inner\">\n\t\t\t\t\t<\/div>\n\t\t\t\t<\/div>\n\t\t\t\t<section class=\"elementor-section elementor-top-section elementor-element elementor-element-0eeaf28 elementor-section-content-middle elementor-section-stretched elementor-section-boxed elementor-section-height-default elementor-section-height-default\" data-id=\"0eeaf28\" data-element_type=\"section\" data-e-type=\"section\" data-settings=\"{&quot;stretch_section&quot;:&quot;section-stretched&quot;,&quot;background_background&quot;:&quot;classic&quot;}\">\n\t\t\t\t\t\t<div class=\"elementor-container elementor-column-gap-default\">\n\t\t\t\t\t<div class=\"elementor-column elementor-col-50 elementor-top-column elementor-element elementor-element-5c651bf\" data-id=\"5c651bf\" data-element_type=\"column\" data-e-type=\"column\">\n\t\t\t<div class=\"elementor-widget-wrap elementor-element-populated\">\n\t\t\t\t\t\t<div class=\"elementor-element elementor-element-595dce1 elementor-widget elementor-widget-heading\" data-id=\"595dce1\" data-element_type=\"widget\" data-e-type=\"widget\" data-widget_type=\"heading.default\">\n\t\t\t\t\t<h3 class=\"elementor-heading-title elementor-size-default\"><span style=\"color:#273f44\">\u00bfTiene alguna pregunta?<\/span> <\/h3>\t\t\t\t<\/div>\n\t\t\t\t\t<\/div>\n\t\t<\/div>\n\t\t\t\t<div class=\"elementor-column elementor-col-50 elementor-top-column elementor-element elementor-element-b6e2f36\" data-id=\"b6e2f36\" data-element_type=\"column\" data-e-type=\"column\">\n\t\t\t<div class=\"elementor-widget-wrap elementor-element-populated\">\n\t\t\t\t\t\t<section class=\"elementor-section elementor-inner-section elementor-element elementor-element-c10c5e5 elementor-section-content-middle elementor-section-boxed elementor-section-height-default elementor-section-height-default\" data-id=\"c10c5e5\" data-element_type=\"section\" data-e-type=\"section\">\n\t\t\t\t\t\t<div class=\"elementor-container elementor-column-gap-default\">\n\t\t\t\t\t<div class=\"elementor-column elementor-col-100 elementor-inner-column elementor-element elementor-element-3a02929\" data-id=\"3a02929\" data-element_type=\"column\" data-e-type=\"column\">\n\t\t\t<div class=\"elementor-widget-wrap elementor-element-populated\">\n\t\t\t\t\t\t<div class=\"elementor-element elementor-element-42cc5b1 elementor-tablet-align-right elementor-mobile-align-center elementor-widget elementor-widget-button\" data-id=\"42cc5b1\" data-element_type=\"widget\" data-e-type=\"widget\" data-widget_type=\"button.default\">\n\t\t\t\t\t\t\t\t\t\t<a class=\"elementor-button elementor-button-link elementor-size-sm\" href=\"https:\/\/carmax.ma\/community\/\">\n\t\t\t\t\t\t<span class=\"elementor-button-content-wrapper\">\n\t\t\t\t\t\t<span class=\"elementor-button-icon\">\n\t\t\t\t<svg aria-hidden=\"true\" class=\"e-font-icon-svg e-far-envelope\" viewbox=\"0 0 512 512\" xmlns=\"http:\/\/www.w3.org\/2000\/svg\"><path d=\"M464 64H48C21.49 64 0 85.49 0 112v288c0 26.51 21.49 48 48 48h416c26.51 0 48-21.49 48-48V112c0-26.51-21.49-48-48-48zm0 48v40.805c-22.422 18.259-58.168 46.651-134.587 106.49-16.841 13.247-50.201 45.072-73.413 44.701-23.208.375-56.579-31.459-73.413-44.701C106.18 199.465 70.425 171.067 48 152.805V112h416zM48 400V214.398c22.914 18.251 55.409 43.862 104.938 82.646 21.857 17.205 60.134 55.186 103.062 54.955 42.717.231 80.509-37.199 103.053-54.947 49.528-38.783 82.032-64.401 104.947-82.653V400H48z\"><\/path><\/svg>\t\t\t<\/span>\n\t\t\t\t\t\t\t\t\t<span class=\"elementor-button-text\">Consulte nuestro Foro<\/span>\n\t\t\t\t\t<\/span>\n\t\t\t\t\t<\/a>\n\t\t\t\t\t\t\t\t<\/div>\n\t\t\t\t\t<\/div>\n\t\t<\/div>\n\t\t\t\t\t<\/div>\n\t\t<\/section>\n\t\t\t\t\t<\/div>\n\t\t<\/div>\n\t\t\t\t\t<\/div>\n\t\t<\/section>\n\t\t\t\t<\/div>","protected":false},"excerpt":{"rendered":"<p>Permis de Conduire Carte Grise Infractions Routi\u00e8res Mutation des V\u00e9hicules Consultation de l&#8217;\u00e9tat des oppositions Contr\u00f4le technique et l&#8217;homologation Vous avez des questions ? Consultez notre Forum<\/p>","protected":false},"author":1,"featured_media":0,"parent":0,"menu_order":0,"comment_status":"closed","ping_status":"closed","template":"","meta":{"_bbp_topic_count":0,"_bbp_reply_count":0,"_bbp_total_topic_count":0,"_bbp_total_reply_count":0,"_bbp_voice_count":0,"_bbp_anonymous_reply_count":0,"_bbp_topic_count_hidden":0,"_bbp_reply_count_hidden":0,"_bbp_forum_subforum_count":0,"footnotes":""},"class_list":["post-3516","page","type-page","status-publish","hentry"],"jetpack_sharing_enabled":true,"_links":{"self":[{"href":"https:\/\/carmax.ma\/es\/wp-json\/wp\/v2\/pages\/3516","targetHints":{"allow":["GET"]}}],"collection":[{"href":"https:\/\/carmax.ma\/es\/wp-json\/wp\/v2\/pages"}],"about":[{"href":"https:\/\/carmax.ma\/es\/wp-json\/wp\/v2\/types\/page"}],"author":[{"embeddable":true,"href":"https:\/\/carmax.ma\/es\/wp-json\/wp\/v2\/users\/1"}],"replies":[{"embeddable":true,"href":"https:\/\/carmax.ma\/es\/wp-json\/wp\/v2\/comments?post=3516"}],"version-history":[{"count":70,"href":"https:\/\/carmax.ma\/es\/wp-json\/wp\/v2\/pages\/3516\/revisions"}],"predecessor-version":[{"id":8013,"href":"https:\/\/carmax.ma\/es\/wp-json\/wp\/v2\/pages\/3516\/revisions\/8013"}],"wp:attachment":[{"href":"https:\/\/carmax.ma\/es\/wp-json\/wp\/v2\/media?parent=3516"}],"curies":[{"name":"wp","href":"https:\/\/api.w.org\/{rel}","templated":true}]}}