{"id":6008,"date":"2025-10-10T11:04:09","date_gmt":"2025-10-10T11:04:09","guid":{"rendered":"https:\/\/carmax.ma\/?page_id=6008"},"modified":"2025-11-26T03:41:27","modified_gmt":"2025-11-26T03:41:27","slug":"seguro","status":"publish","type":"page","link":"https:\/\/carmax.ma\/es\/seguro\/","title":{"rendered":"Seguros"},"content":{"rendered":"<div data-elementor-type=\"wp-page\" data-elementor-id=\"6008\" class=\"elementor elementor-6008\" data-elementor-settings=\"{&quot;element_pack_global_tooltip_width&quot;:{&quot;unit&quot;:&quot;px&quot;,&quot;size&quot;:&quot;&quot;,&quot;sizes&quot;:[]},&quot;element_pack_global_tooltip_width_tablet&quot;:{&quot;unit&quot;:&quot;px&quot;,&quot;size&quot;:&quot;&quot;,&quot;sizes&quot;:[]},&quot;element_pack_global_tooltip_width_mobile&quot;:{&quot;unit&quot;:&quot;px&quot;,&quot;size&quot;:&quot;&quot;,&quot;sizes&quot;:[]},&quot;element_pack_global_tooltip_padding&quot;:{&quot;unit&quot;:&quot;px&quot;,&quot;top&quot;:&quot;&quot;,&quot;right&quot;:&quot;&quot;,&quot;bottom&quot;:&quot;&quot;,&quot;left&quot;:&quot;&quot;,&quot;isLinked&quot;:true},&quot;element_pack_global_tooltip_padding_tablet&quot;:{&quot;unit&quot;:&quot;px&quot;,&quot;top&quot;:&quot;&quot;,&quot;right&quot;:&quot;&quot;,&quot;bottom&quot;:&quot;&quot;,&quot;left&quot;:&quot;&quot;,&quot;isLinked&quot;:true},&quot;element_pack_global_tooltip_padding_mobile&quot;:{&quot;unit&quot;:&quot;px&quot;,&quot;top&quot;:&quot;&quot;,&quot;right&quot;:&quot;&quot;,&quot;bottom&quot;:&quot;&quot;,&quot;left&quot;:&quot;&quot;,&quot;isLinked&quot;:true},&quot;element_pack_global_tooltip_border_radius&quot;:{&quot;unit&quot;:&quot;px&quot;,&quot;top&quot;:&quot;&quot;,&quot;right&quot;:&quot;&quot;,&quot;bottom&quot;:&quot;&quot;,&quot;left&quot;:&quot;&quot;,&quot;isLinked&quot;:true},&quot;element_pack_global_tooltip_border_radius_tablet&quot;:{&quot;unit&quot;:&quot;px&quot;,&quot;top&quot;:&quot;&quot;,&quot;right&quot;:&quot;&quot;,&quot;bottom&quot;:&quot;&quot;,&quot;left&quot;:&quot;&quot;,&quot;isLinked&quot;:true},&quot;element_pack_global_tooltip_border_radius_mobile&quot;:{&quot;unit&quot;:&quot;px&quot;,&quot;top&quot;:&quot;&quot;,&quot;right&quot;:&quot;&quot;,&quot;bottom&quot;:&quot;&quot;,&quot;left&quot;:&quot;&quot;,&quot;isLinked&quot;:true}}\">\n\t\t\t\t<div class=\"elementor-element elementor-element-ca4f528 e-flex e-con-boxed e-con e-parent\" data-id=\"ca4f528\" data-element_type=\"container\" data-e-type=\"container\">\n\t\t\t\t\t<div class=\"e-con-inner\">\n\t\t<div class=\"elementor-element elementor-element-2b1e658 e-con-full e-flex e-con e-child\" data-id=\"2b1e658\" data-element_type=\"container\" data-e-type=\"container\">\n\t\t\t\t<div class=\"elementor-element elementor-element-7f48170 elementor-widget elementor-widget-heading\" data-id=\"7f48170\" data-element_type=\"widget\" data-e-type=\"widget\" data-widget_type=\"heading.default\">\n\t\t\t\t\t<h3 class=\"elementor-heading-title elementor-size-default\">Choisir la Bonne Assurance Auto <\/h3>\t\t\t\t<\/div>\n\t\t\t\t<div class=\"elementor-element elementor-element-11f6537 elementor-widget elementor-widget-text-editor\" data-id=\"11f6537\" data-element_type=\"widget\" data-e-type=\"widget\" data-widget_type=\"text-editor.default\">\n\t\t\t\t\t\t\t\t\t<p data-path-to-node=\"4\">Le Guide Carmax.ma d\u00e9taill\u00e9 vous aidera \u00e0 comprendre les diff\u00e9rents types de garanties (responsabilit\u00e9 civile, tous risques, tiers, vol, incendie&#8230;), \u00e0 d\u00e9crypter les clauses contractuelles, et \u00e0 comparer les offres pour prendre une d\u00e9cision \u00e9clair\u00e9e. Parce que votre s\u00e9curit\u00e9 et celle de votre investissement m\u00e9ritent la meilleure protection !<\/p><p data-path-to-node=\"5\">\u00a0<\/p>\t\t\t\t\t\t\t\t<\/div>\n\t\t\t\t<\/div>\n\t\t<div class=\"elementor-element elementor-element-d827b5a e-con-full e-flex e-con e-child\" data-id=\"d827b5a\" data-element_type=\"container\" data-e-type=\"container\">\n\t\t\t\t<div class=\"elementor-element elementor-element-87a6e27 elementor-widget elementor-widget-image\" data-id=\"87a6e27\" data-element_type=\"widget\" data-e-type=\"widget\" data-widget_type=\"image.default\">\n\t\t\t\t\t\t\t\t\t\t\t\t\t\t\t<img fetchpriority=\"high\" decoding=\"async\" width=\"1024\" height=\"1024\" src=\"https:\/\/carmax.ma\/wp-content\/uploads\/2025\/11\/Assurance-1-1.png\" class=\"attachment-large size-large wp-image-7946\" alt=\"\" srcset=\"https:\/\/carmax.ma\/wp-content\/uploads\/2025\/11\/Assurance-1-1.png 1024w, https:\/\/carmax.ma\/wp-content\/uploads\/2025\/11\/Assurance-1-1-300x300.png 300w, https:\/\/carmax.ma\/wp-content\/uploads\/2025\/11\/Assurance-1-1-150x150.png 150w, https:\/\/carmax.ma\/wp-content\/uploads\/2025\/11\/Assurance-1-1-12x12.png 12w, https:\/\/carmax.ma\/wp-content\/uploads\/2025\/11\/Assurance-1-1-120x120.png 120w, https:\/\/carmax.ma\/wp-content\/uploads\/2025\/11\/Assurance-1-1-255x255.png 255w, https:\/\/carmax.ma\/wp-content\/uploads\/2025\/11\/Assurance-1-1-510x510.png 510w, https:\/\/carmax.ma\/wp-content\/uploads\/2025\/11\/Assurance-1-1-280x280.png 280w, https:\/\/carmax.ma\/wp-content\/uploads\/2025\/11\/Assurance-1-1-560x560.png 560w, https:\/\/carmax.ma\/wp-content\/uploads\/2025\/11\/Assurance-1-1-350x350.png 350w, https:\/\/carmax.ma\/wp-content\/uploads\/2025\/11\/Assurance-1-1-700x700.png 700w, https:\/\/carmax.ma\/wp-content\/uploads\/2025\/11\/Assurance-1-1-398x398.png 398w, https:\/\/carmax.ma\/wp-content\/uploads\/2025\/11\/Assurance-1-1-796x796.png 796w, https:\/\/carmax.ma\/wp-content\/uploads\/2025\/11\/Assurance-1-1-275x275.png 275w, https:\/\/carmax.ma\/wp-content\/uploads\/2025\/11\/Assurance-1-1-550x550.png 550w, https:\/\/carmax.ma\/wp-content\/uploads\/2025\/11\/Assurance-1-1-327x327.png 327w, https:\/\/carmax.ma\/wp-content\/uploads\/2025\/11\/Assurance-1-1-100x100.png 100w\" sizes=\"(max-width: 1024px) 100vw, 1024px\" \/>\t\t\t\t\t\t\t\t\t\t\t\t\t\t\t<\/div>\n\t\t\t\t<\/div>\n\t\t\t\t\t<\/div>\n\t\t\t\t<\/div>\n\t\t<div class=\"elementor-element elementor-element-3d25584 e-flex e-con-boxed e-con e-parent\" data-id=\"3d25584\" data-element_type=\"container\" data-e-type=\"container\">\n\t\t\t\t\t<div class=\"e-con-inner\">\n\t\t\t\t<div class=\"elementor-element elementor-element-513dba5 elementor-widget elementor-widget-heading\" data-id=\"513dba5\" data-element_type=\"widget\" data-e-type=\"widget\" data-widget_type=\"heading.default\">\n\t\t\t\t\t<h2 class=\"elementor-heading-title elementor-size-default\">Les Formules :\n<\/h2>\t\t\t\t<\/div>\n\t\t\t\t<div class=\"elementor-element elementor-element-7588028 elementor-widget elementor-widget-heading\" data-id=\"7588028\" data-element_type=\"widget\" data-e-type=\"widget\" data-widget_type=\"heading.default\">\n\t\t\t\t\t<h2 class=\"elementor-heading-title elementor-size-default\">Compara <\/h2>\t\t\t\t<\/div>\n\t\t\t\t\t<\/div>\n\t\t\t\t<\/div>\n\t\t<div class=\"elementor-element elementor-element-fe853df e-grid e-con-boxed e-con e-parent\" data-id=\"fe853df\" data-element_type=\"container\" data-e-type=\"container\">\n\t\t\t\t\t<div class=\"e-con-inner\">\n\t\t\t\t<div class=\"elementor-element elementor-element-2b177f9 bdt-image-hover-effect-wrap bdt-image-hover-effect-4 bdt-background-image-parallax-yes elementor-widget elementor-widget-image\" data-id=\"2b177f9\" data-element_type=\"widget\" data-e-type=\"widget\" data-settings=\"{&quot;ep_background_image_parallax_orientation&quot;:&quot;down&quot;,&quot;ep_background_image_parallax_scale&quot;:{&quot;unit&quot;:&quot;px&quot;,&quot;size&quot;:1.1,&quot;sizes&quot;:[]},&quot;ep_background_image_parallax_delay&quot;:{&quot;unit&quot;:&quot;px&quot;,&quot;size&quot;:0,&quot;sizes&quot;:[]}}\" data-widget_type=\"image.default\">\n\t\t\t\t\t\t\t\t\t\t\t\t<figure class=\"wp-caption\">\n\t\t\t\t\t\t\t\t\t\t\t<a href=\"https:\/\/www.rmaassurance.com\/fr\/automobile\">\n\t\t\t\t\t\t\t<img decoding=\"async\" width=\"300\" height=\"300\" src=\"https:\/\/carmax.ma\/wp-content\/uploads\/2025\/11\/RMA-Logo.png\" class=\"attachment-medium size-medium wp-image-7936\" alt=\"\" srcset=\"https:\/\/carmax.ma\/wp-content\/uploads\/2025\/11\/RMA-Logo.png 300w, https:\/\/carmax.ma\/wp-content\/uploads\/2025\/11\/RMA-Logo-150x150.png 150w, https:\/\/carmax.ma\/wp-content\/uploads\/2025\/11\/RMA-Logo-12x12.png 12w, https:\/\/carmax.ma\/wp-content\/uploads\/2025\/11\/RMA-Logo-120x120.png 120w, https:\/\/carmax.ma\/wp-content\/uploads\/2025\/11\/RMA-Logo-255x255.png 255w, https:\/\/carmax.ma\/wp-content\/uploads\/2025\/11\/RMA-Logo-280x280.png 280w, https:\/\/carmax.ma\/wp-content\/uploads\/2025\/11\/RMA-Logo-275x275.png 275w, https:\/\/carmax.ma\/wp-content\/uploads\/2025\/11\/RMA-Logo-100x100.png 100w\" sizes=\"(max-width: 300px) 100vw, 300px\" \/>\t\t\t\t\t\t\t\t<\/a>\n\t\t\t\t\t\t\t\t\t\t\t<figcaption class=\"widget-image-caption wp-caption-text\">Visite el sitio web<\/figcaption>\n\t\t\t\t\t\t\t\t\t\t<\/figure>\n\t\t\t\t\t\t\t\t\t<\/div>\n\t\t\t\t<div class=\"elementor-element elementor-element-bf953f2 bdt-image-hover-effect-wrap bdt-image-hover-effect-4 bdt-background-image-parallax-yes elementor-widget elementor-widget-image\" data-id=\"bf953f2\" data-element_type=\"widget\" data-e-type=\"widget\" data-settings=\"{&quot;ep_background_image_parallax_orientation&quot;:&quot;down&quot;,&quot;ep_background_image_parallax_scale&quot;:{&quot;unit&quot;:&quot;px&quot;,&quot;size&quot;:1.1,&quot;sizes&quot;:[]},&quot;ep_background_image_parallax_delay&quot;:{&quot;unit&quot;:&quot;px&quot;,&quot;size&quot;:0,&quot;sizes&quot;:[]}}\" data-widget_type=\"image.default\">\n\t\t\t\t\t\t\t\t\t\t\t\t<figure class=\"wp-caption\">\n\t\t\t\t\t\t\t\t\t\t\t<a href=\"https:\/\/www.axa.ma\/particular\/auto\/solution-auto\">\n\t\t\t\t\t\t\t<img decoding=\"async\" width=\"300\" height=\"300\" src=\"https:\/\/carmax.ma\/wp-content\/uploads\/2025\/11\/AXA-Logo.png\" class=\"attachment-medium size-medium wp-image-7935\" alt=\"\" srcset=\"https:\/\/carmax.ma\/wp-content\/uploads\/2025\/11\/AXA-Logo.png 300w, https:\/\/carmax.ma\/wp-content\/uploads\/2025\/11\/AXA-Logo-150x150.png 150w, https:\/\/carmax.ma\/wp-content\/uploads\/2025\/11\/AXA-Logo-12x12.png 12w, https:\/\/carmax.ma\/wp-content\/uploads\/2025\/11\/AXA-Logo-120x120.png 120w, https:\/\/carmax.ma\/wp-content\/uploads\/2025\/11\/AXA-Logo-255x255.png 255w, https:\/\/carmax.ma\/wp-content\/uploads\/2025\/11\/AXA-Logo-280x280.png 280w, https:\/\/carmax.ma\/wp-content\/uploads\/2025\/11\/AXA-Logo-275x275.png 275w, https:\/\/carmax.ma\/wp-content\/uploads\/2025\/11\/AXA-Logo-100x100.png 100w\" sizes=\"(max-width: 300px) 100vw, 300px\" \/>\t\t\t\t\t\t\t\t<\/a>\n\t\t\t\t\t\t\t\t\t\t\t<figcaption class=\"widget-image-caption wp-caption-text\">Visite el sitio web<\/figcaption>\n\t\t\t\t\t\t\t\t\t\t<\/figure>\n\t\t\t\t\t\t\t\t\t<\/div>\n\t\t\t\t<div class=\"elementor-element elementor-element-ae0bf4a bdt-image-hover-effect-wrap bdt-image-hover-effect-4 bdt-background-image-parallax-yes elementor-widget elementor-widget-image\" data-id=\"ae0bf4a\" data-element_type=\"widget\" data-e-type=\"widget\" data-settings=\"{&quot;ep_background_image_parallax_orientation&quot;:&quot;down&quot;,&quot;ep_background_image_parallax_scale&quot;:{&quot;unit&quot;:&quot;px&quot;,&quot;size&quot;:1.1,&quot;sizes&quot;:[]},&quot;ep_background_image_parallax_delay&quot;:{&quot;unit&quot;:&quot;px&quot;,&quot;size&quot;:0,&quot;sizes&quot;:[]}}\" data-widget_type=\"image.default\">\n\t\t\t\t\t\t\t\t\t\t\t\t<figure class=\"wp-caption\">\n\t\t\t\t\t\t\t\t\t\t\t<a href=\"https:\/\/www.wafaassurance.ma\/fr\/particuliers\/produits\/assurance-auto-moto\/wafa-oto\">\n\t\t\t\t\t\t\t<img loading=\"lazy\" decoding=\"async\" width=\"300\" height=\"300\" src=\"https:\/\/carmax.ma\/wp-content\/uploads\/2025\/11\/Wafa-Logo.png\" class=\"attachment-large size-large wp-image-7938\" alt=\"\" srcset=\"https:\/\/carmax.ma\/wp-content\/uploads\/2025\/11\/Wafa-Logo.png 300w, https:\/\/carmax.ma\/wp-content\/uploads\/2025\/11\/Wafa-Logo-150x150.png 150w, https:\/\/carmax.ma\/wp-content\/uploads\/2025\/11\/Wafa-Logo-12x12.png 12w, https:\/\/carmax.ma\/wp-content\/uploads\/2025\/11\/Wafa-Logo-120x120.png 120w, https:\/\/carmax.ma\/wp-content\/uploads\/2025\/11\/Wafa-Logo-255x255.png 255w, https:\/\/carmax.ma\/wp-content\/uploads\/2025\/11\/Wafa-Logo-280x280.png 280w, https:\/\/carmax.ma\/wp-content\/uploads\/2025\/11\/Wafa-Logo-275x275.png 275w, https:\/\/carmax.ma\/wp-content\/uploads\/2025\/11\/Wafa-Logo-100x100.png 100w\" sizes=\"(max-width: 300px) 100vw, 300px\" \/>\t\t\t\t\t\t\t\t<\/a>\n\t\t\t\t\t\t\t\t\t\t\t<figcaption class=\"widget-image-caption wp-caption-text\">Visite el sitio web<\/figcaption>\n\t\t\t\t\t\t\t\t\t\t<\/figure>\n\t\t\t\t\t\t\t\t\t<\/div>\n\t\t\t\t<div class=\"elementor-element elementor-element-a3f513d bdt-image-hover-effect-wrap bdt-image-hover-effect-4 bdt-background-image-parallax-yes elementor-widget elementor-widget-image\" data-id=\"a3f513d\" data-element_type=\"widget\" data-e-type=\"widget\" data-settings=\"{&quot;ep_background_image_parallax_orientation&quot;:&quot;down&quot;,&quot;ep_background_image_parallax_scale&quot;:{&quot;unit&quot;:&quot;px&quot;,&quot;size&quot;:1.1,&quot;sizes&quot;:[]},&quot;ep_background_image_parallax_delay&quot;:{&quot;unit&quot;:&quot;px&quot;,&quot;size&quot;:0,&quot;sizes&quot;:[]}}\" data-widget_type=\"image.default\">\n\t\t\t\t\t\t\t\t\t\t\t\t<figure class=\"wp-caption\">\n\t\t\t\t\t\t\t\t\t\t\t<a href=\"https:\/\/sanlam.ma\/fr\/categories-offres\/auto-moto\/\">\n\t\t\t\t\t\t\t<img loading=\"lazy\" decoding=\"async\" width=\"300\" height=\"300\" src=\"https:\/\/carmax.ma\/wp-content\/uploads\/2025\/11\/Sanlam-Logo.png\" class=\"attachment-large size-large wp-image-7937\" alt=\"\" srcset=\"https:\/\/carmax.ma\/wp-content\/uploads\/2025\/11\/Sanlam-Logo.png 300w, https:\/\/carmax.ma\/wp-content\/uploads\/2025\/11\/Sanlam-Logo-150x150.png 150w, https:\/\/carmax.ma\/wp-content\/uploads\/2025\/11\/Sanlam-Logo-12x12.png 12w, https:\/\/carmax.ma\/wp-content\/uploads\/2025\/11\/Sanlam-Logo-120x120.png 120w, https:\/\/carmax.ma\/wp-content\/uploads\/2025\/11\/Sanlam-Logo-255x255.png 255w, https:\/\/carmax.ma\/wp-content\/uploads\/2025\/11\/Sanlam-Logo-280x280.png 280w, https:\/\/carmax.ma\/wp-content\/uploads\/2025\/11\/Sanlam-Logo-275x275.png 275w, https:\/\/carmax.ma\/wp-content\/uploads\/2025\/11\/Sanlam-Logo-100x100.png 100w\" sizes=\"(max-width: 300px) 100vw, 300px\" \/>\t\t\t\t\t\t\t\t<\/a>\n\t\t\t\t\t\t\t\t\t\t\t<figcaption class=\"widget-image-caption wp-caption-text\">Visite el sitio web<\/figcaption>\n\t\t\t\t\t\t\t\t\t\t<\/figure>\n\t\t\t\t\t\t\t\t\t<\/div>\n\t\t\t\t\t<\/div>\n\t\t\t\t<\/div>\n\t\t<div class=\"elementor-element elementor-element-f6bec0d e-flex e-con-boxed e-con e-parent\" data-id=\"f6bec0d\" data-element_type=\"container\" data-e-type=\"container\">\n\t\t\t\t\t<div class=\"e-con-inner\">\n\t\t\t\t<div class=\"elementor-element elementor-element-d4aa471 elementor-widget elementor-widget-spacer\" data-id=\"d4aa471\" data-element_type=\"widget\" data-e-type=\"widget\" data-widget_type=\"spacer.default\">\n\t\t\t\t\t\t\t<div class=\"elementor-spacer\">\n\t\t\t<div class=\"elementor-spacer-inner\"><\/div>\n\t\t<\/div>\n\t\t\t\t\t\t<\/div>\n\t\t\t\t\t<\/div>\n\t\t\t\t<\/div>\n\t\t<div class=\"elementor-element elementor-element-047e2c8 e-flex e-con-boxed e-con e-parent\" data-id=\"047e2c8\" data-element_type=\"container\" data-e-type=\"container\">\n\t\t\t\t\t<div class=\"e-con-inner\">\n\t\t\t\t\t<\/div>\n\t\t\t\t<\/div>\n\t\t\t\t<\/div>","protected":false},"excerpt":{"rendered":"<p>Choisir la Bonne Assurance Auto Le Guide Carmax.ma d\u00e9taill\u00e9 vous aidera \u00e0 comprendre les diff\u00e9rents types de garanties (responsabilit\u00e9 civile, tous risques, tiers, vol, incendie&#8230;), \u00e0 d\u00e9crypter les clauses contractuelles, et \u00e0 comparer les offres pour prendre une d\u00e9cision \u00e9clair\u00e9e. Parce que votre s\u00e9curit\u00e9 et celle de votre investissement m\u00e9ritent la meilleure protection ! \u00a0&#8230;<\/p>","protected":false},"author":1,"featured_media":0,"parent":0,"menu_order":0,"comment_status":"closed","ping_status":"closed","template":"","meta":{"_bbp_topic_count":0,"_bbp_reply_count":0,"_bbp_total_topic_count":0,"_bbp_total_reply_count":0,"_bbp_voice_count":0,"_bbp_anonymous_reply_count":0,"_bbp_topic_count_hidden":0,"_bbp_reply_count_hidden":0,"_bbp_forum_subforum_count":0,"footnotes":""},"class_list":["post-6008","page","type-page","status-publish","hentry"],"jetpack_sharing_enabled":true,"_links":{"self":[{"href":"https:\/\/carmax.ma\/es\/wp-json\/wp\/v2\/pages\/6008","targetHints":{"allow":["GET"]}}],"collection":[{"href":"https:\/\/carmax.ma\/es\/wp-json\/wp\/v2\/pages"}],"about":[{"href":"https:\/\/carmax.ma\/es\/wp-json\/wp\/v2\/types\/page"}],"author":[{"embeddable":true,"href":"https:\/\/carmax.ma\/es\/wp-json\/wp\/v2\/users\/1"}],"replies":[{"embeddable":true,"href":"https:\/\/carmax.ma\/es\/wp-json\/wp\/v2\/comments?post=6008"}],"version-history":[{"count":80,"href":"https:\/\/carmax.ma\/es\/wp-json\/wp\/v2\/pages\/6008\/revisions"}],"predecessor-version":[{"id":7994,"href":"https:\/\/carmax.ma\/es\/wp-json\/wp\/v2\/pages\/6008\/revisions\/7994"}],"wp:attachment":[{"href":"https:\/\/carmax.ma\/es\/wp-json\/wp\/v2\/media?parent=6008"}],"curies":[{"name":"wp","href":"https:\/\/api.w.org\/{rel}","templated":true}]}}