{"id":2067,"date":"2016-04-07T07:42:39","date_gmt":"2016-04-07T07:42:39","guid":{"rendered":"http:\/\/motors-demo.loc\/dealer_two\/?page_id=2067"},"modified":"2025-10-19T12:54:02","modified_gmt":"2025-10-19T12:54:02","slug":"quem-somos","status":"publish","type":"page","link":"https:\/\/carmax.ma\/pt\/quem-somos\/","title":{"rendered":"Quem somos"},"content":{"rendered":"<div data-elementor-type=\"wp-page\" data-elementor-id=\"2067\" class=\"elementor elementor-2067\" data-elementor-settings=\"{&quot;element_pack_global_tooltip_width&quot;:{&quot;unit&quot;:&quot;px&quot;,&quot;size&quot;:&quot;&quot;,&quot;sizes&quot;:[]},&quot;element_pack_global_tooltip_width_tablet&quot;:{&quot;unit&quot;:&quot;px&quot;,&quot;size&quot;:&quot;&quot;,&quot;sizes&quot;:[]},&quot;element_pack_global_tooltip_width_mobile&quot;:{&quot;unit&quot;:&quot;px&quot;,&quot;size&quot;:&quot;&quot;,&quot;sizes&quot;:[]},&quot;element_pack_global_tooltip_padding&quot;:{&quot;unit&quot;:&quot;px&quot;,&quot;top&quot;:&quot;&quot;,&quot;right&quot;:&quot;&quot;,&quot;bottom&quot;:&quot;&quot;,&quot;left&quot;:&quot;&quot;,&quot;isLinked&quot;:true},&quot;element_pack_global_tooltip_padding_tablet&quot;:{&quot;unit&quot;:&quot;px&quot;,&quot;top&quot;:&quot;&quot;,&quot;right&quot;:&quot;&quot;,&quot;bottom&quot;:&quot;&quot;,&quot;left&quot;:&quot;&quot;,&quot;isLinked&quot;:true},&quot;element_pack_global_tooltip_padding_mobile&quot;:{&quot;unit&quot;:&quot;px&quot;,&quot;top&quot;:&quot;&quot;,&quot;right&quot;:&quot;&quot;,&quot;bottom&quot;:&quot;&quot;,&quot;left&quot;:&quot;&quot;,&quot;isLinked&quot;:true},&quot;element_pack_global_tooltip_border_radius&quot;:{&quot;unit&quot;:&quot;px&quot;,&quot;top&quot;:&quot;&quot;,&quot;right&quot;:&quot;&quot;,&quot;bottom&quot;:&quot;&quot;,&quot;left&quot;:&quot;&quot;,&quot;isLinked&quot;:true},&quot;element_pack_global_tooltip_border_radius_tablet&quot;:{&quot;unit&quot;:&quot;px&quot;,&quot;top&quot;:&quot;&quot;,&quot;right&quot;:&quot;&quot;,&quot;bottom&quot;:&quot;&quot;,&quot;left&quot;:&quot;&quot;,&quot;isLinked&quot;:true},&quot;element_pack_global_tooltip_border_radius_mobile&quot;:{&quot;unit&quot;:&quot;px&quot;,&quot;top&quot;:&quot;&quot;,&quot;right&quot;:&quot;&quot;,&quot;bottom&quot;:&quot;&quot;,&quot;left&quot;:&quot;&quot;,&quot;isLinked&quot;:true}}\">\n\t\t\t\t\t\t<section class=\"elementor-section elementor-top-section elementor-element elementor-element-4fd4f1d elementor-section-boxed elementor-section-height-default elementor-section-height-default\" data-id=\"4fd4f1d\" data-element_type=\"section\">\n\t\t\t\t\t\t<div class=\"elementor-container elementor-column-gap-default\">\n\t\t\t\t\t<div class=\"elementor-column elementor-col-50 elementor-top-column elementor-element elementor-element-4fc0b1f\" data-id=\"4fc0b1f\" data-element_type=\"column\">\n\t\t\t<div class=\"elementor-widget-wrap elementor-element-populated\">\n\t\t\t\t\t\t<div class=\"elementor-element elementor-element-2ad78c5 elementor-widget elementor-widget-image\" data-id=\"2ad78c5\" data-element_type=\"widget\" data-widget_type=\"image.default\">\n\t\t\t\t\t\t\t\t\t\t\t\t\t\t\t<img decoding=\"async\" src=\"https:\/\/motors.stylemixstage.com\/elementor-dealer-one\/wp-content\/uploads\/sites\/27\/2015\/10\/about-us-1.jpg\" title=\"\" alt=\"\" loading=\"lazy\" \/>\t\t\t\t\t\t\t\t\t\t\t\t\t\t\t<\/div>\n\t\t\t\t\t<\/div>\n\t\t<\/div>\n\t\t\t\t<div class=\"elementor-column elementor-col-50 elementor-top-column elementor-element elementor-element-14f77ae\" data-id=\"14f77ae\" data-element_type=\"column\">\n\t\t\t<div class=\"elementor-widget-wrap elementor-element-populated\">\n\t\t\t\t\t\t<div class=\"elementor-element elementor-element-f5f5579 elementor-widget elementor-widget-text-editor\" data-id=\"f5f5579\" data-element_type=\"widget\" data-widget_type=\"text-editor.default\">\n\t\t\t\t\t\t\t\t\t<h3>Porqu\u00ea escolher <span style=\"color: #ffb129;\">CarMax.ma<\/span> ?<\/h3><h5 style=\"margin-bottom: 22px;\">Um vasto cat\u00e1logo: quer esteja \u00e0 procura de um autom\u00f3vel citadino econ\u00f3mico, de uma berlina de luxo ou de um SUV familiar, explore milhares de an\u00fancios de diferentes tipos de ve\u00edculos num \u00fanico local.<\/h5><p style=\"margin-bottom: 26px;\">As melhores ofertas em linha: Navegue e compare as ofertas de vendedores certificados e revendedores fi\u00e1veis, garantindo pre\u00e7os competitivos e total transpar\u00eancia.<\/p><p>Cobertura nacional: onde quer que se encontre, encontre o autom\u00f3vel dos seus sonhos. A nossa rede cobre todas as grandes cidades do Reino Unido:<br \/>Quer esteja em Rabat, Casablanca, T\u00e2nger ou Marraquexe, as melhores ofertas est\u00e3o apenas a um clique de dist\u00e2ncia.<\/p>\t\t\t\t\t\t\t\t<\/div>\n\t\t\t\t\t<\/div>\n\t\t<\/div>\n\t\t\t\t\t<\/div>\n\t\t<\/section>\n\t\t\t\t<section class=\"elementor-section elementor-top-section elementor-element elementor-element-7ddb0c1 elementor-section-boxed elementor-section-height-default elementor-section-height-default\" data-id=\"7ddb0c1\" data-element_type=\"section\">\n\t\t\t\t\t\t<div class=\"elementor-container elementor-column-gap-default\">\n\t\t\t\t\t<div class=\"elementor-column elementor-col-50 elementor-top-column elementor-element elementor-element-140449d\" data-id=\"140449d\" data-element_type=\"column\">\n\t\t\t<div class=\"elementor-widget-wrap elementor-element-populated\">\n\t\t\t\t\t\t<div class=\"elementor-element elementor-element-7a1f682 elementor-widget elementor-widget-text-editor\" data-id=\"7a1f682\" data-element_type=\"widget\" data-widget_type=\"text-editor.default\">\n\t\t\t\t\t\t\t\t\t<h3>A nossa vis\u00e3o: Excel\u00eancia autom\u00f3vel, simplificada.<\/h3><hr \/><p>Acreditamos que a compra de um autom\u00f3vel, seja ele novo ou usado certificado, deve ser um momento de prazer e n\u00e3o de stress.<br \/>\u00c9 por isso que adopt\u00e1mos uma abordagem com duas vertentes: escolha e confian\u00e7a.<\/p><ul><li><p><b>A escolha imbat\u00edvel :<\/b> CarMax.ma \u00e9 mais do que um simples s\u00edtio de an\u00fancios. Somos uma montra digital que re\u00fane um conjunto de <b>extensa rede de concession\u00e1rios parceiros<\/b> de renome. <br \/>Esta parceria permite-nos oferecer-lhe o cat\u00e1logo mais vasto, abrangendo todas as marcas e tipos de ve\u00edculos - desde os citadinos aos SUV, das berlinas de luxo aos ve\u00edculos comerciais.<\/p><\/li><li><p><b>Confian\u00e7a e proximidade:<\/b> Todos os concession\u00e1rios da nossa plataforma s\u00e3o cuidadosamente selecionados pelo seu empenho na qualidade e no servi\u00e7o ao cliente. <br \/>De <b>Rabat<\/b> \u00e0 <b>Marraquexe<\/b>, por meio de <b>Casablanca<\/b> e <b>T\u00e2nger<\/b>, Estamos a tecer uma rede de parceiros fi\u00e1veis para lhe garantir ofertas locais, transparentes e certificadas.<\/p><\/li><\/ul><h4>O nosso compromisso para consigo<\/h4><p>Ao escolher a CarMax.ma, est\u00e1 a escolher mais do que uma simples transa\u00e7\u00e3o. <br \/>Opta por um apoio abrangente e conhecimentos locais. <br \/>Orgulhamo-nos de contribuir para o crescimento do sector autom\u00f3vel marroquino, proporcionando uma plataforma onde a qualidade dos ve\u00edculos e a satisfa\u00e7\u00e3o dos clientes s\u00e3o as principais prioridades.<\/p><p><b>Com CarMax.ma, pode ter a certeza de encontrar o seu pr\u00f3ximo carro, onde quer que esteja em Marrocos.<\/b><\/p>\t\t\t\t\t\t\t\t<\/div>\n\t\t\t\t\t<\/div>\n\t\t<\/div>\n\t\t\t\t<div class=\"elementor-column elementor-col-50 elementor-top-column elementor-element elementor-element-075e6ed\" data-id=\"075e6ed\" data-element_type=\"column\">\n\t\t\t<div class=\"elementor-widget-wrap elementor-element-populated\">\n\t\t\t\t\t\t<div class=\"elementor-element elementor-element-a8d0c1a elementor-widget elementor-widget-image\" data-id=\"a8d0c1a\" data-element_type=\"widget\" data-widget_type=\"image.default\">\n\t\t\t\t\t\t\t\t\t\t\t\t\t\t\t<img decoding=\"async\" src=\"https:\/\/motors.stylemixstage.com\/elementor-dealer-one\/wp-content\/uploads\/sites\/27\/2015\/10\/about-us-2.jpg\" title=\"\" alt=\"\" loading=\"lazy\" \/>\t\t\t\t\t\t\t\t\t\t\t\t\t\t\t<\/div>\n\t\t\t\t\t<\/div>\n\t\t<\/div>\n\t\t\t\t\t<\/div>\n\t\t<\/section>\n\t\t\t\t<section class=\"elementor-section elementor-top-section elementor-element elementor-element-2adf9a0 elementor-section-full_width elementor-section-stretched elementor-section-height-default elementor-section-height-default\" data-id=\"2adf9a0\" data-element_type=\"section\" data-settings=\"{&quot;stretch_section&quot;:&quot;section-stretched&quot;,&quot;background_background&quot;:&quot;classic&quot;}\">\n\t\t\t\t\t\t<div class=\"elementor-container elementor-column-gap-default\">\n\t\t\t\t\t<div class=\"elementor-column elementor-col-100 elementor-top-column elementor-element elementor-element-6646619\" data-id=\"6646619\" data-element_type=\"column\">\n\t\t\t<div class=\"elementor-widget-wrap elementor-element-populated\">\n\t\t\t\t\t\t<section class=\"elementor-section elementor-inner-section elementor-element elementor-element-35e942f elementor-section-boxed elementor-section-height-default elementor-section-height-default\" data-id=\"35e942f\" data-element_type=\"section\">\n\t\t\t\t\t\t<div class=\"elementor-container elementor-column-gap-default\">\n\t\t\t\t\t<div class=\"elementor-column elementor-col-100 elementor-inner-column elementor-element elementor-element-cf533b3\" data-id=\"cf533b3\" data-element_type=\"column\">\n\t\t\t<div class=\"elementor-widget-wrap elementor-element-populated\">\n\t\t\t\t\t\t<div class=\"elementor-element elementor-element-fa01240 elementor-widget elementor-widget-heading\" data-id=\"fa01240\" data-element_type=\"widget\" data-widget_type=\"heading.default\">\n\t\t\t\t\t<h2 class=\"elementor-heading-title elementor-size-default\">A NOSSA GALERIA DE IMPRENSA<\/h2>\t\t\t\t<\/div>\n\t\t\t\t<div class=\"elementor-element elementor-element-ea7f7d8 elementor-widget elementor-widget-motors-image-carousel\" data-id=\"ea7f7d8\" data-element_type=\"widget\" data-widget_type=\"motors-image-carousel.default\">\n\t\t\t\t<div class=\"elementor-widget-container\">\n\t\t\t\t\t\t<div class=\"motors-elementor-widget stm_image_carousel swiper-container\" id=\"stm_image_carousel-91994\">\n\t\t<div class=\"swiper-wrapper\">\n\t\t\t\t\t\t\t\t<div class=\"swiper-slide\">\n\t\t\t\t\t\t\t\t\t\t\t\t\t<img decoding=\"async\" src=\"https:\/\/carmax.ma\/wp-content\/uploads\/2022\/09\/01-10-1-1-270x180.jpg\" alt=\"Gallery image\">\n\t\t\t\t\t\t\t\t\t\t\t<\/div>\n\t\t\t\t\t\t\t\t\t\t<div class=\"swiper-slide\">\n\t\t\t\t\t\t\t\t\t\t\t\t\t<img decoding=\"async\" src=\"https:\/\/carmax.ma\/wp-content\/uploads\/2022\/09\/01-7-1-1-1-270x180.jpg\" alt=\"Gallery image\">\n\t\t\t\t\t\t\t\t\t\t\t<\/div>\n\t\t\t\t\t\t\t\t\t\t<div class=\"swiper-slide\">\n\t\t\t\t\t\t\t\t\t\t\t\t\t<img decoding=\"async\" src=\"https:\/\/carmax.ma\/wp-content\/uploads\/2022\/09\/01-6-1-1-1-270x180.jpg\" alt=\"Gallery image\">\n\t\t\t\t\t\t\t\t\t\t\t<\/div>\n\t\t\t\t\t\t\t\t\t\t<div class=\"swiper-slide\">\n\t\t\t\t\t\t\t\t\t\t\t\t\t<img decoding=\"async\" src=\"https:\/\/carmax.ma\/wp-content\/uploads\/2022\/09\/01-5-1-1-270x180.jpg\" alt=\"Gallery image\">\n\t\t\t\t\t\t\t\t\t\t\t<\/div>\n\t\t\t\t\t\t\t\t\t\t<div class=\"swiper-slide\">\n\t\t\t\t\t\t\t\t\t\t\t\t\t<img decoding=\"async\" src=\"https:\/\/carmax.ma\/wp-content\/uploads\/2022\/09\/06-1-1-270x180.jpg\" alt=\"Gallery image\">\n\t\t\t\t\t\t\t\t\t\t\t<\/div>\n\t\t\t\t\t\t\t\t\t\t<div class=\"swiper-slide\">\n\t\t\t\t\t\t\t\t\t\t\t\t\t<img decoding=\"async\" src=\"https:\/\/carmax.ma\/wp-content\/uploads\/2022\/09\/04-12-1-1-270x180.jpg\" alt=\"Gallery image\">\n\t\t\t\t\t\t\t\t\t\t\t<\/div>\n\t\t\t\t\t\t\t\t\t\t<div class=\"swiper-slide\">\n\t\t\t\t\t\t\t\t\t\t\t\t\t<img decoding=\"async\" src=\"https:\/\/carmax.ma\/wp-content\/uploads\/2021\/03\/01-18-1-1-270x180.jpg\" alt=\"Gallery image\">\n\t\t\t\t\t\t\t\t\t\t\t<\/div>\n\t\t\t\t\t\t\t\t\t\t<div class=\"swiper-slide\">\n\t\t\t\t\t\t\t\t\t\t\t\t\t<img decoding=\"async\" src=\"https:\/\/carmax.ma\/wp-content\/uploads\/2021\/03\/01-24-1-1-270x180.jpg\" alt=\"Gallery image\">\n\t\t\t\t\t\t\t\t\t\t\t<\/div>\n\t\t\t\t\t\t\t<\/div>\n\n\t\t\t\t\t<div class=\"stm-swiper-controls\">\n\t\t\t\t\t\t\t\t\t<div class=\"stm-swiper-prev\"><i class=\"fas fa-angle-left\"><\/i><\/div>\n\t\t\t\t\t\t\t\t\t\t\t\t\t<div class=\"swiper-pagination\"><\/div>\n\t\t\t\t\t\t\t\t\t\t\t\t\t<div class=\"stm-swiper-next\"><i class=\"fas fa-angle-right\"><\/i><\/div>\n\t\t\t\t\t\t\t<\/div>\n\t\t\t<\/div>\n\t<script>\n\t( function( $ ) {\n\t\t\"use strict\";\n\t\t\t\t$(window).on('elementor\/frontend\/init', function() {\n\t\t\t\t\tlet swiper = new Swiper('#stm_image_carousel-91994', {\n\t\t\t\t\t\t\t\tloop: true,\n\t\t\t\t\n\t\t\t\t\t\t\t\t\tsimulateTouch: false,\n\t\t\t\t\n\t\t\t\t\n\t\t\t\t\n\t\t\t\t\t\t\t\t\tslidesPerGroup: 1,\n\t\t\t\t\n\t\t\t\tslidesPerView: 1,\n\n\t\t\t\tspaceBetween: 12,\n\n\t\t\t\tcenterInsufficientSlides: true,\n\n\t\t\t\tbreakpoints: {\n\t\t\t\t\t640: {\n\t\t\t\t\t\tslidesPerView: 3,\n\t\t\t\t\t},\n\t\t\t\t\t992: {\n\t\t\t\t\t\tslidesPerView: 4,\n\t\t\t\t\t}\n\t\t\t\t},\n\t\t\t\t\t\t\t\t\tnavigation: {\n\t\t\t\t\t\tnextEl: '.stm-swiper-next',\n\t\t\t\t\t\tprevEl: '.stm-swiper-prev',\n\t\t\t\t\t},\n\t\t\t\t\n\t\t\t\t\t\t\t\t\tpagination: {\n\t\t\t\t\t\tel: '.swiper-pagination',\n\t\t\t\t\t\tclickable: true,\n\t\t\t\t\t},\n\t\t\t\t\t\t\t});\n\n\t\t\t\t\t});\n\t\t\t} ( jQuery ) );\n\t<\/script>\n\t\t\t\t\t<\/div>\n\t\t\t\t<\/div>\n\t\t\t\t\t<\/div>\n\t\t<\/div>\n\t\t\t\t\t<\/div>\n\t\t<\/section>\n\t\t\t\t\t<\/div>\n\t\t<\/div>\n\t\t\t\t\t<\/div>\n\t\t<\/section>\n\t\t\t\t<\/div>","protected":false},"excerpt":{"rendered":"<p>Pourquoi choisir CarMax.ma ? Un Catalogue Immense : Que vous recherchiez une citadine \u00e9conomique, une berline de luxe ou un SUV familial, explorez des milliers d&#8217;annonces de diff\u00e9rents types de v\u00e9hicules en un seul endroit. Les Meilleures Offres en Ligne : Parcourez et comparez les propositions de vendeurs certifi\u00e9s et de concessionnaires fiables, garantissant des&#8230;<\/p>","protected":false},"author":1,"featured_media":0,"parent":0,"menu_order":0,"comment_status":"closed","ping_status":"closed","template":"","meta":{"_bbp_topic_count":0,"_bbp_reply_count":0,"_bbp_total_topic_count":0,"_bbp_total_reply_count":0,"_bbp_voice_count":0,"_bbp_anonymous_reply_count":0,"_bbp_topic_count_hidden":0,"_bbp_reply_count_hidden":0,"_bbp_forum_subforum_count":0,"footnotes":""},"class_list":["post-2067","page","type-page","status-publish","hentry"],"jetpack_sharing_enabled":true,"_links":{"self":[{"href":"https:\/\/carmax.ma\/pt\/wp-json\/wp\/v2\/pages\/2067","targetHints":{"allow":["GET"]}}],"collection":[{"href":"https:\/\/carmax.ma\/pt\/wp-json\/wp\/v2\/pages"}],"about":[{"href":"https:\/\/carmax.ma\/pt\/wp-json\/wp\/v2\/types\/page"}],"author":[{"embeddable":true,"href":"https:\/\/carmax.ma\/pt\/wp-json\/wp\/v2\/users\/1"}],"replies":[{"embeddable":true,"href":"https:\/\/carmax.ma\/pt\/wp-json\/wp\/v2\/comments?post=2067"}],"version-history":[{"count":16,"href":"https:\/\/carmax.ma\/pt\/wp-json\/wp\/v2\/pages\/2067\/revisions"}],"predecessor-version":[{"id":6349,"href":"https:\/\/carmax.ma\/pt\/wp-json\/wp\/v2\/pages\/2067\/revisions\/6349"}],"wp:attachment":[{"href":"https:\/\/carmax.ma\/pt\/wp-json\/wp\/v2\/media?parent=2067"}],"curies":[{"name":"wp","href":"https:\/\/api.w.org\/{rel}","templated":true}]}}