{"id":2067,"date":"2016-04-07T07:42:39","date_gmt":"2016-04-07T07:42:39","guid":{"rendered":"http:\/\/motors-demo.loc\/dealer_two\/?page_id=2067"},"modified":"2025-10-19T12:54:02","modified_gmt":"2025-10-19T12:54:02","slug":"\u043a\u0442\u043e-\u043c\u044b","status":"publish","type":"page","link":"https:\/\/carmax.ma\/ru\/\u043a\u0442\u043e-\u043c\u044b\/","title":{"rendered":"\u041a\u0442\u043e \u043c\u044b"},"content":{"rendered":"<div data-elementor-type=\"wp-page\" data-elementor-id=\"2067\" class=\"elementor elementor-2067\" data-elementor-settings=\"{&quot;element_pack_global_tooltip_width&quot;:{&quot;unit&quot;:&quot;px&quot;,&quot;size&quot;:&quot;&quot;,&quot;sizes&quot;:[]},&quot;element_pack_global_tooltip_width_tablet&quot;:{&quot;unit&quot;:&quot;px&quot;,&quot;size&quot;:&quot;&quot;,&quot;sizes&quot;:[]},&quot;element_pack_global_tooltip_width_mobile&quot;:{&quot;unit&quot;:&quot;px&quot;,&quot;size&quot;:&quot;&quot;,&quot;sizes&quot;:[]},&quot;element_pack_global_tooltip_padding&quot;:{&quot;unit&quot;:&quot;px&quot;,&quot;top&quot;:&quot;&quot;,&quot;right&quot;:&quot;&quot;,&quot;bottom&quot;:&quot;&quot;,&quot;left&quot;:&quot;&quot;,&quot;isLinked&quot;:true},&quot;element_pack_global_tooltip_padding_tablet&quot;:{&quot;unit&quot;:&quot;px&quot;,&quot;top&quot;:&quot;&quot;,&quot;right&quot;:&quot;&quot;,&quot;bottom&quot;:&quot;&quot;,&quot;left&quot;:&quot;&quot;,&quot;isLinked&quot;:true},&quot;element_pack_global_tooltip_padding_mobile&quot;:{&quot;unit&quot;:&quot;px&quot;,&quot;top&quot;:&quot;&quot;,&quot;right&quot;:&quot;&quot;,&quot;bottom&quot;:&quot;&quot;,&quot;left&quot;:&quot;&quot;,&quot;isLinked&quot;:true},&quot;element_pack_global_tooltip_border_radius&quot;:{&quot;unit&quot;:&quot;px&quot;,&quot;top&quot;:&quot;&quot;,&quot;right&quot;:&quot;&quot;,&quot;bottom&quot;:&quot;&quot;,&quot;left&quot;:&quot;&quot;,&quot;isLinked&quot;:true},&quot;element_pack_global_tooltip_border_radius_tablet&quot;:{&quot;unit&quot;:&quot;px&quot;,&quot;top&quot;:&quot;&quot;,&quot;right&quot;:&quot;&quot;,&quot;bottom&quot;:&quot;&quot;,&quot;left&quot;:&quot;&quot;,&quot;isLinked&quot;:true},&quot;element_pack_global_tooltip_border_radius_mobile&quot;:{&quot;unit&quot;:&quot;px&quot;,&quot;top&quot;:&quot;&quot;,&quot;right&quot;:&quot;&quot;,&quot;bottom&quot;:&quot;&quot;,&quot;left&quot;:&quot;&quot;,&quot;isLinked&quot;:true}}\">\n\t\t\t\t\t\t<section class=\"elementor-section elementor-top-section elementor-element elementor-element-4fd4f1d elementor-section-boxed elementor-section-height-default elementor-section-height-default\" data-id=\"4fd4f1d\" data-element_type=\"section\">\n\t\t\t\t\t\t<div class=\"elementor-container elementor-column-gap-default\">\n\t\t\t\t\t<div class=\"elementor-column elementor-col-50 elementor-top-column elementor-element elementor-element-4fc0b1f\" data-id=\"4fc0b1f\" data-element_type=\"column\">\n\t\t\t<div class=\"elementor-widget-wrap elementor-element-populated\">\n\t\t\t\t\t\t<div class=\"elementor-element elementor-element-2ad78c5 elementor-widget elementor-widget-image\" data-id=\"2ad78c5\" data-element_type=\"widget\" data-widget_type=\"image.default\">\n\t\t\t\t\t\t\t\t\t\t\t\t\t\t\t<img decoding=\"async\" src=\"https:\/\/motors.stylemixstage.com\/elementor-dealer-one\/wp-content\/uploads\/sites\/27\/2015\/10\/about-us-1.jpg\" title=\"\" alt=\"\" loading=\"lazy\" \/>\t\t\t\t\t\t\t\t\t\t\t\t\t\t\t<\/div>\n\t\t\t\t\t<\/div>\n\t\t<\/div>\n\t\t\t\t<div class=\"elementor-column elementor-col-50 elementor-top-column elementor-element elementor-element-14f77ae\" data-id=\"14f77ae\" data-element_type=\"column\">\n\t\t\t<div class=\"elementor-widget-wrap elementor-element-populated\">\n\t\t\t\t\t\t<div class=\"elementor-element elementor-element-f5f5579 elementor-widget elementor-widget-text-editor\" data-id=\"f5f5579\" data-element_type=\"widget\" data-widget_type=\"text-editor.default\">\n\t\t\t\t\t\t\t\t\t<h3>\u041f\u043e\u0447\u0435\u043c\u0443 \u0441\u0442\u043e\u0438\u0442 \u0432\u044b\u0431\u0440\u0430\u0442\u044c <span style=\"color: #ffb129;\">CarMax.ma<\/span> ?<\/h3><h5 style=\"margin-bottom: 22px;\">\u041e\u0433\u0440\u043e\u043c\u043d\u044b\u0439 \u043a\u0430\u0442\u0430\u043b\u043e\u0433: \u0438\u0449\u0435\u0442\u0435 \u043b\u0438 \u0432\u044b \u044d\u043a\u043e\u043d\u043e\u043c\u0438\u0447\u043d\u044b\u0439 \u0433\u043e\u0440\u043e\u0434\u0441\u043a\u043e\u0439 \u0430\u0432\u0442\u043e\u043c\u043e\u0431\u0438\u043b\u044c, \u0440\u043e\u0441\u043a\u043e\u0448\u043d\u044b\u0439 \u0441\u0435\u0434\u0430\u043d \u0438\u043b\u0438 \u0441\u0435\u043c\u0435\u0439\u043d\u044b\u0439 \u0432\u043d\u0435\u0434\u043e\u0440\u043e\u0436\u043d\u0438\u043a - \u0438\u0437\u0443\u0447\u0438\u0442\u0435 \u0442\u044b\u0441\u044f\u0447\u0438 \u043e\u0431\u044a\u044f\u0432\u043b\u0435\u043d\u0438\u0439 \u043e \u043f\u0440\u043e\u0434\u0430\u0436\u0435 \u0430\u0432\u0442\u043e\u043c\u043e\u0431\u0438\u043b\u0435\u0439 \u0440\u0430\u0437\u043d\u044b\u0445 \u0442\u0438\u043f\u043e\u0432 \u0432 \u043e\u0434\u043d\u043e\u043c \u043c\u0435\u0441\u0442\u0435.<\/h5><p style=\"margin-bottom: 26px;\">\u041b\u0443\u0447\u0448\u0438\u0435 \u043e\u043d\u043b\u0430\u0439\u043d-\u043f\u0440\u0435\u0434\u043b\u043e\u0436\u0435\u043d\u0438\u044f: \u043f\u0440\u043e\u0441\u043c\u0430\u0442\u0440\u0438\u0432\u0430\u0439\u0442\u0435 \u0438 \u0441\u0440\u0430\u0432\u043d\u0438\u0432\u0430\u0439\u0442\u0435 \u043f\u0440\u0435\u0434\u043b\u043e\u0436\u0435\u043d\u0438\u044f \u043e\u0442 \u0441\u0435\u0440\u0442\u0438\u0444\u0438\u0446\u0438\u0440\u043e\u0432\u0430\u043d\u043d\u044b\u0445 \u043f\u0440\u043e\u0434\u0430\u0432\u0446\u043e\u0432 \u0438 \u043d\u0430\u0434\u0435\u0436\u043d\u044b\u0445 \u0434\u0438\u043b\u0435\u0440\u043e\u0432, \u0433\u0430\u0440\u0430\u043d\u0442\u0438\u0440\u0443\u044e\u0449\u0438\u0445 \u043a\u043e\u043d\u043a\u0443\u0440\u0435\u043d\u0442\u043e\u0441\u043f\u043e\u0441\u043e\u0431\u043d\u044b\u0435 \u0446\u0435\u043d\u044b \u0438 \u043f\u043e\u043b\u043d\u0443\u044e \u043f\u0440\u043e\u0437\u0440\u0430\u0447\u043d\u043e\u0441\u0442\u044c.<\/p><p>\u041d\u0430\u0446\u0438\u043e\u043d\u0430\u043b\u044c\u043d\u043e\u0435 \u043f\u043e\u043a\u0440\u044b\u0442\u0438\u0435: \u0433\u0434\u0435 \u0431\u044b \u0432\u044b \u043d\u0438 \u043d\u0430\u0445\u043e\u0434\u0438\u043b\u0438\u0441\u044c, \u043d\u0430\u0439\u0434\u0438\u0442\u0435 \u0430\u0432\u0442\u043e\u043c\u043e\u0431\u0438\u043b\u044c \u0441\u0432\u043e\u0435\u0439 \u043c\u0435\u0447\u0442\u044b. \u041d\u0430\u0448\u0430 \u0441\u0435\u0442\u044c \u043e\u0445\u0432\u0430\u0442\u044b\u0432\u0430\u0435\u0442 \u0432\u0441\u0435 \u043a\u0440\u0443\u043f\u043d\u044b\u0435 \u0433\u043e\u0440\u043e\u0434\u0430 \u041a\u043e\u0440\u043e\u043b\u0435\u0432\u0441\u0442\u0432\u0430:<br \/>\u0413\u0434\u0435 \u0431\u044b \u0432\u044b \u043d\u0438 \u043d\u0430\u0445\u043e\u0434\u0438\u043b\u0438\u0441\u044c - \u0432 \u0420\u0430\u0431\u0430\u0442\u0435, \u041a\u0430\u0441\u0430\u0431\u043b\u0430\u043d\u043a\u0435, \u0422\u0430\u043d\u0436\u0435\u0440\u0435 \u0438\u043b\u0438 \u041c\u0430\u0440\u0440\u0430\u043a\u0435\u0448\u0435, - \u043b\u0443\u0447\u0448\u0438\u0435 \u043f\u0440\u0435\u0434\u043b\u043e\u0436\u0435\u043d\u0438\u044f \u043d\u0430\u0445\u043e\u0434\u044f\u0442\u0441\u044f \u0432\u0441\u0435\u0433\u043e \u0432 \u043e\u0434\u043d\u043e\u043c \u043a\u043b\u0438\u043a\u0435 \u043e\u0442 \u0432\u0430\u0441.<\/p>\t\t\t\t\t\t\t\t<\/div>\n\t\t\t\t\t<\/div>\n\t\t<\/div>\n\t\t\t\t\t<\/div>\n\t\t<\/section>\n\t\t\t\t<section class=\"elementor-section elementor-top-section elementor-element elementor-element-7ddb0c1 elementor-section-boxed elementor-section-height-default elementor-section-height-default\" data-id=\"7ddb0c1\" data-element_type=\"section\">\n\t\t\t\t\t\t<div class=\"elementor-container elementor-column-gap-default\">\n\t\t\t\t\t<div class=\"elementor-column elementor-col-50 elementor-top-column elementor-element elementor-element-140449d\" data-id=\"140449d\" data-element_type=\"column\">\n\t\t\t<div class=\"elementor-widget-wrap elementor-element-populated\">\n\t\t\t\t\t\t<div class=\"elementor-element elementor-element-7a1f682 elementor-widget elementor-widget-text-editor\" data-id=\"7a1f682\" data-element_type=\"widget\" data-widget_type=\"text-editor.default\">\n\t\t\t\t\t\t\t\t\t<h3>\u041d\u0430\u0448\u0435 \u0432\u0438\u0434\u0435\u043d\u0438\u0435: \u0430\u0432\u0442\u043e\u043c\u043e\u0431\u0438\u043b\u044c\u043d\u043e\u0435 \u0441\u043e\u0432\u0435\u0440\u0448\u0435\u043d\u0441\u0442\u0432\u043e, \u0443\u043f\u0440\u043e\u0449\u0435\u043d\u043d\u043e\u0435.<\/h3><hr \/><p>\u041c\u044b \u0441\u0447\u0438\u0442\u0430\u0435\u043c, \u0447\u0442\u043e \u043f\u043e\u043a\u0443\u043f\u043a\u0430 \u0430\u0432\u0442\u043e\u043c\u043e\u0431\u0438\u043b\u044f, \u0431\u0443\u0434\u044c \u0442\u043e \u043d\u043e\u0432\u044b\u0439 \u0438\u043b\u0438 \u0441\u0435\u0440\u0442\u0438\u0444\u0438\u0446\u0438\u0440\u043e\u0432\u0430\u043d\u043d\u044b\u0439 \u043f\u043e\u0434\u0435\u0440\u0436\u0430\u043d\u043d\u044b\u0439, \u0434\u043e\u043b\u0436\u043d\u0430 \u0431\u044b\u0442\u044c \u043f\u0440\u0438\u044f\u0442\u043d\u044b\u043c \u043c\u043e\u043c\u0435\u043d\u0442\u043e\u043c, \u0430 \u043d\u0435 \u0441\u0442\u0440\u0435\u0441\u0441\u043e\u043c.<br \/>\u0418\u043c\u0435\u043d\u043d\u043e \u043f\u043e\u044d\u0442\u043e\u043c\u0443 \u043c\u044b \u043f\u0440\u0438\u0434\u0435\u0440\u0436\u0438\u0432\u0430\u0435\u043c\u0441\u044f \u0434\u0432\u0443\u0435\u0434\u0438\u043d\u043e\u0433\u043e \u043f\u043e\u0434\u0445\u043e\u0434\u0430: \u0432\u044b\u0431\u043e\u0440 \u0438 \u0434\u043e\u0432\u0435\u0440\u0438\u0435.<\/p><ul><li><p><b>\u041d\u0435\u043f\u0440\u0435\u0432\u0437\u043e\u0439\u0434\u0435\u043d\u043d\u044b\u0439 \u0432\u044b\u0431\u043e\u0440:<\/b> CarMax.ma - \u044d\u0442\u043e \u0431\u043e\u043b\u044c\u0448\u0435, \u0447\u0435\u043c \u043f\u0440\u043e\u0441\u0442\u043e \u0441\u0430\u0439\u0442 \u043e\u0431\u044a\u044f\u0432\u043b\u0435\u043d\u0438\u0439. \u041c\u044b \u044f\u0432\u043b\u044f\u0435\u043c\u0441\u044f \u0446\u0438\u0444\u0440\u043e\u0432\u043e\u0439 \u0432\u0438\u0442\u0440\u0438\u043d\u043e\u0439, \u043a\u043e\u0442\u043e\u0440\u0430\u044f \u043e\u0431\u044a\u0435\u0434\u0438\u043d\u044f\u0435\u0442 <b>\u0448\u0438\u0440\u043e\u043a\u0430\u044f \u0441\u0435\u0442\u044c \u043f\u0430\u0440\u0442\u043d\u0435\u0440\u0441\u043a\u0438\u0445 \u0434\u0438\u043b\u0435\u0440\u043e\u0432<\/b> \u0437\u043d\u0430\u043c\u0435\u043d\u0438\u0442\u044b\u0439. <br \/>\u0411\u043b\u0430\u0433\u043e\u0434\u0430\u0440\u044f \u044d\u0442\u043e\u043c\u0443 \u043f\u0430\u0440\u0442\u043d\u0435\u0440\u0441\u0442\u0432\u0443 \u043c\u044b \u043c\u043e\u0436\u0435\u043c \u043f\u0440\u0435\u0434\u043b\u043e\u0436\u0438\u0442\u044c \u0432\u0430\u043c \u0441\u0430\u043c\u044b\u0439 \u0448\u0438\u0440\u043e\u043a\u0438\u0439 \u043a\u0430\u0442\u0430\u043b\u043e\u0433, \u043e\u0445\u0432\u0430\u0442\u044b\u0432\u0430\u044e\u0449\u0438\u0439 \u0432\u0441\u0435 \u043c\u0430\u0440\u043a\u0438 \u0438 \u0442\u0438\u043f\u044b \u0430\u0432\u0442\u043e\u043c\u043e\u0431\u0438\u043b\u0435\u0439 - \u043e\u0442 \u0433\u043e\u0440\u043e\u0434\u0441\u043a\u0438\u0445 \u043c\u0430\u0448\u0438\u043d \u0434\u043e \u0432\u043d\u0435\u0434\u043e\u0440\u043e\u0436\u043d\u0438\u043a\u043e\u0432, \u043e\u0442 \u0440\u043e\u0441\u043a\u043e\u0448\u043d\u044b\u0445 \u0441\u0435\u0434\u0430\u043d\u043e\u0432 \u0434\u043e \u043a\u043e\u043c\u043c\u0435\u0440\u0447\u0435\u0441\u043a\u043e\u0433\u043e \u0442\u0440\u0430\u043d\u0441\u043f\u043e\u0440\u0442\u0430.<\/p><\/li><li><p><b>\u0414\u043e\u0432\u0435\u0440\u0438\u0435 \u0438 \u0431\u043b\u0438\u0437\u043e\u0441\u0442\u044c:<\/b> \u041a\u0430\u0436\u0434\u044b\u0439 \u0434\u0438\u043b\u0435\u0440 \u043d\u0430 \u043d\u0430\u0448\u0435\u0439 \u043f\u043b\u0430\u0442\u0444\u043e\u0440\u043c\u0435 \u043f\u0440\u043e\u0445\u043e\u0434\u0438\u0442 \u0442\u0449\u0430\u0442\u0435\u043b\u044c\u043d\u044b\u0439 \u043e\u0442\u0431\u043e\u0440 \u043d\u0430 \u043f\u0440\u0435\u0434\u043c\u0435\u0442 \u0435\u0433\u043e \u043f\u0440\u0438\u0432\u0435\u0440\u0436\u0435\u043d\u043d\u043e\u0441\u0442\u0438 \u043a\u0430\u0447\u0435\u0441\u0442\u0432\u0443 \u0438 \u043e\u0431\u0441\u043b\u0443\u0436\u0438\u0432\u0430\u043d\u0438\u044e \u043a\u043b\u0438\u0435\u043d\u0442\u043e\u0432. <br \/>\u0421 \u0441\u0430\u0439\u0442\u0430 <b>\u0420\u0430\u0431\u0430\u0442<\/b> \u00e0 <b>\u041c\u0430\u0440\u0440\u0430\u043a\u0435\u0448<\/b>, \u043f\u043e\u0441\u0440\u0435\u0434\u0441\u0442\u0432\u043e\u043c <b>\u041a\u0430\u0441\u0430\u0431\u043b\u0430\u043d\u043a\u0430<\/b> \u0438 <b>\u0422\u0430\u043d\u0436\u0435\u0440<\/b>, \u041c\u044b \u0441\u043f\u043b\u0435\u0442\u0430\u0435\u043c \u0441\u0435\u0442\u044c \u043d\u0430\u0434\u0435\u0436\u043d\u044b\u0445 \u043f\u0430\u0440\u0442\u043d\u0435\u0440\u043e\u0432, \u0447\u0442\u043e\u0431\u044b \u0433\u0430\u0440\u0430\u043d\u0442\u0438\u0440\u043e\u0432\u0430\u0442\u044c \u0432\u0430\u043c \u043c\u0435\u0441\u0442\u043d\u044b\u0435, \u043f\u0440\u043e\u0437\u0440\u0430\u0447\u043d\u044b\u0435 \u0438 \u0441\u0435\u0440\u0442\u0438\u0444\u0438\u0446\u0438\u0440\u043e\u0432\u0430\u043d\u043d\u044b\u0435 \u043f\u0440\u0435\u0434\u043b\u043e\u0436\u0435\u043d\u0438\u044f.<\/p><\/li><\/ul><h4>\u041d\u0430\u0448\u0438 \u043e\u0431\u044f\u0437\u0430\u0442\u0435\u043b\u044c\u0441\u0442\u0432\u0430 \u043f\u0435\u0440\u0435\u0434 \u0432\u0430\u043c\u0438<\/h4><p>\u0412\u044b\u0431\u0438\u0440\u0430\u044f CarMax.ma, \u0432\u044b \u0432\u044b\u0431\u0438\u0440\u0430\u0435\u0442\u0435 \u043d\u0435\u0447\u0442\u043e \u0431\u043e\u043b\u044c\u0448\u0435\u0435, \u0447\u0435\u043c \u043f\u0440\u043e\u0441\u0442\u043e \u0441\u0434\u0435\u043b\u043a\u0443. <br \/>\u0412\u044b \u0432\u044b\u0431\u0438\u0440\u0430\u0435\u0442\u0435 \u043a\u043e\u043c\u043f\u043b\u0435\u043a\u0441\u043d\u0443\u044e \u043f\u043e\u0434\u0434\u0435\u0440\u0436\u043a\u0443 \u0438 \u043c\u0435\u0441\u0442\u043d\u044b\u0439 \u043e\u043f\u044b\u0442. <br \/>\u041c\u044b \u0433\u043e\u0440\u0434\u0438\u043c\u0441\u044f \u0442\u0435\u043c, \u0447\u0442\u043e \u0432\u043d\u043e\u0441\u0438\u043c \u0441\u0432\u043e\u0439 \u0432\u043a\u043b\u0430\u0434 \u0432 \u0440\u0430\u0437\u0432\u0438\u0442\u0438\u0435 \u043c\u0430\u0440\u043e\u043a\u043a\u0430\u043d\u0441\u043a\u043e\u0433\u043e \u0430\u0432\u0442\u043e\u043c\u043e\u0431\u0438\u043b\u044c\u043d\u043e\u0433\u043e \u0441\u0435\u043a\u0442\u043e\u0440\u0430, \u043f\u0440\u0435\u0434\u043e\u0441\u0442\u0430\u0432\u043b\u044f\u044f \u043f\u043b\u0430\u0442\u0444\u043e\u0440\u043c\u0443, \u0433\u0434\u0435 \u043a\u0430\u0447\u0435\u0441\u0442\u0432\u043e \u0430\u0432\u0442\u043e\u043c\u043e\u0431\u0438\u043b\u0435\u0439 \u0438 \u0443\u0434\u043e\u0432\u043b\u0435\u0442\u0432\u043e\u0440\u0435\u043d\u043d\u043e\u0441\u0442\u044c \u043a\u043b\u0438\u0435\u043d\u0442\u043e\u0432 \u044f\u0432\u043b\u044f\u044e\u0442\u0441\u044f \u0433\u043b\u0430\u0432\u043d\u044b\u043c\u0438 \u043f\u0440\u0438\u043e\u0440\u0438\u0442\u0435\u0442\u0430\u043c\u0438.<\/p><p><b>\u0421 CarMax.ma \u0432\u044b \u043c\u043e\u0436\u0435\u0442\u0435 \u0431\u044b\u0442\u044c \u0443\u0432\u0435\u0440\u0435\u043d\u044b \u0432 \u0442\u043e\u043c, \u0447\u0442\u043e \u043d\u0430\u0439\u0434\u0435\u0442\u0435 \u0441\u0432\u043e\u0439 \u0441\u043b\u0435\u0434\u0443\u044e\u0449\u0438\u0439 \u0430\u0432\u0442\u043e\u043c\u043e\u0431\u0438\u043b\u044c, \u0433\u0434\u0435 \u0431\u044b \u0432\u044b \u043d\u0438 \u043d\u0430\u0445\u043e\u0434\u0438\u043b\u0438\u0441\u044c \u0432 \u041c\u0430\u0440\u043e\u043a\u043a\u043e.<\/b><\/p>\t\t\t\t\t\t\t\t<\/div>\n\t\t\t\t\t<\/div>\n\t\t<\/div>\n\t\t\t\t<div class=\"elementor-column elementor-col-50 elementor-top-column elementor-element elementor-element-075e6ed\" data-id=\"075e6ed\" data-element_type=\"column\">\n\t\t\t<div class=\"elementor-widget-wrap elementor-element-populated\">\n\t\t\t\t\t\t<div class=\"elementor-element elementor-element-a8d0c1a elementor-widget elementor-widget-image\" data-id=\"a8d0c1a\" data-element_type=\"widget\" data-widget_type=\"image.default\">\n\t\t\t\t\t\t\t\t\t\t\t\t\t\t\t<img decoding=\"async\" src=\"https:\/\/motors.stylemixstage.com\/elementor-dealer-one\/wp-content\/uploads\/sites\/27\/2015\/10\/about-us-2.jpg\" title=\"\" alt=\"\" loading=\"lazy\" \/>\t\t\t\t\t\t\t\t\t\t\t\t\t\t\t<\/div>\n\t\t\t\t\t<\/div>\n\t\t<\/div>\n\t\t\t\t\t<\/div>\n\t\t<\/section>\n\t\t\t\t<section class=\"elementor-section elementor-top-section elementor-element elementor-element-2adf9a0 elementor-section-full_width elementor-section-stretched elementor-section-height-default elementor-section-height-default\" data-id=\"2adf9a0\" data-element_type=\"section\" data-settings=\"{&quot;stretch_section&quot;:&quot;section-stretched&quot;,&quot;background_background&quot;:&quot;classic&quot;}\">\n\t\t\t\t\t\t<div class=\"elementor-container elementor-column-gap-default\">\n\t\t\t\t\t<div class=\"elementor-column elementor-col-100 elementor-top-column elementor-element elementor-element-6646619\" data-id=\"6646619\" data-element_type=\"column\">\n\t\t\t<div class=\"elementor-widget-wrap elementor-element-populated\">\n\t\t\t\t\t\t<section class=\"elementor-section elementor-inner-section elementor-element elementor-element-35e942f elementor-section-boxed elementor-section-height-default elementor-section-height-default\" data-id=\"35e942f\" data-element_type=\"section\">\n\t\t\t\t\t\t<div class=\"elementor-container elementor-column-gap-default\">\n\t\t\t\t\t<div class=\"elementor-column elementor-col-100 elementor-inner-column elementor-element elementor-element-cf533b3\" data-id=\"cf533b3\" data-element_type=\"column\">\n\t\t\t<div class=\"elementor-widget-wrap elementor-element-populated\">\n\t\t\t\t\t\t<div class=\"elementor-element elementor-element-fa01240 elementor-widget elementor-widget-heading\" data-id=\"fa01240\" data-element_type=\"widget\" data-widget_type=\"heading.default\">\n\t\t\t\t\t<h2 class=\"elementor-heading-title elementor-size-default\">\u041d\u0410\u0428\u0410 \u041c\u0415\u0414\u0418\u0410\u0413\u0410\u041b\u0415\u0420\u0415\u042f<\/h2>\t\t\t\t<\/div>\n\t\t\t\t<div class=\"elementor-element elementor-element-ea7f7d8 elementor-widget elementor-widget-motors-image-carousel\" data-id=\"ea7f7d8\" data-element_type=\"widget\" data-widget_type=\"motors-image-carousel.default\">\n\t\t\t\t<div class=\"elementor-widget-container\">\n\t\t\t\t\t\t<div class=\"motors-elementor-widget stm_image_carousel swiper-container\" id=\"stm_image_carousel-4541\">\n\t\t<div class=\"swiper-wrapper\">\n\t\t\t\t\t\t\t\t<div class=\"swiper-slide\">\n\t\t\t\t\t\t\t\t\t\t\t\t\t<img decoding=\"async\" src=\"https:\/\/carmax.ma\/wp-content\/uploads\/2022\/09\/01-10-1-1-270x180.jpg\" alt=\"Gallery image\">\n\t\t\t\t\t\t\t\t\t\t\t<\/div>\n\t\t\t\t\t\t\t\t\t\t<div class=\"swiper-slide\">\n\t\t\t\t\t\t\t\t\t\t\t\t\t<img decoding=\"async\" src=\"https:\/\/carmax.ma\/wp-content\/uploads\/2022\/09\/01-7-1-1-1-270x180.jpg\" alt=\"Gallery image\">\n\t\t\t\t\t\t\t\t\t\t\t<\/div>\n\t\t\t\t\t\t\t\t\t\t<div class=\"swiper-slide\">\n\t\t\t\t\t\t\t\t\t\t\t\t\t<img decoding=\"async\" src=\"https:\/\/carmax.ma\/wp-content\/uploads\/2022\/09\/01-6-1-1-1-270x180.jpg\" alt=\"Gallery image\">\n\t\t\t\t\t\t\t\t\t\t\t<\/div>\n\t\t\t\t\t\t\t\t\t\t<div class=\"swiper-slide\">\n\t\t\t\t\t\t\t\t\t\t\t\t\t<img decoding=\"async\" src=\"https:\/\/carmax.ma\/wp-content\/uploads\/2022\/09\/01-5-1-1-270x180.jpg\" alt=\"Gallery image\">\n\t\t\t\t\t\t\t\t\t\t\t<\/div>\n\t\t\t\t\t\t\t\t\t\t<div class=\"swiper-slide\">\n\t\t\t\t\t\t\t\t\t\t\t\t\t<img decoding=\"async\" src=\"https:\/\/carmax.ma\/wp-content\/uploads\/2022\/09\/06-1-1-270x180.jpg\" alt=\"Gallery image\">\n\t\t\t\t\t\t\t\t\t\t\t<\/div>\n\t\t\t\t\t\t\t\t\t\t<div class=\"swiper-slide\">\n\t\t\t\t\t\t\t\t\t\t\t\t\t<img decoding=\"async\" src=\"https:\/\/carmax.ma\/wp-content\/uploads\/2022\/09\/04-12-1-1-270x180.jpg\" alt=\"Gallery image\">\n\t\t\t\t\t\t\t\t\t\t\t<\/div>\n\t\t\t\t\t\t\t\t\t\t<div class=\"swiper-slide\">\n\t\t\t\t\t\t\t\t\t\t\t\t\t<img decoding=\"async\" src=\"https:\/\/carmax.ma\/wp-content\/uploads\/2021\/03\/01-18-1-1-270x180.jpg\" alt=\"Gallery image\">\n\t\t\t\t\t\t\t\t\t\t\t<\/div>\n\t\t\t\t\t\t\t\t\t\t<div class=\"swiper-slide\">\n\t\t\t\t\t\t\t\t\t\t\t\t\t<img decoding=\"async\" src=\"https:\/\/carmax.ma\/wp-content\/uploads\/2021\/03\/01-24-1-1-270x180.jpg\" alt=\"Gallery image\">\n\t\t\t\t\t\t\t\t\t\t\t<\/div>\n\t\t\t\t\t\t\t<\/div>\n\n\t\t\t\t\t<div class=\"stm-swiper-controls\">\n\t\t\t\t\t\t\t\t\t<div class=\"stm-swiper-prev\"><i class=\"fas fa-angle-left\"><\/i><\/div>\n\t\t\t\t\t\t\t\t\t\t\t\t\t<div class=\"swiper-pagination\"><\/div>\n\t\t\t\t\t\t\t\t\t\t\t\t\t<div class=\"stm-swiper-next\"><i class=\"fas fa-angle-right\"><\/i><\/div>\n\t\t\t\t\t\t\t<\/div>\n\t\t\t<\/div>\n\t<script>\n\t( function( $ ) {\n\t\t\"use strict\";\n\t\t\t\t$(window).on('elementor\/frontend\/init', function() {\n\t\t\t\t\tlet swiper = new Swiper('#stm_image_carousel-4541', {\n\t\t\t\t\t\t\t\tloop: true,\n\t\t\t\t\n\t\t\t\t\t\t\t\t\tsimulateTouch: false,\n\t\t\t\t\n\t\t\t\t\n\t\t\t\t\n\t\t\t\t\t\t\t\t\tslidesPerGroup: 1,\n\t\t\t\t\n\t\t\t\tslidesPerView: 1,\n\n\t\t\t\tspaceBetween: 12,\n\n\t\t\t\tcenterInsufficientSlides: true,\n\n\t\t\t\tbreakpoints: {\n\t\t\t\t\t640: {\n\t\t\t\t\t\tslidesPerView: 3,\n\t\t\t\t\t},\n\t\t\t\t\t992: {\n\t\t\t\t\t\tslidesPerView: 4,\n\t\t\t\t\t}\n\t\t\t\t},\n\t\t\t\t\t\t\t\t\tnavigation: {\n\t\t\t\t\t\tnextEl: '.stm-swiper-next',\n\t\t\t\t\t\tprevEl: '.stm-swiper-prev',\n\t\t\t\t\t},\n\t\t\t\t\n\t\t\t\t\t\t\t\t\tpagination: {\n\t\t\t\t\t\tel: '.swiper-pagination',\n\t\t\t\t\t\tclickable: true,\n\t\t\t\t\t},\n\t\t\t\t\t\t\t});\n\n\t\t\t\t\t});\n\t\t\t} ( jQuery ) );\n\t<\/script>\n\t\t\t\t\t<\/div>\n\t\t\t\t<\/div>\n\t\t\t\t\t<\/div>\n\t\t<\/div>\n\t\t\t\t\t<\/div>\n\t\t<\/section>\n\t\t\t\t\t<\/div>\n\t\t<\/div>\n\t\t\t\t\t<\/div>\n\t\t<\/section>\n\t\t\t\t<\/div>","protected":false},"excerpt":{"rendered":"<p>Pourquoi choisir CarMax.ma ? Un Catalogue Immense : Que vous recherchiez une citadine \u00e9conomique, une berline de luxe ou un SUV familial, explorez des milliers d&#8217;annonces de diff\u00e9rents types de v\u00e9hicules en un seul endroit. Les Meilleures Offres en Ligne : Parcourez et comparez les propositions de vendeurs certifi\u00e9s et de concessionnaires fiables, garantissant des&#8230;<\/p>","protected":false},"author":1,"featured_media":0,"parent":0,"menu_order":0,"comment_status":"closed","ping_status":"closed","template":"","meta":{"_bbp_topic_count":0,"_bbp_reply_count":0,"_bbp_total_topic_count":0,"_bbp_total_reply_count":0,"_bbp_voice_count":0,"_bbp_anonymous_reply_count":0,"_bbp_topic_count_hidden":0,"_bbp_reply_count_hidden":0,"_bbp_forum_subforum_count":0,"footnotes":""},"class_list":["post-2067","page","type-page","status-publish","hentry"],"jetpack_sharing_enabled":true,"_links":{"self":[{"href":"https:\/\/carmax.ma\/ru\/wp-json\/wp\/v2\/pages\/2067","targetHints":{"allow":["GET"]}}],"collection":[{"href":"https:\/\/carmax.ma\/ru\/wp-json\/wp\/v2\/pages"}],"about":[{"href":"https:\/\/carmax.ma\/ru\/wp-json\/wp\/v2\/types\/page"}],"author":[{"embeddable":true,"href":"https:\/\/carmax.ma\/ru\/wp-json\/wp\/v2\/users\/1"}],"replies":[{"embeddable":true,"href":"https:\/\/carmax.ma\/ru\/wp-json\/wp\/v2\/comments?post=2067"}],"version-history":[{"count":16,"href":"https:\/\/carmax.ma\/ru\/wp-json\/wp\/v2\/pages\/2067\/revisions"}],"predecessor-version":[{"id":6349,"href":"https:\/\/carmax.ma\/ru\/wp-json\/wp\/v2\/pages\/2067\/revisions\/6349"}],"wp:attachment":[{"href":"https:\/\/carmax.ma\/ru\/wp-json\/wp\/v2\/media?parent=2067"}],"curies":[{"name":"wp","href":"https:\/\/api.w.org\/{rel}","templated":true}]}}