{"id":2085,"date":"2016-04-07T07:55:02","date_gmt":"2016-04-07T07:55:02","guid":{"rendered":"http:\/\/motors-demo.loc\/dealer_two\/?page_id=2085"},"modified":"2025-10-19T13:17:56","modified_gmt":"2025-10-19T13:17:56","slug":"faq","status":"publish","type":"page","link":"https:\/\/carmax.ma\/ru\/faq\/","title":{"rendered":"\u0427\u0410\u0421\u0422\u041e \u0417\u0410\u0414\u0410\u0412\u0410\u0415\u041c\u042b\u0415 \u0412\u041e\u041f\u0420\u041e\u0421\u042b"},"content":{"rendered":"<div data-elementor-type=\"wp-page\" data-elementor-id=\"2085\" class=\"elementor elementor-2085\" data-elementor-settings=\"{&quot;element_pack_global_tooltip_width&quot;:{&quot;unit&quot;:&quot;px&quot;,&quot;size&quot;:&quot;&quot;,&quot;sizes&quot;:[]},&quot;element_pack_global_tooltip_width_tablet&quot;:{&quot;unit&quot;:&quot;px&quot;,&quot;size&quot;:&quot;&quot;,&quot;sizes&quot;:[]},&quot;element_pack_global_tooltip_width_mobile&quot;:{&quot;unit&quot;:&quot;px&quot;,&quot;size&quot;:&quot;&quot;,&quot;sizes&quot;:[]},&quot;element_pack_global_tooltip_padding&quot;:{&quot;unit&quot;:&quot;px&quot;,&quot;top&quot;:&quot;&quot;,&quot;right&quot;:&quot;&quot;,&quot;bottom&quot;:&quot;&quot;,&quot;left&quot;:&quot;&quot;,&quot;isLinked&quot;:true},&quot;element_pack_global_tooltip_padding_tablet&quot;:{&quot;unit&quot;:&quot;px&quot;,&quot;top&quot;:&quot;&quot;,&quot;right&quot;:&quot;&quot;,&quot;bottom&quot;:&quot;&quot;,&quot;left&quot;:&quot;&quot;,&quot;isLinked&quot;:true},&quot;element_pack_global_tooltip_padding_mobile&quot;:{&quot;unit&quot;:&quot;px&quot;,&quot;top&quot;:&quot;&quot;,&quot;right&quot;:&quot;&quot;,&quot;bottom&quot;:&quot;&quot;,&quot;left&quot;:&quot;&quot;,&quot;isLinked&quot;:true},&quot;element_pack_global_tooltip_border_radius&quot;:{&quot;unit&quot;:&quot;px&quot;,&quot;top&quot;:&quot;&quot;,&quot;right&quot;:&quot;&quot;,&quot;bottom&quot;:&quot;&quot;,&quot;left&quot;:&quot;&quot;,&quot;isLinked&quot;:true},&quot;element_pack_global_tooltip_border_radius_tablet&quot;:{&quot;unit&quot;:&quot;px&quot;,&quot;top&quot;:&quot;&quot;,&quot;right&quot;:&quot;&quot;,&quot;bottom&quot;:&quot;&quot;,&quot;left&quot;:&quot;&quot;,&quot;isLinked&quot;:true},&quot;element_pack_global_tooltip_border_radius_mobile&quot;:{&quot;unit&quot;:&quot;px&quot;,&quot;top&quot;:&quot;&quot;,&quot;right&quot;:&quot;&quot;,&quot;bottom&quot;:&quot;&quot;,&quot;left&quot;:&quot;&quot;,&quot;isLinked&quot;:true}}\">\n\t\t\t\t\t\t<section class=\"elementor-section elementor-top-section elementor-element elementor-element-e918e5b elementor-section-boxed elementor-section-height-default elementor-section-height-default\" data-id=\"e918e5b\" data-element_type=\"section\" data-e-type=\"section\">\n\t\t\t\t\t\t<div class=\"elementor-container elementor-column-gap-default\">\n\t\t\t\t\t<div class=\"elementor-column elementor-col-66 elementor-top-column elementor-element elementor-element-db41fc9\" data-id=\"db41fc9\" data-element_type=\"column\" data-e-type=\"column\">\n\t\t\t<div class=\"elementor-widget-wrap elementor-element-populated\">\n\t\t\t\t\t\t<div class=\"elementor-element elementor-element-bff2254 elementor-widget elementor-widget-heading\" data-id=\"bff2254\" data-element_type=\"widget\" data-e-type=\"widget\" data-widget_type=\"heading.default\">\n\t\t\t\t\t<h2 class=\"elementor-heading-title elementor-size-default\">\u0427\u0430\u0441\u0442\u043e \u0437\u0430\u0434\u0430\u0432\u0430\u0435\u043c\u044b\u0435 \u0432\u043e\u043f\u0440\u043e\u0441\u044b (CarMax.ma)<\/h2>\t\t\t\t<\/div>\n\t\t\t\t<div class=\"elementor-element elementor-element-b5b7e90 elementor-widget elementor-widget-accordion\" data-id=\"b5b7e90\" data-element_type=\"widget\" data-e-type=\"widget\" data-widget_type=\"accordion.default\">\n\t\t\t\t\t\t\t<div class=\"elementor-accordion\">\n\t\t\t\t\t\t\t<div class=\"elementor-accordion-item\">\n\t\t\t\t\t<div id=\"elementor-tab-title-1901\" class=\"elementor-tab-title\" data-tab=\"1\" role=\"button\" aria-controls=\"elementor-tab-content-1901\" aria-expanded=\"false\">\n\t\t\t\t\t\t\t\t\t\t\t\t\t<span class=\"elementor-accordion-icon elementor-accordion-icon-left\" aria-hidden=\"true\">\n\t\t\t\t\t\t\t\t\t\t\t\t\t\t\t<span class=\"elementor-accordion-icon-closed\"><svg class=\"e-font-icon-svg e-far-plus-square\" viewbox=\"0 0 448 512\" xmlns=\"http:\/\/www.w3.org\/2000\/svg\"><path d=\"M352 240v32c0 6.6-5.4 12-12 12h-88v88c0 6.6-5.4 12-12 12h-32c-6.6 0-12-5.4-12-12v-88h-88c-6.6 0-12-5.4-12-12v-32c0-6.6 5.4-12 12-12h88v-88c0-6.6 5.4-12 12-12h32c6.6 0 12 5.4 12 12v88h88c6.6 0 12 5.4 12 12zm96-160v352c0 26.5-21.5 48-48 48H48c-26.5 0-48-21.5-48-48V80c0-26.5 21.5-48 48-48h352c26.5 0 48 21.5 48 48zm-48 346V86c0-3.3-2.7-6-6-6H54c-3.3 0-6 2.7-6 6v340c0 3.3 2.7 6 6 6h340c3.3 0 6-2.7 6-6z\"><\/path><\/svg><\/span>\n\t\t\t\t\t\t\t\t<span class=\"elementor-accordion-icon-opened\"><svg class=\"e-font-icon-svg e-far-minus-square\" viewbox=\"0 0 448 512\" xmlns=\"http:\/\/www.w3.org\/2000\/svg\"><path d=\"M108 284c-6.6 0-12-5.4-12-12v-32c0-6.6 5.4-12 12-12h232c6.6 0 12 5.4 12 12v32c0 6.6-5.4 12-12 12H108zM448 80v352c0 26.5-21.5 48-48 48H48c-26.5 0-48-21.5-48-48V80c0-26.5 21.5-48 48-48h352c26.5 0 48 21.5 48 48zm-48 346V86c0-3.3-2.7-6-6-6H54c-3.3 0-6 2.7-6 6v340c0 3.3 2.7 6 6 6h340c3.3 0 6-2.7 6-6z\"><\/path><\/svg><\/span>\n\t\t\t\t\t\t\t\t\t\t\t\t\t\t<\/span>\n\t\t\t\t\t\t\t\t\t\t\t\t<a class=\"elementor-accordion-title\" tabindex=\"0\">\u041a\u0430\u043a CarMax.ma \u0432\u044b\u0431\u0438\u0440\u0430\u0435\u0442 \u0434\u0438\u043b\u0435\u0440\u043e\u0432 \u0438 \u043f\u0440\u0435\u0434\u043b\u043e\u0436\u0435\u043d\u0438\u044f?<\/a>\n\t\t\t\t\t<\/div>\n\t\t\t\t\t<div id=\"elementor-tab-content-1901\" class=\"elementor-tab-content elementor-clearfix\" data-tab=\"1\" role=\"region\" aria-labelledby=\"elementor-tab-title-1901\"><p><img fetchpriority=\"high\" decoding=\"async\" class=\"alignleft wp-image-987\" src=\"https:\/\/motors.stylemixstage.com\/elementor-dealer-one\/wp-content\/uploads\/sites\/27\/2015\/11\/faq-254x169.jpg\" alt=\"\u041a\u0430\u0440\u043c\u0430\u043a\u0441 \u041c\u0430\u0440\u043e\u043a\u043a\u043e\" width=\"285\" height=\"190\" \/><\/p><p>CarMax.ma \u0440\u0430\u0431\u043e\u0442\u0430\u0435\u0442 \u0438\u0441\u043a\u043b\u044e\u0447\u0438\u0442\u0435\u043b\u044c\u043d\u043e \u0441 <b>\u043e\u0444\u0438\u0446\u0438\u0430\u043b\u044c\u043d\u044b\u0435 \u0438 \u0441\u0435\u0440\u0442\u0438\u0444\u0438\u0446\u0438\u0440\u043e\u0432\u0430\u043d\u043d\u044b\u0435 \u0434\u0438\u043b\u0435\u0440\u044b<\/b> \u0432 \u041c\u0430\u0440\u043e\u043a\u043a\u043e. \u041c\u044b \u043f\u0440\u043e\u0432\u0435\u0440\u044f\u0435\u043c \u043b\u0435\u0433\u0430\u043b\u044c\u043d\u043e\u0441\u0442\u044c, \u043f\u043e\u0441\u043b\u0443\u0436\u043d\u043e\u0439 \u0441\u043f\u0438\u0441\u043e\u043a \u0438 \u043f\u0440\u0438\u0432\u0435\u0440\u0436\u0435\u043d\u043d\u043e\u0441\u0442\u044c \u043a\u0430\u0436\u0434\u043e\u0433\u043e \u043f\u0430\u0440\u0442\u043d\u0435\u0440\u0430 \u043a \u043f\u0440\u0435\u0434\u043e\u0441\u0442\u0430\u0432\u043b\u0435\u043d\u0438\u044e \u0432\u044b\u0441\u043e\u043a\u043e\u043a\u0430\u0447\u0435\u0441\u0442\u0432\u0435\u043d\u043d\u044b\u0445 \u0430\u0432\u0442\u043e\u043c\u043e\u0431\u0438\u043b\u0435\u0439 (\u043d\u043e\u0432\u044b\u0445 \u0438\u043b\u0438 \u0441\u0435\u0440\u0442\u0438\u0444\u0438\u0446\u0438\u0440\u043e\u0432\u0430\u043d\u043d\u044b\u0445 \u043f\u0440\u0435\u0434\u043f\u0440\u043e\u0434\u0430\u0436\u043d\u044b\u0445) \u0438 \u043e\u0442\u043b\u0438\u0447\u043d\u043e\u043c\u0443 \u043e\u0431\u0441\u043b\u0443\u0436\u0438\u0432\u0430\u043d\u0438\u044e \u043a\u043b\u0438\u0435\u043d\u0442\u043e\u0432.<\/p><p>\u00a0<\/p><h4>\u00a0<\/h4><\/div>\n\t\t\t\t<\/div>\n\t\t\t\t\t\t\t<div class=\"elementor-accordion-item\">\n\t\t\t\t\t<div id=\"elementor-tab-title-1902\" class=\"elementor-tab-title\" data-tab=\"2\" role=\"button\" aria-controls=\"elementor-tab-content-1902\" aria-expanded=\"false\">\n\t\t\t\t\t\t\t\t\t\t\t\t\t<span class=\"elementor-accordion-icon elementor-accordion-icon-left\" aria-hidden=\"true\">\n\t\t\t\t\t\t\t\t\t\t\t\t\t\t\t<span class=\"elementor-accordion-icon-closed\"><svg class=\"e-font-icon-svg e-far-plus-square\" viewbox=\"0 0 448 512\" xmlns=\"http:\/\/www.w3.org\/2000\/svg\"><path d=\"M352 240v32c0 6.6-5.4 12-12 12h-88v88c0 6.6-5.4 12-12 12h-32c-6.6 0-12-5.4-12-12v-88h-88c-6.6 0-12-5.4-12-12v-32c0-6.6 5.4-12 12-12h88v-88c0-6.6 5.4-12 12-12h32c6.6 0 12 5.4 12 12v88h88c6.6 0 12 5.4 12 12zm96-160v352c0 26.5-21.5 48-48 48H48c-26.5 0-48-21.5-48-48V80c0-26.5 21.5-48 48-48h352c26.5 0 48 21.5 48 48zm-48 346V86c0-3.3-2.7-6-6-6H54c-3.3 0-6 2.7-6 6v340c0 3.3 2.7 6 6 6h340c3.3 0 6-2.7 6-6z\"><\/path><\/svg><\/span>\n\t\t\t\t\t\t\t\t<span class=\"elementor-accordion-icon-opened\"><svg class=\"e-font-icon-svg e-far-minus-square\" viewbox=\"0 0 448 512\" xmlns=\"http:\/\/www.w3.org\/2000\/svg\"><path d=\"M108 284c-6.6 0-12-5.4-12-12v-32c0-6.6 5.4-12 12-12h232c6.6 0 12 5.4 12 12v32c0 6.6-5.4 12-12 12H108zM448 80v352c0 26.5-21.5 48-48 48H48c-26.5 0-48-21.5-48-48V80c0-26.5 21.5-48 48-48h352c26.5 0 48 21.5 48 48zm-48 346V86c0-3.3-2.7-6-6-6H54c-3.3 0-6 2.7-6 6v340c0 3.3 2.7 6 6 6h340c3.3 0 6-2.7 6-6z\"><\/path><\/svg><\/span>\n\t\t\t\t\t\t\t\t\t\t\t\t\t\t<\/span>\n\t\t\t\t\t\t\t\t\t\t\t\t<a class=\"elementor-accordion-title\" tabindex=\"0\">\u041c\u043e\u0433\u0443 \u043b\u0438 \u044f \u043d\u0430\u0439\u0442\u0438 \u043d\u043e\u0432\u044b\u0435 \u0438 \u043f\u043e\u0434\u0435\u0440\u0436\u0430\u043d\u043d\u044b\u0435 \u0430\u0432\u0442\u043e\u043c\u043e\u0431\u0438\u043b\u0438 \u043d\u0430 \u0441\u0430\u0439\u0442\u0435 CarMax.ma?<\/a>\n\t\t\t\t\t<\/div>\n\t\t\t\t\t<div id=\"elementor-tab-content-1902\" class=\"elementor-tab-content elementor-clearfix\" data-tab=\"2\" role=\"region\" aria-labelledby=\"elementor-tab-title-1902\"><p>\u0414\u0430, \u0431\u0435\u0437\u0443\u0441\u043b\u043e\u0432\u043d\u043e. \u041d\u0430\u0448\u0430 \u043f\u043b\u0430\u0442\u0444\u043e\u0440\u043c\u0430 \u0446\u0435\u043d\u0442\u0440\u0430\u043b\u0438\u0437\u0443\u0435\u0442 \u043f\u0440\u0435\u0434\u043b\u043e\u0436\u0435\u043d\u0438\u044f \u043e\u0442 <b>\u043d\u043e\u0432\u044b\u0435 \u0430\u0432\u0442\u043e\u043c\u043e\u0431\u0438\u043b\u0438<\/b> \u043e\u0442 \u043d\u0430\u0448\u0438\u0445 \u043e\u0444\u0438\u0446\u0438\u0430\u043b\u044c\u043d\u044b\u0445 \u0434\u0438\u043b\u0435\u0440\u043e\u0432, \u0430 \u0442\u0430\u043a\u0436\u0435 \u0441\u0442\u0440\u043e\u0433\u0438\u0439 \u043e\u0442\u0431\u043e\u0440 <b>\u0441\u0435\u0440\u0442\u0438\u0444\u0438\u0446\u0438\u0440\u043e\u0432\u0430\u043d\u043d\u044b\u0435 \u043f\u043e\u0434\u0435\u0440\u0436\u0430\u043d\u043d\u044b\u0435 \u0430\u0432\u0442\u043e\u043c\u043e\u0431\u0438\u043b\u0438<\/b> \u0447\u0442\u043e\u0431\u044b \u0433\u0430\u0440\u0430\u043d\u0442\u0438\u0440\u043e\u0432\u0430\u0442\u044c \u0432\u0430\u043c \u0448\u0438\u0440\u043e\u043a\u0438\u0439 \u0432\u044b\u0431\u043e\u0440 \u043c\u0430\u0440\u043e\u043a \u0438 \u043c\u043e\u0434\u0435\u043b\u0435\u0439.<\/p><p>\u00a0<\/p><h4>\u00a0<\/h4><\/div>\n\t\t\t\t<\/div>\n\t\t\t\t\t\t\t<div class=\"elementor-accordion-item\">\n\t\t\t\t\t<div id=\"elementor-tab-title-1903\" class=\"elementor-tab-title\" data-tab=\"3\" role=\"button\" aria-controls=\"elementor-tab-content-1903\" aria-expanded=\"false\">\n\t\t\t\t\t\t\t\t\t\t\t\t\t<span class=\"elementor-accordion-icon elementor-accordion-icon-left\" aria-hidden=\"true\">\n\t\t\t\t\t\t\t\t\t\t\t\t\t\t\t<span class=\"elementor-accordion-icon-closed\"><svg class=\"e-font-icon-svg e-far-plus-square\" viewbox=\"0 0 448 512\" xmlns=\"http:\/\/www.w3.org\/2000\/svg\"><path d=\"M352 240v32c0 6.6-5.4 12-12 12h-88v88c0 6.6-5.4 12-12 12h-32c-6.6 0-12-5.4-12-12v-88h-88c-6.6 0-12-5.4-12-12v-32c0-6.6 5.4-12 12-12h88v-88c0-6.6 5.4-12 12-12h32c6.6 0 12 5.4 12 12v88h88c6.6 0 12 5.4 12 12zm96-160v352c0 26.5-21.5 48-48 48H48c-26.5 0-48-21.5-48-48V80c0-26.5 21.5-48 48-48h352c26.5 0 48 21.5 48 48zm-48 346V86c0-3.3-2.7-6-6-6H54c-3.3 0-6 2.7-6 6v340c0 3.3 2.7 6 6 6h340c3.3 0 6-2.7 6-6z\"><\/path><\/svg><\/span>\n\t\t\t\t\t\t\t\t<span class=\"elementor-accordion-icon-opened\"><svg class=\"e-font-icon-svg e-far-minus-square\" viewbox=\"0 0 448 512\" xmlns=\"http:\/\/www.w3.org\/2000\/svg\"><path d=\"M108 284c-6.6 0-12-5.4-12-12v-32c0-6.6 5.4-12 12-12h232c6.6 0 12 5.4 12 12v32c0 6.6-5.4 12-12 12H108zM448 80v352c0 26.5-21.5 48-48 48H48c-26.5 0-48-21.5-48-48V80c0-26.5 21.5-48 48-48h352c26.5 0 48 21.5 48 48zm-48 346V86c0-3.3-2.7-6-6-6H54c-3.3 0-6 2.7-6 6v340c0 3.3 2.7 6 6 6h340c3.3 0 6-2.7 6-6z\"><\/path><\/svg><\/span>\n\t\t\t\t\t\t\t\t\t\t\t\t\t\t<\/span>\n\t\t\t\t\t\t\t\t\t\t\t\t<a class=\"elementor-accordion-title\" tabindex=\"0\">\u042f\u0432\u043b\u044f\u044e\u0442\u0441\u044f \u043b\u0438 \u0446\u0435\u043d\u044b, \u043f\u0440\u0435\u0434\u0441\u0442\u0430\u0432\u043b\u0435\u043d\u043d\u044b\u0435 \u043d\u0430 \u0441\u0430\u0439\u0442\u0435 CarMax.ma, \u043f\u0440\u0435\u0434\u043c\u0435\u0442\u043e\u043c \u043f\u0435\u0440\u0435\u0433\u043e\u0432\u043e\u0440\u043e\u0432?<\/a>\n\t\t\t\t\t<\/div>\n\t\t\t\t\t<div id=\"elementor-tab-content-1903\" class=\"elementor-tab-content elementor-clearfix\" data-tab=\"3\" role=\"region\" aria-labelledby=\"elementor-tab-title-1903\"><p><img decoding=\"async\" class=\"alignleft wp-image-987\" src=\"https:\/\/motors.stylemixstage.com\/elementor-dealer-one\/wp-content\/uploads\/sites\/27\/2015\/11\/faq-254x169.jpg\" alt=\"\u0414\u0435\u0448\u0435\u0432\u044b\u0435 \u0446\u0435\u043d\u044b \u043d\u0430 \u043d\u043e\u0432\u044b\u0435 \u0430\u0432\u0442\u043e\u043c\u043e\u0431\u0438\u043b\u0438 \u041c\u0430\u0440\u043e\u043a\u043a\u043e\" width=\"285\" height=\"190\" \/><\/p><p>\u0426\u0435\u043d\u044b \u043d\u0430 \u043d\u043e\u0432\u044b\u0435 \u0430\u0432\u0442\u043e\u043c\u043e\u0431\u0438\u043b\u0438 \u043e\u0431\u044b\u0447\u043d\u043e \u0443\u0441\u0442\u0430\u043d\u0430\u0432\u043b\u0438\u0432\u0430\u044e\u0442\u0441\u044f \u0434\u0438\u043b\u0435\u0440\u0430\u043c\u0438-\u043f\u0430\u0440\u0442\u043d\u0435\u0440\u0430\u043c\u0438. \u0414\u043b\u044f \u043f\u043e\u0434\u0435\u0440\u0436\u0430\u043d\u043d\u044b\u0445 \u0430\u0432\u0442\u043e\u043c\u043e\u0431\u0438\u043b\u0435\u0439 <b>\u043f\u0435\u0440\u0435\u0433\u043e\u0432\u043e\u0440\u043d\u0430\u044f \u043c\u0430\u0440\u0436\u0430<\/b> \u043c\u043e\u0433\u0443\u0442 \u0441\u0443\u0449\u0435\u0441\u0442\u0432\u043e\u0432\u0430\u0442\u044c \u0432 \u0437\u0430\u0432\u0438\u0441\u0438\u043c\u043e\u0441\u0442\u0438 \u043e\u0442 \u0434\u0438\u043b\u0435\u0440\u0430 \u0438 \u0441\u043e\u0441\u0442\u043e\u044f\u043d\u0438\u044f \u0430\u0432\u0442\u043e\u043c\u043e\u0431\u0438\u043b\u044f. \u041c\u044b \u0440\u0435\u043a\u043e\u043c\u0435\u043d\u0434\u0443\u0435\u043c \u0432\u0430\u043c \u0441\u0432\u044f\u0437\u0430\u0442\u044c\u0441\u044f \u0441 \u0434\u0438\u043b\u0435\u0440\u043e\u043c \u043d\u0430\u043f\u0440\u044f\u043c\u0443\u044e \u0447\u0435\u0440\u0435\u0437 \u043d\u0430\u0448 \u0441\u0430\u0439\u0442, \u0447\u0442\u043e\u0431\u044b \u043e\u0431\u0441\u0443\u0434\u0438\u0442\u044c \u043b\u0443\u0447\u0448\u0438\u0435 \u043f\u0440\u0435\u0434\u043b\u043e\u0436\u0435\u043d\u0438\u044f.<\/p><\/div>\n\t\t\t\t<\/div>\n\t\t\t\t\t\t\t<div class=\"elementor-accordion-item\">\n\t\t\t\t\t<div id=\"elementor-tab-title-1904\" class=\"elementor-tab-title\" data-tab=\"4\" role=\"button\" aria-controls=\"elementor-tab-content-1904\" aria-expanded=\"false\">\n\t\t\t\t\t\t\t\t\t\t\t\t\t<span class=\"elementor-accordion-icon elementor-accordion-icon-left\" aria-hidden=\"true\">\n\t\t\t\t\t\t\t\t\t\t\t\t\t\t\t<span class=\"elementor-accordion-icon-closed\"><svg class=\"e-font-icon-svg e-far-plus-square\" viewbox=\"0 0 448 512\" xmlns=\"http:\/\/www.w3.org\/2000\/svg\"><path d=\"M352 240v32c0 6.6-5.4 12-12 12h-88v88c0 6.6-5.4 12-12 12h-32c-6.6 0-12-5.4-12-12v-88h-88c-6.6 0-12-5.4-12-12v-32c0-6.6 5.4-12 12-12h88v-88c0-6.6 5.4-12 12-12h32c6.6 0 12 5.4 12 12v88h88c6.6 0 12 5.4 12 12zm96-160v352c0 26.5-21.5 48-48 48H48c-26.5 0-48-21.5-48-48V80c0-26.5 21.5-48 48-48h352c26.5 0 48 21.5 48 48zm-48 346V86c0-3.3-2.7-6-6-6H54c-3.3 0-6 2.7-6 6v340c0 3.3 2.7 6 6 6h340c3.3 0 6-2.7 6-6z\"><\/path><\/svg><\/span>\n\t\t\t\t\t\t\t\t<span class=\"elementor-accordion-icon-opened\"><svg class=\"e-font-icon-svg e-far-minus-square\" viewbox=\"0 0 448 512\" xmlns=\"http:\/\/www.w3.org\/2000\/svg\"><path d=\"M108 284c-6.6 0-12-5.4-12-12v-32c0-6.6 5.4-12 12-12h232c6.6 0 12 5.4 12 12v32c0 6.6-5.4 12-12 12H108zM448 80v352c0 26.5-21.5 48-48 48H48c-26.5 0-48-21.5-48-48V80c0-26.5 21.5-48 48-48h352c26.5 0 48 21.5 48 48zm-48 346V86c0-3.3-2.7-6-6-6H54c-3.3 0-6 2.7-6 6v340c0 3.3 2.7 6 6 6h340c3.3 0 6-2.7 6-6z\"><\/path><\/svg><\/span>\n\t\t\t\t\t\t\t\t\t\t\t\t\t\t<\/span>\n\t\t\t\t\t\t\t\t\t\t\t\t<a class=\"elementor-accordion-title\" tabindex=\"0\">\u0415\u0441\u0442\u044c \u043b\u0438 CarMax.ma \u0432 \u043c\u043e\u0435\u043c \u0433\u043e\u0440\u043e\u0434\u0435 (\u0420\u0430\u0431\u0430\u0442, \u041a\u0430\u0441\u0430\u0431\u043b\u0430\u043d\u043a\u0430, \u0422\u0430\u043d\u0436\u0435\u0440, \u041c\u0430\u0440\u0440\u0430\u043a\u0435\u0448)?<\/a>\n\t\t\t\t\t<\/div>\n\t\t\t\t\t<div id=\"elementor-tab-content-1904\" class=\"elementor-tab-content elementor-clearfix\" data-tab=\"4\" role=\"region\" aria-labelledby=\"elementor-tab-title-1904\"><p>\u0414\u0430. CarMax.ma - \u044d\u0442\u043e \u043d\u0430\u0446\u0438\u043e\u043d\u0430\u043b\u044c\u043d\u0430\u044f \u043f\u043b\u0430\u0442\u0444\u043e\u0440\u043c\u0430 \u0441 \u0441\u0438\u043b\u044c\u043d\u044b\u043c \u043f\u0440\u0438\u0441\u0443\u0442\u0441\u0442\u0432\u0438\u0435\u043c \u0432 \u043a\u0440\u0443\u043f\u043d\u044b\u0445 \u0433\u043e\u0440\u043e\u0434\u0430\u0445. \u0421\u0435\u0442\u044c \u043d\u0430\u0448\u0438\u0445 \u0434\u0438\u043b\u0435\u0440\u043e\u0432-\u043f\u0430\u0440\u0442\u043d\u0435\u0440\u043e\u0432 \u043f\u0440\u043e\u0441\u0442\u0438\u0440\u0430\u0435\u0442\u0441\u044f \u043e\u0442 <b>\u0420\u0430\u0431\u0430\u0442, \u041a\u0430\u0441\u0430\u0431\u043b\u0430\u043d\u043a\u0430, \u0422\u0430\u043d\u0436\u0435\u0440 - \u041c\u0430\u0440\u0440\u0430\u043a\u0435\u0448<\/b>, \u0412\u044b \u0441\u043c\u043e\u0436\u0435\u0442\u0435 \u043d\u0430\u0439\u0442\u0438 \u043f\u0440\u0435\u0434\u043b\u043e\u0436\u0435\u043d\u0438\u044f \u043f\u043e\u0431\u043b\u0438\u0437\u043e\u0441\u0442\u0438 \u043e\u0442 \u043c\u0435\u0441\u0442\u0430 \u0432\u0430\u0448\u0435\u0433\u043e \u043f\u0440\u043e\u0436\u0438\u0432\u0430\u043d\u0438\u044f.<\/p><p>\u00a0<\/p><h3>\u00a0<\/h3><\/div>\n\t\t\t\t<\/div>\n\t\t\t\t\t\t\t\t<\/div>\n\t\t\t\t\t\t<\/div>\n\t\t\t\t\t<\/div>\n\t\t<\/div>\n\t\t\t\t<div class=\"elementor-column elementor-col-33 elementor-top-column elementor-element elementor-element-38983ca\" data-id=\"38983ca\" data-element_type=\"column\" data-e-type=\"column\">\n\t\t\t<div class=\"elementor-widget-wrap elementor-element-populated\">\n\t\t\t\t\t\t<div class=\"elementor-element elementor-element-29e0ad4 elementor-hidden-tablet elementor-hidden-mobile elementor-widget elementor-widget-heading\" data-id=\"29e0ad4\" data-element_type=\"widget\" data-e-type=\"widget\" data-widget_type=\"heading.default\">\n\t\t\t\t\t<h4 class=\"elementor-heading-title elementor-size-default\">\u0410\u0434\u043c\u0438\u043d\u0438\u0441\u0442\u0440\u0430\u0442\u0438\u0432\u043d\u044b\u0435 \u043f\u0440\u043e\u0446\u0435\u0434\u0443\u0440\u044b \u0438 \u0437\u0430\u043a\u043e\u043d\u043d\u043e\u0441\u0442\u044c<\/h4>\t\t\t\t<\/div>\n\t\t\t\t<div class=\"elementor-element elementor-element-486d94d elementor-widget elementor-widget-motors-single-listing-contact-info\" data-id=\"486d94d\" data-element_type=\"widget\" data-e-type=\"widget\" data-widget_type=\"motors-single-listing-contact-info.default\">\n\t\t\t\t<div class=\"elementor-widget-container\">\n\t\t\t\t\t<div class=\"contact-info-wrap\">\n\t<div class=\"title_wrap\">\n\t\t<svg aria-hidden=\"true\" class=\"e-font-icon-svg e-fas-address-book\" viewbox=\"0 0 448 512\" xmlns=\"http:\/\/www.w3.org\/2000\/svg\"><path d=\"M436 160c6.6 0 12-5.4 12-12v-40c0-6.6-5.4-12-12-12h-20V48c0-26.5-21.5-48-48-48H48C21.5 0 0 21.5 0 48v416c0 26.5 21.5 48 48 48h320c26.5 0 48-21.5 48-48v-48h20c6.6 0 12-5.4 12-12v-40c0-6.6-5.4-12-12-12h-20v-64h20c6.6 0 12-5.4 12-12v-40c0-6.6-5.4-12-12-12h-20v-64h20zm-228-32c35.3 0 64 28.7 64 64s-28.7 64-64 64-64-28.7-64-64 28.7-64 64-64zm112 236.8c0 10.6-10 19.2-22.4 19.2H118.4C106 384 96 375.4 96 364.8v-19.2c0-31.8 30.1-57.6 67.2-57.6h5c12.3 5.1 25.7 8 39.8 8s27.6-2.9 39.8-8h5c37.1 0 67.2 25.8 67.2 57.6v19.2z\"><\/path><\/svg>\t\t<h5 class=\"title\">\u0423\u0441\u043b\u0443\u0433\u0438 \u0438 \u043f\u043e\u0434\u0434\u0435\u0440\u0436\u043a\u0430<\/h5>\n\t<\/div>\n\t<div class=\"contact-desc\">\n\t\tLorem Ipsum \u044f\u0432\u043b\u044f\u0435\u0442\u0441\u044f \u0441\u0442\u0430\u043d\u0434\u0430\u0440\u0442\u043d\u044b\u043c \u0444\u0438\u043a\u0442\u0438\u0432\u043d\u044b\u043c \u0442\u0435\u043a\u0441\u0442\u043e\u043c \u0432 \u0438\u043d\u0434\u0443\u0441\u0442\u0440\u0438\u0438 \u0441 1500-\u0445 \u0433\u043e\u0434\u043e\u0432, \u043a\u043e\u0433\u0434\u0430 \u043d\u0435\u0438\u0437\u0432\u0435\u0441\u0442\u043d\u044b\u0439 \u043f\u0435\u0447\u0430\u0442\u043d\u0438\u043a \u0432\u0437\u044f\u043b \u0433\u0430\u043b\u0435\u0440\u0443 \u0441 \u043d\u0430\u0431\u0440\u0430\u043d\u043d\u044b\u043c \u0448\u0440\u0438\u0444\u0442\u043e\u043c \u0438 \u043e\u0442\u0441\u043a\u0430\u043d\u0438\u0440\u043e\u0432\u0430\u043b \u0435\u0435, \u0447\u0442\u043e\u0431\u044b \u0441\u0434\u0435\u043b\u0430\u0442\u044c \u043a\u043d\u0438\u0433\u0443 \u043e\u0431\u0440\u0430\u0437\u0446\u043e\u0432 \u0448\u0440\u0438\u0444\u0442\u043e\u0432.\t<\/div>\n\t<div class=\"info-list-wrap\">\n\t\t<div class=\"info-item\"><i class=\"motors-icons-phone\"><\/i><div class=\"info-data\"><span class=\"item-title\">\u0422\u0435\u043b\u0435\u0444\u043e\u043d<\/span><span class=\"item-value\">123-456-7890<\/span><\/div><\/div><div class=\"info-item\"><i class=\"stmicon- stm-icon-mail\"><\/i><div class=\"info-data\"><span class=\"item-title\">\u042d\u043b\u0435\u043a\u0442\u0440\u043e\u043d\u043d\u0430\u044f \u043f\u043e\u0447\u0442\u0430<\/span><span class=\"item-value\">dealership@mail.coom<\/span><\/div><\/div>\t<\/div>\n<\/div>\n\t\t\t\t<\/div>\n\t\t\t\t<\/div>\n\t\t\t\t\t<\/div>\n\t\t<\/div>\n\t\t\t\t\t<\/div>\n\t\t<\/section>\n\t\t\t\t<\/div>","protected":false},"excerpt":{"rendered":"<p>Foire Aux Questions (CarMax.ma) Comment CarMax.ma s\u00e9lectionne-t-il ses concessionnaires et ses offres ? CarMax.ma travaille uniquement avec des concessionnaires agr\u00e9\u00e9s et certifi\u00e9s au Maroc. Nous v\u00e9rifions la l\u00e9galit\u00e9, l&#8217;historique et l&#8217;engagement de chaque partenaire \u00e0 fournir des v\u00e9hicules de haute qualit\u00e9 (neufs ou d&#8217;occasion certifi\u00e9e) ainsi qu&#8217;un excellent service client. \u00a0 \u00a0 Puis-je trouver des&#8230;<\/p>","protected":false},"author":1,"featured_media":0,"parent":0,"menu_order":0,"comment_status":"closed","ping_status":"closed","template":"","meta":{"_bbp_topic_count":0,"_bbp_reply_count":0,"_bbp_total_topic_count":0,"_bbp_total_reply_count":0,"_bbp_voice_count":0,"_bbp_anonymous_reply_count":0,"_bbp_topic_count_hidden":0,"_bbp_reply_count_hidden":0,"_bbp_forum_subforum_count":0,"footnotes":""},"class_list":["post-2085","page","type-page","status-publish","hentry"],"jetpack_sharing_enabled":true,"_links":{"self":[{"href":"https:\/\/carmax.ma\/ru\/wp-json\/wp\/v2\/pages\/2085","targetHints":{"allow":["GET"]}}],"collection":[{"href":"https:\/\/carmax.ma\/ru\/wp-json\/wp\/v2\/pages"}],"about":[{"href":"https:\/\/carmax.ma\/ru\/wp-json\/wp\/v2\/types\/page"}],"author":[{"embeddable":true,"href":"https:\/\/carmax.ma\/ru\/wp-json\/wp\/v2\/users\/1"}],"replies":[{"embeddable":true,"href":"https:\/\/carmax.ma\/ru\/wp-json\/wp\/v2\/comments?post=2085"}],"version-history":[{"count":6,"href":"https:\/\/carmax.ma\/ru\/wp-json\/wp\/v2\/pages\/2085\/revisions"}],"predecessor-version":[{"id":6367,"href":"https:\/\/carmax.ma\/ru\/wp-json\/wp\/v2\/pages\/2085\/revisions\/6367"}],"wp:attachment":[{"href":"https:\/\/carmax.ma\/ru\/wp-json\/wp\/v2\/media?parent=2085"}],"curies":[{"name":"wp","href":"https:\/\/api.w.org\/{rel}","templated":true}]}}